{"id":21088,"date":"2023-04-27T12:03:32","date_gmt":"2023-04-27T12:03:32","guid":{"rendered":"https:\/\/itsskinbeauty.eu\/producto\/retinoidin-serum\/"},"modified":"2023-05-09T10:32:11","modified_gmt":"2023-05-09T10:32:11","slug":"retinoidin-serum","status":"publish","type":"product","link":"https:\/\/itsskinbeauty.eu\/pt-pt\/producto\/retinoidin-serum\/","title":{"rendered":"S\u00e9rum De Reten\u00f3ide"},"content":{"rendered":"<h4>Como utilizar<\/h4>\n<p>Aplicar uma quantidade adequada de produto na m\u00e3o e massajar suavemente sobre o rosto e pesco\u00e7o com movimentos circulares ligeiros.<\/p>\n<p><\/p>\n<h4>Ingredientes<\/h4>\n<p>Water (Aqua), Caprylic\/ Capric Triglyceride, Glycerin, Butylene Glycol, Polysorbate 60, Cetearyl Alcohol, Hydrogenated Polyisobutene, Methyl Glucose Sesquistearate, Propanediol, Glyceryl Stearate, Tocopheryl Acetate, Stearic Acid, Squalane, Glyceryl Capry Late, Ethylhexylglycerin, Niacinamide, Polyacrylamide, C13-14 Isoparaffin, Adenosine, Carbomer, Caramel, Trome Thamine, Xanthan Gum, Laureth-7, Disodium Edta, Macadamia Ternifolia Seed Oil, Alcohol, 1,2-Hexanediol Hydrogenated Lecithin, Polysorbate 20, Retinol, Brassica Campestris (Rapeseed) Sterols, Ceramide Np, Yellow 5 (Ci 19140), Cholesterol, Ceteth-3, Ceteth-5, Cucumissativus (Cucumber) Fruit Extract, Aluminum\/Magnesium Hydroxide Stearate, Potassium Cetyl Phosphate, Sodium Hyaluronate Crosspolymer, Hydrolyzed Hyaluronic Acid, Sodium Hyaluronate, Arnica Montana Flower Extract, Hedera Helix (Ivy) Extract, Malva Sylvestris (Mallow) Flower Extract, Sambucus Nigra Flower Extract, Vitis Vinifera (Grape) Fruit Extract, Chitosan, Caprylyl Glycol, Acetyl Hexapeptide-8, Hyaluronic Acid <\/p>\n","protected":false},"excerpt":{"rendered":"<p>S\u00e9rum de<br \/>\n  melhoramento de rugas contendo retinol e ingredientes hidratantes que<br \/>\n  suavizam e firmam a pele.<\/p>\n","protected":false},"featured_media":20833,"comment_status":"closed","ping_status":"closed","template":"","meta":[],"product_brand":[],"product_cat":[673,668],"product_tag":[],"class_list":{"0":"post-21088","1":"product","2":"type-product","3":"status-publish","4":"has-post-thumbnail","6":"product_cat-retinoidin-pt-pt","7":"product_cat-serum-pt-pt","9":"first","10":"instock","11":"shipping-taxable","12":"purchasable","13":"product-type-simple"},"yoast_head":"<!-- This site is optimized with the Yoast SEO plugin v27.2 - https:\/\/yoast.com\/product\/yoast-seo-wordpress\/ -->\n<title>S\u00e9rum De Reten\u00f3ide - Its Skin<\/title>\n<meta name=\"robots\" content=\"index, follow, max-snippet:-1, max-image-preview:large, max-video-preview:-1\" \/>\n<link rel=\"canonical\" href=\"https:\/\/itsskinbeauty.eu\/pt-pt\/producto\/retinoidin-serum\/\" \/>\n<meta property=\"og:locale\" content=\"pt_PT\" \/>\n<meta property=\"og:type\" content=\"article\" \/>\n<meta property=\"og:title\" content=\"S\u00e9rum De Reten\u00f3ide - Its Skin\" \/>\n<meta property=\"og:description\" content=\"S\u00e9rum de  melhoramento de rugas contendo retinol e ingredientes hidratantes que  suavizam e firmam a pele.\" \/>\n<meta property=\"og:url\" content=\"https:\/\/itsskinbeauty.eu\/pt-pt\/producto\/retinoidin-serum\/\" \/>\n<meta property=\"og:site_name\" content=\"Its Skin\" \/>\n<meta property=\"article:modified_time\" content=\"2023-05-09T10:32:11+00:00\" \/>\n<meta property=\"og:image\" content=\"http:\/\/ITS002_8809663574833.jpg\" \/>\n<meta name=\"twitter:card\" content=\"summary_large_image\" \/>\n<meta name=\"twitter:label1\" content=\"Tempo estimado de leitura\" \/>\n\t<meta name=\"twitter:data1\" content=\"1 minuto\" \/>\n<script type=\"application\/ld+json\" class=\"yoast-schema-graph\">{\"@context\":\"https:\/\/schema.org\",\"@graph\":[{\"@type\":\"WebPage\",\"@id\":\"https:\/\/itsskinbeauty.eu\/pt-pt\/producto\/retinoidin-serum\/\",\"url\":\"https:\/\/itsskinbeauty.eu\/pt-pt\/producto\/retinoidin-serum\/\",\"name\":\"S\u00e9rum De Reten\u00f3ide - Its Skin\",\"isPartOf\":{\"@id\":\"https:\/\/itsskinbeauty.eu\/pt-pt\/#website\"},\"primaryImageOfPage\":{\"@id\":\"https:\/\/itsskinbeauty.eu\/pt-pt\/producto\/retinoidin-serum\/#primaryimage\"},\"image\":{\"@id\":\"https:\/\/itsskinbeauty.eu\/pt-pt\/producto\/retinoidin-serum\/#primaryimage\"},\"thumbnailUrl\":\"https:\/\/itsskinbeauty.eu\/wp-content\/uploads\/2023\/04\/ITS002_8809663574833.jpg\",\"datePublished\":\"2023-04-27T12:03:32+00:00\",\"dateModified\":\"2023-05-09T10:32:11+00:00\",\"breadcrumb\":{\"@id\":\"https:\/\/itsskinbeauty.eu\/pt-pt\/producto\/retinoidin-serum\/#breadcrumb\"},\"inLanguage\":\"pt-PT\",\"potentialAction\":[{\"@type\":\"ReadAction\",\"target\":[\"https:\/\/itsskinbeauty.eu\/pt-pt\/producto\/retinoidin-serum\/\"]}]},{\"@type\":\"ImageObject\",\"inLanguage\":\"pt-PT\",\"@id\":\"https:\/\/itsskinbeauty.eu\/pt-pt\/producto\/retinoidin-serum\/#primaryimage\",\"url\":\"https:\/\/itsskinbeauty.eu\/wp-content\/uploads\/2023\/04\/ITS002_8809663574833.jpg\",\"contentUrl\":\"https:\/\/itsskinbeauty.eu\/wp-content\/uploads\/2023\/04\/ITS002_8809663574833.jpg\",\"width\":800,\"height\":800},{\"@type\":\"BreadcrumbList\",\"@id\":\"https:\/\/itsskinbeauty.eu\/pt-pt\/producto\/retinoidin-serum\/#breadcrumb\",\"itemListElement\":[{\"@type\":\"ListItem\",\"position\":1,\"name\":\"Portada\",\"item\":\"https:\/\/itsskinbeauty.eu\/pt-pt\/\"},{\"@type\":\"ListItem\",\"position\":2,\"name\":\"Tienda\",\"item\":\"https:\/\/itsskinbeauty.eu\/tienda\/\"},{\"@type\":\"ListItem\",\"position\":3,\"name\":\"S\u00e9rum De Reten\u00f3ide\"}]},{\"@type\":\"WebSite\",\"@id\":\"https:\/\/itsskinbeauty.eu\/pt-pt\/#website\",\"url\":\"https:\/\/itsskinbeauty.eu\/pt-pt\/\",\"name\":\"Its Skin\",\"description\":\"Its Skin Europe\",\"potentialAction\":[{\"@type\":\"SearchAction\",\"target\":{\"@type\":\"EntryPoint\",\"urlTemplate\":\"https:\/\/itsskinbeauty.eu\/pt-pt\/?s={search_term_string}\"},\"query-input\":{\"@type\":\"PropertyValueSpecification\",\"valueRequired\":true,\"valueName\":\"search_term_string\"}}],\"inLanguage\":\"pt-PT\"}]}<\/script>\n<!-- \/ Yoast SEO plugin. -->","yoast_head_json":{"title":"S\u00e9rum De Reten\u00f3ide - Its Skin","robots":{"index":"index","follow":"follow","max-snippet":"max-snippet:-1","max-image-preview":"max-image-preview:large","max-video-preview":"max-video-preview:-1"},"canonical":"https:\/\/itsskinbeauty.eu\/pt-pt\/producto\/retinoidin-serum\/","og_locale":"pt_PT","og_type":"article","og_title":"S\u00e9rum De Reten\u00f3ide - Its Skin","og_description":"S\u00e9rum de  melhoramento de rugas contendo retinol e ingredientes hidratantes que  suavizam e firmam a pele.","og_url":"https:\/\/itsskinbeauty.eu\/pt-pt\/producto\/retinoidin-serum\/","og_site_name":"Its Skin","article_modified_time":"2023-05-09T10:32:11+00:00","og_image":[{"url":"ITS002_8809663574833.jpg","type":"","width":"","height":""}],"twitter_card":"summary_large_image","twitter_misc":{"Tempo estimado de leitura":"1 minuto"},"schema":{"@context":"https:\/\/schema.org","@graph":[{"@type":"WebPage","@id":"https:\/\/itsskinbeauty.eu\/pt-pt\/producto\/retinoidin-serum\/","url":"https:\/\/itsskinbeauty.eu\/pt-pt\/producto\/retinoidin-serum\/","name":"S\u00e9rum De Reten\u00f3ide - Its Skin","isPartOf":{"@id":"https:\/\/itsskinbeauty.eu\/pt-pt\/#website"},"primaryImageOfPage":{"@id":"https:\/\/itsskinbeauty.eu\/pt-pt\/producto\/retinoidin-serum\/#primaryimage"},"image":{"@id":"https:\/\/itsskinbeauty.eu\/pt-pt\/producto\/retinoidin-serum\/#primaryimage"},"thumbnailUrl":"https:\/\/itsskinbeauty.eu\/wp-content\/uploads\/2023\/04\/ITS002_8809663574833.jpg","datePublished":"2023-04-27T12:03:32+00:00","dateModified":"2023-05-09T10:32:11+00:00","breadcrumb":{"@id":"https:\/\/itsskinbeauty.eu\/pt-pt\/producto\/retinoidin-serum\/#breadcrumb"},"inLanguage":"pt-PT","potentialAction":[{"@type":"ReadAction","target":["https:\/\/itsskinbeauty.eu\/pt-pt\/producto\/retinoidin-serum\/"]}]},{"@type":"ImageObject","inLanguage":"pt-PT","@id":"https:\/\/itsskinbeauty.eu\/pt-pt\/producto\/retinoidin-serum\/#primaryimage","url":"https:\/\/itsskinbeauty.eu\/wp-content\/uploads\/2023\/04\/ITS002_8809663574833.jpg","contentUrl":"https:\/\/itsskinbeauty.eu\/wp-content\/uploads\/2023\/04\/ITS002_8809663574833.jpg","width":800,"height":800},{"@type":"BreadcrumbList","@id":"https:\/\/itsskinbeauty.eu\/pt-pt\/producto\/retinoidin-serum\/#breadcrumb","itemListElement":[{"@type":"ListItem","position":1,"name":"Portada","item":"https:\/\/itsskinbeauty.eu\/pt-pt\/"},{"@type":"ListItem","position":2,"name":"Tienda","item":"https:\/\/itsskinbeauty.eu\/tienda\/"},{"@type":"ListItem","position":3,"name":"S\u00e9rum De Reten\u00f3ide"}]},{"@type":"WebSite","@id":"https:\/\/itsskinbeauty.eu\/pt-pt\/#website","url":"https:\/\/itsskinbeauty.eu\/pt-pt\/","name":"Its Skin","description":"Its Skin Europe","potentialAction":[{"@type":"SearchAction","target":{"@type":"EntryPoint","urlTemplate":"https:\/\/itsskinbeauty.eu\/pt-pt\/?s={search_term_string}"},"query-input":{"@type":"PropertyValueSpecification","valueRequired":true,"valueName":"search_term_string"}}],"inLanguage":"pt-PT"}]}},"_links":{"self":[{"href":"https:\/\/itsskinbeauty.eu\/pt-pt\/wp-json\/wp\/v2\/product\/21088","targetHints":{"allow":["GET"]}}],"collection":[{"href":"https:\/\/itsskinbeauty.eu\/pt-pt\/wp-json\/wp\/v2\/product"}],"about":[{"href":"https:\/\/itsskinbeauty.eu\/pt-pt\/wp-json\/wp\/v2\/types\/product"}],"replies":[{"embeddable":true,"href":"https:\/\/itsskinbeauty.eu\/pt-pt\/wp-json\/wp\/v2\/comments?post=21088"}],"wp:featuredmedia":[{"embeddable":true,"href":"https:\/\/itsskinbeauty.eu\/pt-pt\/wp-json\/wp\/v2\/media\/20833"}],"wp:attachment":[{"href":"https:\/\/itsskinbeauty.eu\/pt-pt\/wp-json\/wp\/v2\/media?parent=21088"}],"wp:term":[{"taxonomy":"product_brand","embeddable":true,"href":"https:\/\/itsskinbeauty.eu\/pt-pt\/wp-json\/wp\/v2\/product_brand?post=21088"},{"taxonomy":"product_cat","embeddable":true,"href":"https:\/\/itsskinbeauty.eu\/pt-pt\/wp-json\/wp\/v2\/product_cat?post=21088"},{"taxonomy":"product_tag","embeddable":true,"href":"https:\/\/itsskinbeauty.eu\/pt-pt\/wp-json\/wp\/v2\/product_tag?post=21088"}],"curies":[{"name":"wp","href":"https:\/\/api.w.org\/{rel}","templated":true}]}}