{"id":21082,"date":"2023-04-27T12:03:40","date_gmt":"2023-04-27T12:03:40","guid":{"rendered":"https:\/\/itsskinbeauty.eu\/producto\/collagen-nutrition-mask-sheet\/"},"modified":"2023-05-09T10:31:55","modified_gmt":"2023-05-09T10:31:55","slug":"collagen-nutrition-mask-sheet","status":"publish","type":"product","link":"https:\/\/itsskinbeauty.eu\/pt-pt\/producto\/collagen-nutrition-mask-sheet\/","title":{"rendered":"M\u00e1scara Nutricional De Colag\u00e9nio"},"content":{"rendered":"<h4>Como utilizar<\/h4>\n<p>Lavar a cara e aplicar toner, se desejado. Colocar a m\u00e1scara no rosto e sair durante 15-20 minutos. Remover e aplicar a resqu\u00edcio da ess\u00eancia da m\u00e1scara na pele.<\/p>\n<p><\/p>\n<h4>Ingredientes<\/h4>\n<p> Water, Dipropylene Glycol, Glycerin, Caprylic\/Capric Triglyceride, Hydrolyzed Collagen, A<br \/>\n Rctostaphylos Uva-Ursi Leaf Extract, Saussurea Involucrata Extract, Methylpropanediol,Propanediol, Hy Droxyethylcellulose, Carbomer, Arginine, Sorbitan Stearate, Sucrose Cocoate, Sorbitan Sesquioleate, Dis Odium Edta, Chlorphenesin, Glycyrrhiza Glabra (Licorice) Root Extract, Zingiber Officinale (Ginger) Root Ex Tract, Schisandra Chinensis Fruit Extract, Coptis Japonica Root Extract, Camellia Sinensis Leaf Extract, Ca Prylyl Glycol, Butylene Glycol, 1,2-Hexanediol, Citrus Grandis (Grapefruit) Seed Extract, Acorus Calamus R Oot Extract, Perilla Ocymoides Leaf Extract, Fragrance<\/p>\n","protected":false},"excerpt":{"rendered":"<p>A linha de<br \/>\n  colag\u00e9nio fornece elasticidade e nutri\u00e7\u00e3o \u00e0 sua pele Ajuda a conseguir uma<br \/>\n  pele suave e hidratada. A m\u00e1scara nutritiva contendo colag\u00e9nio hidrolisado<br \/>\n  fornece a elasticidade natural da pele para criar uma pele hidratada com um<br \/>\n  brilho saud\u00e1vel.<\/p>\n","protected":false},"featured_media":20839,"comment_status":"closed","ping_status":"closed","template":"","meta":[],"product_brand":[],"product_cat":[670,683,664],"product_tag":[],"class_list":{"0":"post-21082","1":"product","2":"type-product","3":"status-publish","4":"has-post-thumbnail","6":"product_cat-colagenio","7":"product_cat-collagen-2-pt-pt","8":"product_cat-mascara","10":"first","11":"instock","12":"shipping-taxable","13":"purchasable","14":"product-type-simple"},"yoast_head":"<!-- This site is optimized with the Yoast SEO plugin v27.2 - https:\/\/yoast.com\/product\/yoast-seo-wordpress\/ -->\n<title>M\u00e1scara Nutricional De Colag\u00e9nio - Its Skin<\/title>\n<meta name=\"robots\" content=\"index, follow, max-snippet:-1, max-image-preview:large, max-video-preview:-1\" \/>\n<link rel=\"canonical\" href=\"https:\/\/itsskinbeauty.eu\/pt-pt\/producto\/collagen-nutrition-mask-sheet\/\" \/>\n<meta property=\"og:locale\" content=\"pt_PT\" \/>\n<meta property=\"og:type\" content=\"article\" \/>\n<meta property=\"og:title\" content=\"M\u00e1scara Nutricional De Colag\u00e9nio - Its Skin\" \/>\n<meta property=\"og:description\" content=\"A linha de  colag\u00e9nio fornece elasticidade e nutri\u00e7\u00e3o \u00e0 sua pele Ajuda a conseguir uma  pele suave e hidratada. A m\u00e1scara nutritiva contendo colag\u00e9nio hidrolisado  fornece a elasticidade natural da pele para criar uma pele hidratada com um  brilho saud\u00e1vel.\" \/>\n<meta property=\"og:url\" content=\"https:\/\/itsskinbeauty.eu\/pt-pt\/producto\/collagen-nutrition-mask-sheet\/\" \/>\n<meta property=\"og:site_name\" content=\"Its Skin\" \/>\n<meta property=\"article:modified_time\" content=\"2023-05-09T10:31:55+00:00\" \/>\n<meta property=\"og:image\" content=\"http:\/\/ITS008_8809454024110.jpg\" \/>\n<meta name=\"twitter:card\" content=\"summary_large_image\" \/>\n<meta name=\"twitter:label1\" content=\"Tempo estimado de leitura\" \/>\n\t<meta name=\"twitter:data1\" content=\"1 minuto\" \/>\n<script type=\"application\/ld+json\" class=\"yoast-schema-graph\">{\"@context\":\"https:\/\/schema.org\",\"@graph\":[{\"@type\":\"WebPage\",\"@id\":\"https:\/\/itsskinbeauty.eu\/pt-pt\/producto\/collagen-nutrition-mask-sheet\/\",\"url\":\"https:\/\/itsskinbeauty.eu\/pt-pt\/producto\/collagen-nutrition-mask-sheet\/\",\"name\":\"M\u00e1scara Nutricional De Colag\u00e9nio - Its Skin\",\"isPartOf\":{\"@id\":\"https:\/\/itsskinbeauty.eu\/pt-pt\/#website\"},\"primaryImageOfPage\":{\"@id\":\"https:\/\/itsskinbeauty.eu\/pt-pt\/producto\/collagen-nutrition-mask-sheet\/#primaryimage\"},\"image\":{\"@id\":\"https:\/\/itsskinbeauty.eu\/pt-pt\/producto\/collagen-nutrition-mask-sheet\/#primaryimage\"},\"thumbnailUrl\":\"https:\/\/itsskinbeauty.eu\/wp-content\/uploads\/2023\/04\/ITS008_8809454024110.jpg\",\"datePublished\":\"2023-04-27T12:03:40+00:00\",\"dateModified\":\"2023-05-09T10:31:55+00:00\",\"breadcrumb\":{\"@id\":\"https:\/\/itsskinbeauty.eu\/pt-pt\/producto\/collagen-nutrition-mask-sheet\/#breadcrumb\"},\"inLanguage\":\"pt-PT\",\"potentialAction\":[{\"@type\":\"ReadAction\",\"target\":[\"https:\/\/itsskinbeauty.eu\/pt-pt\/producto\/collagen-nutrition-mask-sheet\/\"]}]},{\"@type\":\"ImageObject\",\"inLanguage\":\"pt-PT\",\"@id\":\"https:\/\/itsskinbeauty.eu\/pt-pt\/producto\/collagen-nutrition-mask-sheet\/#primaryimage\",\"url\":\"https:\/\/itsskinbeauty.eu\/wp-content\/uploads\/2023\/04\/ITS008_8809454024110.jpg\",\"contentUrl\":\"https:\/\/itsskinbeauty.eu\/wp-content\/uploads\/2023\/04\/ITS008_8809454024110.jpg\",\"width\":800,\"height\":800,\"caption\":\"ITS SKIN Collagen Nutrition Mask Sheet 17 g\"},{\"@type\":\"BreadcrumbList\",\"@id\":\"https:\/\/itsskinbeauty.eu\/pt-pt\/producto\/collagen-nutrition-mask-sheet\/#breadcrumb\",\"itemListElement\":[{\"@type\":\"ListItem\",\"position\":1,\"name\":\"Portada\",\"item\":\"https:\/\/itsskinbeauty.eu\/pt-pt\/\"},{\"@type\":\"ListItem\",\"position\":2,\"name\":\"Tienda\",\"item\":\"https:\/\/itsskinbeauty.eu\/tienda\/\"},{\"@type\":\"ListItem\",\"position\":3,\"name\":\"M\u00e1scara Nutricional De Colag\u00e9nio\"}]},{\"@type\":\"WebSite\",\"@id\":\"https:\/\/itsskinbeauty.eu\/pt-pt\/#website\",\"url\":\"https:\/\/itsskinbeauty.eu\/pt-pt\/\",\"name\":\"Its Skin\",\"description\":\"Its Skin Europe\",\"potentialAction\":[{\"@type\":\"SearchAction\",\"target\":{\"@type\":\"EntryPoint\",\"urlTemplate\":\"https:\/\/itsskinbeauty.eu\/pt-pt\/?s={search_term_string}\"},\"query-input\":{\"@type\":\"PropertyValueSpecification\",\"valueRequired\":true,\"valueName\":\"search_term_string\"}}],\"inLanguage\":\"pt-PT\"}]}<\/script>\n<!-- \/ Yoast SEO plugin. -->","yoast_head_json":{"title":"M\u00e1scara Nutricional De Colag\u00e9nio - Its Skin","robots":{"index":"index","follow":"follow","max-snippet":"max-snippet:-1","max-image-preview":"max-image-preview:large","max-video-preview":"max-video-preview:-1"},"canonical":"https:\/\/itsskinbeauty.eu\/pt-pt\/producto\/collagen-nutrition-mask-sheet\/","og_locale":"pt_PT","og_type":"article","og_title":"M\u00e1scara Nutricional De Colag\u00e9nio - Its Skin","og_description":"A linha de  colag\u00e9nio fornece elasticidade e nutri\u00e7\u00e3o \u00e0 sua pele Ajuda a conseguir uma  pele suave e hidratada. A m\u00e1scara nutritiva contendo colag\u00e9nio hidrolisado  fornece a elasticidade natural da pele para criar uma pele hidratada com um  brilho saud\u00e1vel.","og_url":"https:\/\/itsskinbeauty.eu\/pt-pt\/producto\/collagen-nutrition-mask-sheet\/","og_site_name":"Its Skin","article_modified_time":"2023-05-09T10:31:55+00:00","og_image":[{"url":"ITS008_8809454024110.jpg","type":"","width":"","height":""}],"twitter_card":"summary_large_image","twitter_misc":{"Tempo estimado de leitura":"1 minuto"},"schema":{"@context":"https:\/\/schema.org","@graph":[{"@type":"WebPage","@id":"https:\/\/itsskinbeauty.eu\/pt-pt\/producto\/collagen-nutrition-mask-sheet\/","url":"https:\/\/itsskinbeauty.eu\/pt-pt\/producto\/collagen-nutrition-mask-sheet\/","name":"M\u00e1scara Nutricional De Colag\u00e9nio - Its Skin","isPartOf":{"@id":"https:\/\/itsskinbeauty.eu\/pt-pt\/#website"},"primaryImageOfPage":{"@id":"https:\/\/itsskinbeauty.eu\/pt-pt\/producto\/collagen-nutrition-mask-sheet\/#primaryimage"},"image":{"@id":"https:\/\/itsskinbeauty.eu\/pt-pt\/producto\/collagen-nutrition-mask-sheet\/#primaryimage"},"thumbnailUrl":"https:\/\/itsskinbeauty.eu\/wp-content\/uploads\/2023\/04\/ITS008_8809454024110.jpg","datePublished":"2023-04-27T12:03:40+00:00","dateModified":"2023-05-09T10:31:55+00:00","breadcrumb":{"@id":"https:\/\/itsskinbeauty.eu\/pt-pt\/producto\/collagen-nutrition-mask-sheet\/#breadcrumb"},"inLanguage":"pt-PT","potentialAction":[{"@type":"ReadAction","target":["https:\/\/itsskinbeauty.eu\/pt-pt\/producto\/collagen-nutrition-mask-sheet\/"]}]},{"@type":"ImageObject","inLanguage":"pt-PT","@id":"https:\/\/itsskinbeauty.eu\/pt-pt\/producto\/collagen-nutrition-mask-sheet\/#primaryimage","url":"https:\/\/itsskinbeauty.eu\/wp-content\/uploads\/2023\/04\/ITS008_8809454024110.jpg","contentUrl":"https:\/\/itsskinbeauty.eu\/wp-content\/uploads\/2023\/04\/ITS008_8809454024110.jpg","width":800,"height":800,"caption":"ITS SKIN Collagen Nutrition Mask Sheet 17 g"},{"@type":"BreadcrumbList","@id":"https:\/\/itsskinbeauty.eu\/pt-pt\/producto\/collagen-nutrition-mask-sheet\/#breadcrumb","itemListElement":[{"@type":"ListItem","position":1,"name":"Portada","item":"https:\/\/itsskinbeauty.eu\/pt-pt\/"},{"@type":"ListItem","position":2,"name":"Tienda","item":"https:\/\/itsskinbeauty.eu\/tienda\/"},{"@type":"ListItem","position":3,"name":"M\u00e1scara Nutricional De Colag\u00e9nio"}]},{"@type":"WebSite","@id":"https:\/\/itsskinbeauty.eu\/pt-pt\/#website","url":"https:\/\/itsskinbeauty.eu\/pt-pt\/","name":"Its Skin","description":"Its Skin Europe","potentialAction":[{"@type":"SearchAction","target":{"@type":"EntryPoint","urlTemplate":"https:\/\/itsskinbeauty.eu\/pt-pt\/?s={search_term_string}"},"query-input":{"@type":"PropertyValueSpecification","valueRequired":true,"valueName":"search_term_string"}}],"inLanguage":"pt-PT"}]}},"_links":{"self":[{"href":"https:\/\/itsskinbeauty.eu\/pt-pt\/wp-json\/wp\/v2\/product\/21082","targetHints":{"allow":["GET"]}}],"collection":[{"href":"https:\/\/itsskinbeauty.eu\/pt-pt\/wp-json\/wp\/v2\/product"}],"about":[{"href":"https:\/\/itsskinbeauty.eu\/pt-pt\/wp-json\/wp\/v2\/types\/product"}],"replies":[{"embeddable":true,"href":"https:\/\/itsskinbeauty.eu\/pt-pt\/wp-json\/wp\/v2\/comments?post=21082"}],"wp:featuredmedia":[{"embeddable":true,"href":"https:\/\/itsskinbeauty.eu\/pt-pt\/wp-json\/wp\/v2\/media\/20839"}],"wp:attachment":[{"href":"https:\/\/itsskinbeauty.eu\/pt-pt\/wp-json\/wp\/v2\/media?parent=21082"}],"wp:term":[{"taxonomy":"product_brand","embeddable":true,"href":"https:\/\/itsskinbeauty.eu\/pt-pt\/wp-json\/wp\/v2\/product_brand?post=21082"},{"taxonomy":"product_cat","embeddable":true,"href":"https:\/\/itsskinbeauty.eu\/pt-pt\/wp-json\/wp\/v2\/product_cat?post=21082"},{"taxonomy":"product_tag","embeddable":true,"href":"https:\/\/itsskinbeauty.eu\/pt-pt\/wp-json\/wp\/v2\/product_tag?post=21082"}],"curies":[{"name":"wp","href":"https:\/\/api.w.org\/{rel}","templated":true}]}}