{"id":21080,"date":"2023-04-27T12:03:47","date_gmt":"2023-04-27T12:03:47","guid":{"rendered":"https:\/\/itsskinbeauty.eu\/producto\/collagen-nutrition-toner\/"},"modified":"2023-05-09T10:31:55","modified_gmt":"2023-05-09T10:31:55","slug":"collagen-nutrition-toner","status":"publish","type":"product","link":"https:\/\/itsskinbeauty.eu\/pt-pt\/producto\/collagen-nutrition-toner\/","title":{"rendered":"T\u00f3nico De Nutricional De Colag\u00e9nio +"},"content":{"rendered":"<h4>Como utilizar<\/h4>\n<p>Aplicar um montante adequado e massagear com os dedos por todo o rosto em movimentos circulares at\u00e9 serem absorvidos.<\/p>\n<p><\/p>\n<h4>Ingredientes<\/h4>\n<p>Water, Butylene Glycol, Alcohol Denat., Glycerin, Peg-11 Methyl Ether Dimethicone, Cyclomethicone, Neopentyl Glycol Diheptanoate, Caprylyl Glycol, Ethylhexylglycerin, Peg-60 Hydrogenated Castor Oil, Fragrance, Carbomer, 1,2-Hexanediol, Tromethamine, Peg-40 Hydrogenated Castor Oil, Ppg-26-Buteth-26, Propylene Glycol, Hydrolyzed Collagen, Laminaria Japonica Extract, Tocopheryl Acetate, Xanthan Gum, Benzyl Salicylate, Alpha-Isomethyl Ionone, Disodium Edta,<br \/>\n Saussurea Involucrata Extract, Linalool, Hexyl Cinnamal, Hydroxycitronellal, Propagermanium, Citronellol, Hydrolyzed Malt Extract, Geraniol, Arctostaphylos Uva-Ursi Leaf Extract, Ethyl Hexanediol, Phenoxyethanol, Ci 14700, Ci 15985<\/p>\n","protected":false},"excerpt":{"rendered":"<p>Uma linha de<br \/>\n  cuidados intensivos de firmeza com colag\u00e9nio que melhora a elasticidade,<br \/>\n  deixando a pele firme e revitalizada.<\/p>\n","protected":false},"featured_media":20841,"comment_status":"closed","ping_status":"closed","template":"","meta":[],"product_brand":[],"product_cat":[670,683,667],"product_tag":[],"class_list":{"0":"post-21080","1":"product","2":"type-product","3":"status-publish","4":"has-post-thumbnail","6":"product_cat-colagenio","7":"product_cat-collagen-2-pt-pt","8":"product_cat-tonico-pt-pt","10":"first","11":"instock","12":"shipping-taxable","13":"purchasable","14":"product-type-simple"},"yoast_head":"<!-- This site is optimized with the Yoast SEO plugin v27.2 - https:\/\/yoast.com\/product\/yoast-seo-wordpress\/ -->\n<title>T\u00f3nico De Nutricional De Colag\u00e9nio + - Its Skin<\/title>\n<meta name=\"robots\" content=\"index, follow, max-snippet:-1, max-image-preview:large, max-video-preview:-1\" \/>\n<link rel=\"canonical\" href=\"https:\/\/itsskinbeauty.eu\/pt-pt\/producto\/collagen-nutrition-toner\/\" \/>\n<meta property=\"og:locale\" content=\"pt_PT\" \/>\n<meta property=\"og:type\" content=\"article\" \/>\n<meta property=\"og:title\" content=\"T\u00f3nico De Nutricional De Colag\u00e9nio + - Its Skin\" \/>\n<meta property=\"og:description\" content=\"Uma linha de  cuidados intensivos de firmeza com colag\u00e9nio que melhora a elasticidade,  deixando a pele firme e revitalizada.\" \/>\n<meta property=\"og:url\" content=\"https:\/\/itsskinbeauty.eu\/pt-pt\/producto\/collagen-nutrition-toner\/\" \/>\n<meta property=\"og:site_name\" content=\"Its Skin\" \/>\n<meta property=\"article:modified_time\" content=\"2023-05-09T10:31:55+00:00\" \/>\n<meta property=\"og:image\" content=\"https:\/\/itsskinbeauty.eu\/wp-content\/uploads\/2023\/04\/ITS010_8809663575991_1.jpg\" \/>\n\t<meta property=\"og:image:width\" content=\"800\" \/>\n\t<meta property=\"og:image:height\" content=\"800\" \/>\n\t<meta property=\"og:image:type\" content=\"image\/jpeg\" \/>\n<meta name=\"twitter:card\" content=\"summary_large_image\" \/>\n<script type=\"application\/ld+json\" class=\"yoast-schema-graph\">{\"@context\":\"https:\/\/schema.org\",\"@graph\":[{\"@type\":\"WebPage\",\"@id\":\"https:\/\/itsskinbeauty.eu\/pt-pt\/producto\/collagen-nutrition-toner\/\",\"url\":\"https:\/\/itsskinbeauty.eu\/pt-pt\/producto\/collagen-nutrition-toner\/\",\"name\":\"T\u00f3nico De Nutricional De Colag\u00e9nio + - Its Skin\",\"isPartOf\":{\"@id\":\"https:\/\/itsskinbeauty.eu\/pt-pt\/#website\"},\"primaryImageOfPage\":{\"@id\":\"https:\/\/itsskinbeauty.eu\/pt-pt\/producto\/collagen-nutrition-toner\/#primaryimage\"},\"image\":{\"@id\":\"https:\/\/itsskinbeauty.eu\/pt-pt\/producto\/collagen-nutrition-toner\/#primaryimage\"},\"thumbnailUrl\":\"https:\/\/itsskinbeauty.eu\/wp-content\/uploads\/2023\/04\/ITS010_8809663575991_1.jpg\",\"datePublished\":\"2023-04-27T12:03:47+00:00\",\"dateModified\":\"2023-05-09T10:31:55+00:00\",\"breadcrumb\":{\"@id\":\"https:\/\/itsskinbeauty.eu\/pt-pt\/producto\/collagen-nutrition-toner\/#breadcrumb\"},\"inLanguage\":\"pt-PT\",\"potentialAction\":[{\"@type\":\"ReadAction\",\"target\":[\"https:\/\/itsskinbeauty.eu\/pt-pt\/producto\/collagen-nutrition-toner\/\"]}]},{\"@type\":\"ImageObject\",\"inLanguage\":\"pt-PT\",\"@id\":\"https:\/\/itsskinbeauty.eu\/pt-pt\/producto\/collagen-nutrition-toner\/#primaryimage\",\"url\":\"https:\/\/itsskinbeauty.eu\/wp-content\/uploads\/2023\/04\/ITS010_8809663575991_1.jpg\",\"contentUrl\":\"https:\/\/itsskinbeauty.eu\/wp-content\/uploads\/2023\/04\/ITS010_8809663575991_1.jpg\",\"width\":800,\"height\":800},{\"@type\":\"BreadcrumbList\",\"@id\":\"https:\/\/itsskinbeauty.eu\/pt-pt\/producto\/collagen-nutrition-toner\/#breadcrumb\",\"itemListElement\":[{\"@type\":\"ListItem\",\"position\":1,\"name\":\"Portada\",\"item\":\"https:\/\/itsskinbeauty.eu\/pt-pt\/\"},{\"@type\":\"ListItem\",\"position\":2,\"name\":\"Tienda\",\"item\":\"https:\/\/itsskinbeauty.eu\/tienda\/\"},{\"@type\":\"ListItem\",\"position\":3,\"name\":\"T\u00f3nico De Nutricional De Colag\u00e9nio +\"}]},{\"@type\":\"WebSite\",\"@id\":\"https:\/\/itsskinbeauty.eu\/pt-pt\/#website\",\"url\":\"https:\/\/itsskinbeauty.eu\/pt-pt\/\",\"name\":\"Its Skin\",\"description\":\"Its Skin Europe\",\"potentialAction\":[{\"@type\":\"SearchAction\",\"target\":{\"@type\":\"EntryPoint\",\"urlTemplate\":\"https:\/\/itsskinbeauty.eu\/pt-pt\/?s={search_term_string}\"},\"query-input\":{\"@type\":\"PropertyValueSpecification\",\"valueRequired\":true,\"valueName\":\"search_term_string\"}}],\"inLanguage\":\"pt-PT\"}]}<\/script>\n<!-- \/ Yoast SEO plugin. -->","yoast_head_json":{"title":"T\u00f3nico De Nutricional De Colag\u00e9nio + - Its Skin","robots":{"index":"index","follow":"follow","max-snippet":"max-snippet:-1","max-image-preview":"max-image-preview:large","max-video-preview":"max-video-preview:-1"},"canonical":"https:\/\/itsskinbeauty.eu\/pt-pt\/producto\/collagen-nutrition-toner\/","og_locale":"pt_PT","og_type":"article","og_title":"T\u00f3nico De Nutricional De Colag\u00e9nio + - Its Skin","og_description":"Uma linha de  cuidados intensivos de firmeza com colag\u00e9nio que melhora a elasticidade,  deixando a pele firme e revitalizada.","og_url":"https:\/\/itsskinbeauty.eu\/pt-pt\/producto\/collagen-nutrition-toner\/","og_site_name":"Its Skin","article_modified_time":"2023-05-09T10:31:55+00:00","og_image":[{"width":800,"height":800,"url":"https:\/\/itsskinbeauty.eu\/wp-content\/uploads\/2023\/04\/ITS010_8809663575991_1.jpg","type":"image\/jpeg"}],"twitter_card":"summary_large_image","schema":{"@context":"https:\/\/schema.org","@graph":[{"@type":"WebPage","@id":"https:\/\/itsskinbeauty.eu\/pt-pt\/producto\/collagen-nutrition-toner\/","url":"https:\/\/itsskinbeauty.eu\/pt-pt\/producto\/collagen-nutrition-toner\/","name":"T\u00f3nico De Nutricional De Colag\u00e9nio + - Its Skin","isPartOf":{"@id":"https:\/\/itsskinbeauty.eu\/pt-pt\/#website"},"primaryImageOfPage":{"@id":"https:\/\/itsskinbeauty.eu\/pt-pt\/producto\/collagen-nutrition-toner\/#primaryimage"},"image":{"@id":"https:\/\/itsskinbeauty.eu\/pt-pt\/producto\/collagen-nutrition-toner\/#primaryimage"},"thumbnailUrl":"https:\/\/itsskinbeauty.eu\/wp-content\/uploads\/2023\/04\/ITS010_8809663575991_1.jpg","datePublished":"2023-04-27T12:03:47+00:00","dateModified":"2023-05-09T10:31:55+00:00","breadcrumb":{"@id":"https:\/\/itsskinbeauty.eu\/pt-pt\/producto\/collagen-nutrition-toner\/#breadcrumb"},"inLanguage":"pt-PT","potentialAction":[{"@type":"ReadAction","target":["https:\/\/itsskinbeauty.eu\/pt-pt\/producto\/collagen-nutrition-toner\/"]}]},{"@type":"ImageObject","inLanguage":"pt-PT","@id":"https:\/\/itsskinbeauty.eu\/pt-pt\/producto\/collagen-nutrition-toner\/#primaryimage","url":"https:\/\/itsskinbeauty.eu\/wp-content\/uploads\/2023\/04\/ITS010_8809663575991_1.jpg","contentUrl":"https:\/\/itsskinbeauty.eu\/wp-content\/uploads\/2023\/04\/ITS010_8809663575991_1.jpg","width":800,"height":800},{"@type":"BreadcrumbList","@id":"https:\/\/itsskinbeauty.eu\/pt-pt\/producto\/collagen-nutrition-toner\/#breadcrumb","itemListElement":[{"@type":"ListItem","position":1,"name":"Portada","item":"https:\/\/itsskinbeauty.eu\/pt-pt\/"},{"@type":"ListItem","position":2,"name":"Tienda","item":"https:\/\/itsskinbeauty.eu\/tienda\/"},{"@type":"ListItem","position":3,"name":"T\u00f3nico De Nutricional De Colag\u00e9nio +"}]},{"@type":"WebSite","@id":"https:\/\/itsskinbeauty.eu\/pt-pt\/#website","url":"https:\/\/itsskinbeauty.eu\/pt-pt\/","name":"Its Skin","description":"Its Skin Europe","potentialAction":[{"@type":"SearchAction","target":{"@type":"EntryPoint","urlTemplate":"https:\/\/itsskinbeauty.eu\/pt-pt\/?s={search_term_string}"},"query-input":{"@type":"PropertyValueSpecification","valueRequired":true,"valueName":"search_term_string"}}],"inLanguage":"pt-PT"}]}},"_links":{"self":[{"href":"https:\/\/itsskinbeauty.eu\/pt-pt\/wp-json\/wp\/v2\/product\/21080","targetHints":{"allow":["GET"]}}],"collection":[{"href":"https:\/\/itsskinbeauty.eu\/pt-pt\/wp-json\/wp\/v2\/product"}],"about":[{"href":"https:\/\/itsskinbeauty.eu\/pt-pt\/wp-json\/wp\/v2\/types\/product"}],"replies":[{"embeddable":true,"href":"https:\/\/itsskinbeauty.eu\/pt-pt\/wp-json\/wp\/v2\/comments?post=21080"}],"wp:featuredmedia":[{"embeddable":true,"href":"https:\/\/itsskinbeauty.eu\/pt-pt\/wp-json\/wp\/v2\/media\/20841"}],"wp:attachment":[{"href":"https:\/\/itsskinbeauty.eu\/pt-pt\/wp-json\/wp\/v2\/media?parent=21080"}],"wp:term":[{"taxonomy":"product_brand","embeddable":true,"href":"https:\/\/itsskinbeauty.eu\/pt-pt\/wp-json\/wp\/v2\/product_brand?post=21080"},{"taxonomy":"product_cat","embeddable":true,"href":"https:\/\/itsskinbeauty.eu\/pt-pt\/wp-json\/wp\/v2\/product_cat?post=21080"},{"taxonomy":"product_tag","embeddable":true,"href":"https:\/\/itsskinbeauty.eu\/pt-pt\/wp-json\/wp\/v2\/product_tag?post=21080"}],"curies":[{"name":"wp","href":"https:\/\/api.w.org\/{rel}","templated":true}]}}