{"id":21072,"date":"2023-04-27T12:15:53","date_gmt":"2023-04-27T12:15:53","guid":{"rendered":"https:\/\/itsskinbeauty.eu\/producto\/hyaluronic-acid-moisture-cream\/"},"modified":"2023-05-09T10:31:37","modified_gmt":"2023-05-09T10:31:37","slug":"hyaluronic-acid-moisture-cream","status":"publish","type":"product","link":"https:\/\/itsskinbeauty.eu\/pt-pt\/producto\/hyaluronic-acid-moisture-cream\/","title":{"rendered":"Creme De \u00c1cido Hialur\u00f3nico +"},"content":{"rendered":"<h4>Como utilizar<\/h4>\n<p>Aplicar um montante adequado e massagear com os dedos por todo o rosto em movimentos circulares at\u00e9 serem absorvidos.<\/p>\n<p><\/p>\n<h4>Ingredientes<\/h4>\n<p>Water, Glycerin, Glycereth-26, Dimethicone, Bis-Peg-18 Methyl Ether Dimethyl Silane, Hydroxyethyl Acrylate\/Sodium Acryloyldimethyl Taurate Copolymer, Peg-11 Methyl Ether Dimethicone, Ethylhexyl Isononanoate, Peg-40 Hydrogenated Castor Oil, Ppg-26-Buteth-26, Butylene Glycol, Ethylhexylglycerin, Caprylyl Glycol, Carbomer, Portulaca Oleracea Extract, Tromethamine, Fragrance, Phenoxyethanol, Tocopheryl Acetate, Malpighia Emarginata (Acerola) Fruit Extract, Vaccinium Angustifolium (Blueberry) Fruit Extract, Sodium Hyaluronate, Disodium Edta, Hibiscus Sabdariffa Flower Extract<\/p>\n","protected":false},"excerpt":{"rendered":"<p>Uma linha de<br \/>\n  hidrata\u00e7\u00e3o intensiva com \u00e1cido hialur\u00f3nico que hidrata em profundidade e<br \/>\n  reabastece a barreira de hidrata\u00e7\u00e3o da pele.<\/p>\n","protected":false},"featured_media":20873,"comment_status":"closed","ping_status":"closed","template":"","meta":[],"product_brand":[],"product_cat":[666,672],"product_tag":[],"class_list":{"0":"post-21072","1":"product","2":"type-product","3":"status-publish","4":"has-post-thumbnail","6":"product_cat-creme","7":"product_cat-hialuronico-pt-pt","9":"first","10":"instock","11":"shipping-taxable","12":"purchasable","13":"product-type-simple"},"yoast_head":"<!-- This site is optimized with the Yoast SEO plugin v27.2 - https:\/\/yoast.com\/product\/yoast-seo-wordpress\/ -->\n<title>Creme De \u00c1cido Hialur\u00f3nico + - Its Skin<\/title>\n<meta name=\"robots\" content=\"index, follow, max-snippet:-1, max-image-preview:large, max-video-preview:-1\" \/>\n<link rel=\"canonical\" href=\"https:\/\/itsskinbeauty.eu\/pt-pt\/producto\/hyaluronic-acid-moisture-cream\/\" \/>\n<meta property=\"og:locale\" content=\"pt_PT\" \/>\n<meta property=\"og:type\" content=\"article\" \/>\n<meta property=\"og:title\" content=\"Creme De \u00c1cido Hialur\u00f3nico + - Its Skin\" \/>\n<meta property=\"og:description\" content=\"Uma linha de  hidrata\u00e7\u00e3o intensiva com \u00e1cido hialur\u00f3nico que hidrata em profundidade e  reabastece a barreira de hidrata\u00e7\u00e3o da pele.\" \/>\n<meta property=\"og:url\" content=\"https:\/\/itsskinbeauty.eu\/pt-pt\/producto\/hyaluronic-acid-moisture-cream\/\" \/>\n<meta property=\"og:site_name\" content=\"Its Skin\" \/>\n<meta property=\"article:modified_time\" content=\"2023-05-09T10:31:37+00:00\" \/>\n<meta property=\"og:image\" content=\"https:\/\/itsskinbeauty.eu\/wp-content\/uploads\/2023\/04\/ITS018_8809663576073_1.jpg\" \/>\n\t<meta property=\"og:image:width\" content=\"800\" \/>\n\t<meta property=\"og:image:height\" content=\"800\" \/>\n\t<meta property=\"og:image:type\" content=\"image\/jpeg\" \/>\n<meta name=\"twitter:card\" content=\"summary_large_image\" \/>\n<script type=\"application\/ld+json\" class=\"yoast-schema-graph\">{\"@context\":\"https:\/\/schema.org\",\"@graph\":[{\"@type\":\"WebPage\",\"@id\":\"https:\/\/itsskinbeauty.eu\/pt-pt\/producto\/hyaluronic-acid-moisture-cream\/\",\"url\":\"https:\/\/itsskinbeauty.eu\/pt-pt\/producto\/hyaluronic-acid-moisture-cream\/\",\"name\":\"Creme De \u00c1cido Hialur\u00f3nico + - Its Skin\",\"isPartOf\":{\"@id\":\"https:\/\/itsskinbeauty.eu\/pt-pt\/#website\"},\"primaryImageOfPage\":{\"@id\":\"https:\/\/itsskinbeauty.eu\/pt-pt\/producto\/hyaluronic-acid-moisture-cream\/#primaryimage\"},\"image\":{\"@id\":\"https:\/\/itsskinbeauty.eu\/pt-pt\/producto\/hyaluronic-acid-moisture-cream\/#primaryimage\"},\"thumbnailUrl\":\"https:\/\/itsskinbeauty.eu\/wp-content\/uploads\/2023\/04\/ITS018_8809663576073_1.jpg\",\"datePublished\":\"2023-04-27T12:15:53+00:00\",\"dateModified\":\"2023-05-09T10:31:37+00:00\",\"breadcrumb\":{\"@id\":\"https:\/\/itsskinbeauty.eu\/pt-pt\/producto\/hyaluronic-acid-moisture-cream\/#breadcrumb\"},\"inLanguage\":\"pt-PT\",\"potentialAction\":[{\"@type\":\"ReadAction\",\"target\":[\"https:\/\/itsskinbeauty.eu\/pt-pt\/producto\/hyaluronic-acid-moisture-cream\/\"]}]},{\"@type\":\"ImageObject\",\"inLanguage\":\"pt-PT\",\"@id\":\"https:\/\/itsskinbeauty.eu\/pt-pt\/producto\/hyaluronic-acid-moisture-cream\/#primaryimage\",\"url\":\"https:\/\/itsskinbeauty.eu\/wp-content\/uploads\/2023\/04\/ITS018_8809663576073_1.jpg\",\"contentUrl\":\"https:\/\/itsskinbeauty.eu\/wp-content\/uploads\/2023\/04\/ITS018_8809663576073_1.jpg\",\"width\":800,\"height\":800},{\"@type\":\"BreadcrumbList\",\"@id\":\"https:\/\/itsskinbeauty.eu\/pt-pt\/producto\/hyaluronic-acid-moisture-cream\/#breadcrumb\",\"itemListElement\":[{\"@type\":\"ListItem\",\"position\":1,\"name\":\"Portada\",\"item\":\"https:\/\/itsskinbeauty.eu\/pt-pt\/\"},{\"@type\":\"ListItem\",\"position\":2,\"name\":\"Tienda\",\"item\":\"https:\/\/itsskinbeauty.eu\/tienda\/\"},{\"@type\":\"ListItem\",\"position\":3,\"name\":\"Creme De \u00c1cido Hialur\u00f3nico +\"}]},{\"@type\":\"WebSite\",\"@id\":\"https:\/\/itsskinbeauty.eu\/pt-pt\/#website\",\"url\":\"https:\/\/itsskinbeauty.eu\/pt-pt\/\",\"name\":\"Its Skin\",\"description\":\"Its Skin Europe\",\"potentialAction\":[{\"@type\":\"SearchAction\",\"target\":{\"@type\":\"EntryPoint\",\"urlTemplate\":\"https:\/\/itsskinbeauty.eu\/pt-pt\/?s={search_term_string}\"},\"query-input\":{\"@type\":\"PropertyValueSpecification\",\"valueRequired\":true,\"valueName\":\"search_term_string\"}}],\"inLanguage\":\"pt-PT\"}]}<\/script>\n<!-- \/ Yoast SEO plugin. -->","yoast_head_json":{"title":"Creme De \u00c1cido Hialur\u00f3nico + - Its Skin","robots":{"index":"index","follow":"follow","max-snippet":"max-snippet:-1","max-image-preview":"max-image-preview:large","max-video-preview":"max-video-preview:-1"},"canonical":"https:\/\/itsskinbeauty.eu\/pt-pt\/producto\/hyaluronic-acid-moisture-cream\/","og_locale":"pt_PT","og_type":"article","og_title":"Creme De \u00c1cido Hialur\u00f3nico + - Its Skin","og_description":"Uma linha de  hidrata\u00e7\u00e3o intensiva com \u00e1cido hialur\u00f3nico que hidrata em profundidade e  reabastece a barreira de hidrata\u00e7\u00e3o da pele.","og_url":"https:\/\/itsskinbeauty.eu\/pt-pt\/producto\/hyaluronic-acid-moisture-cream\/","og_site_name":"Its Skin","article_modified_time":"2023-05-09T10:31:37+00:00","og_image":[{"width":800,"height":800,"url":"https:\/\/itsskinbeauty.eu\/wp-content\/uploads\/2023\/04\/ITS018_8809663576073_1.jpg","type":"image\/jpeg"}],"twitter_card":"summary_large_image","schema":{"@context":"https:\/\/schema.org","@graph":[{"@type":"WebPage","@id":"https:\/\/itsskinbeauty.eu\/pt-pt\/producto\/hyaluronic-acid-moisture-cream\/","url":"https:\/\/itsskinbeauty.eu\/pt-pt\/producto\/hyaluronic-acid-moisture-cream\/","name":"Creme De \u00c1cido Hialur\u00f3nico + - Its Skin","isPartOf":{"@id":"https:\/\/itsskinbeauty.eu\/pt-pt\/#website"},"primaryImageOfPage":{"@id":"https:\/\/itsskinbeauty.eu\/pt-pt\/producto\/hyaluronic-acid-moisture-cream\/#primaryimage"},"image":{"@id":"https:\/\/itsskinbeauty.eu\/pt-pt\/producto\/hyaluronic-acid-moisture-cream\/#primaryimage"},"thumbnailUrl":"https:\/\/itsskinbeauty.eu\/wp-content\/uploads\/2023\/04\/ITS018_8809663576073_1.jpg","datePublished":"2023-04-27T12:15:53+00:00","dateModified":"2023-05-09T10:31:37+00:00","breadcrumb":{"@id":"https:\/\/itsskinbeauty.eu\/pt-pt\/producto\/hyaluronic-acid-moisture-cream\/#breadcrumb"},"inLanguage":"pt-PT","potentialAction":[{"@type":"ReadAction","target":["https:\/\/itsskinbeauty.eu\/pt-pt\/producto\/hyaluronic-acid-moisture-cream\/"]}]},{"@type":"ImageObject","inLanguage":"pt-PT","@id":"https:\/\/itsskinbeauty.eu\/pt-pt\/producto\/hyaluronic-acid-moisture-cream\/#primaryimage","url":"https:\/\/itsskinbeauty.eu\/wp-content\/uploads\/2023\/04\/ITS018_8809663576073_1.jpg","contentUrl":"https:\/\/itsskinbeauty.eu\/wp-content\/uploads\/2023\/04\/ITS018_8809663576073_1.jpg","width":800,"height":800},{"@type":"BreadcrumbList","@id":"https:\/\/itsskinbeauty.eu\/pt-pt\/producto\/hyaluronic-acid-moisture-cream\/#breadcrumb","itemListElement":[{"@type":"ListItem","position":1,"name":"Portada","item":"https:\/\/itsskinbeauty.eu\/pt-pt\/"},{"@type":"ListItem","position":2,"name":"Tienda","item":"https:\/\/itsskinbeauty.eu\/tienda\/"},{"@type":"ListItem","position":3,"name":"Creme De \u00c1cido Hialur\u00f3nico +"}]},{"@type":"WebSite","@id":"https:\/\/itsskinbeauty.eu\/pt-pt\/#website","url":"https:\/\/itsskinbeauty.eu\/pt-pt\/","name":"Its Skin","description":"Its Skin Europe","potentialAction":[{"@type":"SearchAction","target":{"@type":"EntryPoint","urlTemplate":"https:\/\/itsskinbeauty.eu\/pt-pt\/?s={search_term_string}"},"query-input":{"@type":"PropertyValueSpecification","valueRequired":true,"valueName":"search_term_string"}}],"inLanguage":"pt-PT"}]}},"_links":{"self":[{"href":"https:\/\/itsskinbeauty.eu\/pt-pt\/wp-json\/wp\/v2\/product\/21072","targetHints":{"allow":["GET"]}}],"collection":[{"href":"https:\/\/itsskinbeauty.eu\/pt-pt\/wp-json\/wp\/v2\/product"}],"about":[{"href":"https:\/\/itsskinbeauty.eu\/pt-pt\/wp-json\/wp\/v2\/types\/product"}],"replies":[{"embeddable":true,"href":"https:\/\/itsskinbeauty.eu\/pt-pt\/wp-json\/wp\/v2\/comments?post=21072"}],"wp:featuredmedia":[{"embeddable":true,"href":"https:\/\/itsskinbeauty.eu\/pt-pt\/wp-json\/wp\/v2\/media\/20873"}],"wp:attachment":[{"href":"https:\/\/itsskinbeauty.eu\/pt-pt\/wp-json\/wp\/v2\/media?parent=21072"}],"wp:term":[{"taxonomy":"product_brand","embeddable":true,"href":"https:\/\/itsskinbeauty.eu\/pt-pt\/wp-json\/wp\/v2\/product_brand?post=21072"},{"taxonomy":"product_cat","embeddable":true,"href":"https:\/\/itsskinbeauty.eu\/pt-pt\/wp-json\/wp\/v2\/product_cat?post=21072"},{"taxonomy":"product_tag","embeddable":true,"href":"https:\/\/itsskinbeauty.eu\/pt-pt\/wp-json\/wp\/v2\/product_tag?post=21072"}],"curies":[{"name":"wp","href":"https:\/\/api.w.org\/{rel}","templated":true}]}}