{"id":21071,"date":"2023-04-27T12:15:53","date_gmt":"2023-04-27T12:15:53","guid":{"rendered":"https:\/\/itsskinbeauty.eu\/producto\/hyaluronic-acid-moisture-eye-cream\/"},"modified":"2023-05-09T10:31:28","modified_gmt":"2023-05-09T10:31:28","slug":"hyaluronic-acid-moisture-eye-cream","status":"publish","type":"product","link":"https:\/\/itsskinbeauty.eu\/pt-pt\/producto\/hyaluronic-acid-moisture-eye-cream\/","title":{"rendered":"Creme Para Os Olhos De \u00c1cido Hialur\u00f3nico +"},"content":{"rendered":"<h4>Como utilizar<\/h4>\n<p>Aplicar um montante adequado e massagear com os dedos ao redor dos olhos at\u00e9 serem absorvidos.<\/p>\n<p><\/p>\n<h4>Ingredientes<\/h4>\n<p>Water, Glycerin, Butylene Glycol, Coptis Japonica Root Extra<br \/>\n Ct, Cyclopentasiloxane, Dimethicone, Peg\/Ppg-18\/4 Copolymer, Peg-32, Portu Laca Oleracea Extract, Triethanolamine, Carbomer, Malpighia Emarginata (Acerola) Fruit Extract, Peg-11 Methyl Ether Dimethicone, Peg-40 Hydrogenated Castor Oil, Ppg-26-Buteth-26, Vaccinium Angustifolium (Blueberry) Fruit Extract, Ethyl Hexanediol, Polyacrylate-13, Polyisobutene, Glyceryl Caprylate, Acrylates\/C10-30 Alkyl Acrylate Crosspolymer, Porphyra Yezoensis Extract, Xanthan Gum, Fragrance, Polysorbate 20, Sodium Hyaluronate, Disodium Edta, Hibiscus Sabdariffa Flower Extract<\/p>\n","protected":false},"excerpt":{"rendered":"<p>Uma linha de<br \/>\n  hidrata\u00e7\u00e3o intensiva com \u00e1cido hialur\u00f3nico que hidrata em profundidade e<br \/>\n  reabastece a barreira de hidrata\u00e7\u00e3o da pele.<\/p>\n","protected":false},"featured_media":20877,"comment_status":"closed","ping_status":"closed","template":"","meta":[],"product_brand":[],"product_cat":[671,672],"product_tag":[],"class_list":{"0":"post-21071","1":"product","2":"type-product","3":"status-publish","4":"has-post-thumbnail","6":"product_cat-contorno-de-olhos","7":"product_cat-hialuronico-pt-pt","9":"first","10":"instock","11":"shipping-taxable","12":"purchasable","13":"product-type-simple"},"yoast_head":"<!-- This site is optimized with the Yoast SEO plugin v27.2 - https:\/\/yoast.com\/product\/yoast-seo-wordpress\/ -->\n<title>Creme Para Os Olhos De \u00c1cido Hialur\u00f3nico + - Its Skin<\/title>\n<meta name=\"robots\" content=\"index, follow, max-snippet:-1, max-image-preview:large, max-video-preview:-1\" \/>\n<link rel=\"canonical\" href=\"https:\/\/itsskinbeauty.eu\/pt-pt\/producto\/hyaluronic-acid-moisture-eye-cream\/\" \/>\n<meta property=\"og:locale\" content=\"pt_PT\" \/>\n<meta property=\"og:type\" content=\"article\" \/>\n<meta property=\"og:title\" content=\"Creme Para Os Olhos De \u00c1cido Hialur\u00f3nico + - Its Skin\" \/>\n<meta property=\"og:description\" content=\"Uma linha de  hidrata\u00e7\u00e3o intensiva com \u00e1cido hialur\u00f3nico que hidrata em profundidade e  reabastece a barreira de hidrata\u00e7\u00e3o da pele.\" \/>\n<meta property=\"og:url\" content=\"https:\/\/itsskinbeauty.eu\/pt-pt\/producto\/hyaluronic-acid-moisture-eye-cream\/\" \/>\n<meta property=\"og:site_name\" content=\"Its Skin\" \/>\n<meta property=\"article:modified_time\" content=\"2023-05-09T10:31:28+00:00\" \/>\n<meta property=\"og:image\" content=\"https:\/\/itsskinbeauty.eu\/wp-content\/uploads\/2023\/04\/ITS019_8809663576080_1.jpg\" \/>\n\t<meta property=\"og:image:width\" content=\"800\" \/>\n\t<meta property=\"og:image:height\" content=\"800\" \/>\n\t<meta property=\"og:image:type\" content=\"image\/jpeg\" \/>\n<meta name=\"twitter:card\" content=\"summary_large_image\" \/>\n<script type=\"application\/ld+json\" class=\"yoast-schema-graph\">{\"@context\":\"https:\/\/schema.org\",\"@graph\":[{\"@type\":\"WebPage\",\"@id\":\"https:\/\/itsskinbeauty.eu\/pt-pt\/producto\/hyaluronic-acid-moisture-eye-cream\/\",\"url\":\"https:\/\/itsskinbeauty.eu\/pt-pt\/producto\/hyaluronic-acid-moisture-eye-cream\/\",\"name\":\"Creme Para Os Olhos De \u00c1cido Hialur\u00f3nico + - Its Skin\",\"isPartOf\":{\"@id\":\"https:\/\/itsskinbeauty.eu\/pt-pt\/#website\"},\"primaryImageOfPage\":{\"@id\":\"https:\/\/itsskinbeauty.eu\/pt-pt\/producto\/hyaluronic-acid-moisture-eye-cream\/#primaryimage\"},\"image\":{\"@id\":\"https:\/\/itsskinbeauty.eu\/pt-pt\/producto\/hyaluronic-acid-moisture-eye-cream\/#primaryimage\"},\"thumbnailUrl\":\"https:\/\/itsskinbeauty.eu\/wp-content\/uploads\/2023\/04\/ITS019_8809663576080_1.jpg\",\"datePublished\":\"2023-04-27T12:15:53+00:00\",\"dateModified\":\"2023-05-09T10:31:28+00:00\",\"breadcrumb\":{\"@id\":\"https:\/\/itsskinbeauty.eu\/pt-pt\/producto\/hyaluronic-acid-moisture-eye-cream\/#breadcrumb\"},\"inLanguage\":\"pt-PT\",\"potentialAction\":[{\"@type\":\"ReadAction\",\"target\":[\"https:\/\/itsskinbeauty.eu\/pt-pt\/producto\/hyaluronic-acid-moisture-eye-cream\/\"]}]},{\"@type\":\"ImageObject\",\"inLanguage\":\"pt-PT\",\"@id\":\"https:\/\/itsskinbeauty.eu\/pt-pt\/producto\/hyaluronic-acid-moisture-eye-cream\/#primaryimage\",\"url\":\"https:\/\/itsskinbeauty.eu\/wp-content\/uploads\/2023\/04\/ITS019_8809663576080_1.jpg\",\"contentUrl\":\"https:\/\/itsskinbeauty.eu\/wp-content\/uploads\/2023\/04\/ITS019_8809663576080_1.jpg\",\"width\":800,\"height\":800},{\"@type\":\"BreadcrumbList\",\"@id\":\"https:\/\/itsskinbeauty.eu\/pt-pt\/producto\/hyaluronic-acid-moisture-eye-cream\/#breadcrumb\",\"itemListElement\":[{\"@type\":\"ListItem\",\"position\":1,\"name\":\"Portada\",\"item\":\"https:\/\/itsskinbeauty.eu\/pt-pt\/\"},{\"@type\":\"ListItem\",\"position\":2,\"name\":\"Tienda\",\"item\":\"https:\/\/itsskinbeauty.eu\/tienda\/\"},{\"@type\":\"ListItem\",\"position\":3,\"name\":\"Creme Para Os Olhos De \u00c1cido Hialur\u00f3nico +\"}]},{\"@type\":\"WebSite\",\"@id\":\"https:\/\/itsskinbeauty.eu\/pt-pt\/#website\",\"url\":\"https:\/\/itsskinbeauty.eu\/pt-pt\/\",\"name\":\"Its Skin\",\"description\":\"Its Skin Europe\",\"potentialAction\":[{\"@type\":\"SearchAction\",\"target\":{\"@type\":\"EntryPoint\",\"urlTemplate\":\"https:\/\/itsskinbeauty.eu\/pt-pt\/?s={search_term_string}\"},\"query-input\":{\"@type\":\"PropertyValueSpecification\",\"valueRequired\":true,\"valueName\":\"search_term_string\"}}],\"inLanguage\":\"pt-PT\"}]}<\/script>\n<!-- \/ Yoast SEO plugin. -->","yoast_head_json":{"title":"Creme Para Os Olhos De \u00c1cido Hialur\u00f3nico + - Its Skin","robots":{"index":"index","follow":"follow","max-snippet":"max-snippet:-1","max-image-preview":"max-image-preview:large","max-video-preview":"max-video-preview:-1"},"canonical":"https:\/\/itsskinbeauty.eu\/pt-pt\/producto\/hyaluronic-acid-moisture-eye-cream\/","og_locale":"pt_PT","og_type":"article","og_title":"Creme Para Os Olhos De \u00c1cido Hialur\u00f3nico + - Its Skin","og_description":"Uma linha de  hidrata\u00e7\u00e3o intensiva com \u00e1cido hialur\u00f3nico que hidrata em profundidade e  reabastece a barreira de hidrata\u00e7\u00e3o da pele.","og_url":"https:\/\/itsskinbeauty.eu\/pt-pt\/producto\/hyaluronic-acid-moisture-eye-cream\/","og_site_name":"Its Skin","article_modified_time":"2023-05-09T10:31:28+00:00","og_image":[{"width":800,"height":800,"url":"https:\/\/itsskinbeauty.eu\/wp-content\/uploads\/2023\/04\/ITS019_8809663576080_1.jpg","type":"image\/jpeg"}],"twitter_card":"summary_large_image","schema":{"@context":"https:\/\/schema.org","@graph":[{"@type":"WebPage","@id":"https:\/\/itsskinbeauty.eu\/pt-pt\/producto\/hyaluronic-acid-moisture-eye-cream\/","url":"https:\/\/itsskinbeauty.eu\/pt-pt\/producto\/hyaluronic-acid-moisture-eye-cream\/","name":"Creme Para Os Olhos De \u00c1cido Hialur\u00f3nico + - Its Skin","isPartOf":{"@id":"https:\/\/itsskinbeauty.eu\/pt-pt\/#website"},"primaryImageOfPage":{"@id":"https:\/\/itsskinbeauty.eu\/pt-pt\/producto\/hyaluronic-acid-moisture-eye-cream\/#primaryimage"},"image":{"@id":"https:\/\/itsskinbeauty.eu\/pt-pt\/producto\/hyaluronic-acid-moisture-eye-cream\/#primaryimage"},"thumbnailUrl":"https:\/\/itsskinbeauty.eu\/wp-content\/uploads\/2023\/04\/ITS019_8809663576080_1.jpg","datePublished":"2023-04-27T12:15:53+00:00","dateModified":"2023-05-09T10:31:28+00:00","breadcrumb":{"@id":"https:\/\/itsskinbeauty.eu\/pt-pt\/producto\/hyaluronic-acid-moisture-eye-cream\/#breadcrumb"},"inLanguage":"pt-PT","potentialAction":[{"@type":"ReadAction","target":["https:\/\/itsskinbeauty.eu\/pt-pt\/producto\/hyaluronic-acid-moisture-eye-cream\/"]}]},{"@type":"ImageObject","inLanguage":"pt-PT","@id":"https:\/\/itsskinbeauty.eu\/pt-pt\/producto\/hyaluronic-acid-moisture-eye-cream\/#primaryimage","url":"https:\/\/itsskinbeauty.eu\/wp-content\/uploads\/2023\/04\/ITS019_8809663576080_1.jpg","contentUrl":"https:\/\/itsskinbeauty.eu\/wp-content\/uploads\/2023\/04\/ITS019_8809663576080_1.jpg","width":800,"height":800},{"@type":"BreadcrumbList","@id":"https:\/\/itsskinbeauty.eu\/pt-pt\/producto\/hyaluronic-acid-moisture-eye-cream\/#breadcrumb","itemListElement":[{"@type":"ListItem","position":1,"name":"Portada","item":"https:\/\/itsskinbeauty.eu\/pt-pt\/"},{"@type":"ListItem","position":2,"name":"Tienda","item":"https:\/\/itsskinbeauty.eu\/tienda\/"},{"@type":"ListItem","position":3,"name":"Creme Para Os Olhos De \u00c1cido Hialur\u00f3nico +"}]},{"@type":"WebSite","@id":"https:\/\/itsskinbeauty.eu\/pt-pt\/#website","url":"https:\/\/itsskinbeauty.eu\/pt-pt\/","name":"Its Skin","description":"Its Skin Europe","potentialAction":[{"@type":"SearchAction","target":{"@type":"EntryPoint","urlTemplate":"https:\/\/itsskinbeauty.eu\/pt-pt\/?s={search_term_string}"},"query-input":{"@type":"PropertyValueSpecification","valueRequired":true,"valueName":"search_term_string"}}],"inLanguage":"pt-PT"}]}},"_links":{"self":[{"href":"https:\/\/itsskinbeauty.eu\/pt-pt\/wp-json\/wp\/v2\/product\/21071","targetHints":{"allow":["GET"]}}],"collection":[{"href":"https:\/\/itsskinbeauty.eu\/pt-pt\/wp-json\/wp\/v2\/product"}],"about":[{"href":"https:\/\/itsskinbeauty.eu\/pt-pt\/wp-json\/wp\/v2\/types\/product"}],"replies":[{"embeddable":true,"href":"https:\/\/itsskinbeauty.eu\/pt-pt\/wp-json\/wp\/v2\/comments?post=21071"}],"wp:featuredmedia":[{"embeddable":true,"href":"https:\/\/itsskinbeauty.eu\/pt-pt\/wp-json\/wp\/v2\/media\/20877"}],"wp:attachment":[{"href":"https:\/\/itsskinbeauty.eu\/pt-pt\/wp-json\/wp\/v2\/media?parent=21071"}],"wp:term":[{"taxonomy":"product_brand","embeddable":true,"href":"https:\/\/itsskinbeauty.eu\/pt-pt\/wp-json\/wp\/v2\/product_brand?post=21071"},{"taxonomy":"product_cat","embeddable":true,"href":"https:\/\/itsskinbeauty.eu\/pt-pt\/wp-json\/wp\/v2\/product_cat?post=21071"},{"taxonomy":"product_tag","embeddable":true,"href":"https:\/\/itsskinbeauty.eu\/pt-pt\/wp-json\/wp\/v2\/product_tag?post=21071"}],"curies":[{"name":"wp","href":"https:\/\/api.w.org\/{rel}","templated":true}]}}