{"id":21070,"date":"2023-04-27T12:15:53","date_gmt":"2023-04-27T12:15:53","guid":{"rendered":"https:\/\/itsskinbeauty.eu\/producto\/collatoning-toner\/"},"modified":"2023-05-09T10:31:27","modified_gmt":"2023-05-09T10:31:27","slug":"collatoning-toner","status":"publish","type":"product","link":"https:\/\/itsskinbeauty.eu\/pt-pt\/producto\/collatoning-toner\/","title":{"rendered":"Collatoning T\u00f3nico"},"content":{"rendered":"<h4>Como utilizar<\/h4>\n<p>Ap\u00f3s a limpeza, pegar uma quantidade adequada, aplicar suavemente ao longo do rosto, depois dar uma palmadinha suavemente para ajudar a pele a absorv\u00ea-lo.<\/p>\n<p><\/p>\n<h4>Ingredientes<\/h4>\n<p>Water, Glycerin, Alcohol, Pentylene Glycol, Butylene Glycol, Peg-8, Niacinamide, Ppg-26-Buteth-26, Polyglycerin-3, Peg-40 Hydrogenated Castor Oil, Fragrance, Acrylates\/C10-30 Alkyl Acrylate Crosspolymer, Tromethamine, Xanthan Gum, Adenosine, Dipropylene Glycol, 1,2-Hexanediol, Saussurea Involucrata Extract, Paeonia Suffruticosa Branch\/Flower\/Leaf Extract, Jasminum Officinale (Jasmine) Flower Extract, Hydrolyzed Collagen, Camellia Japonica Flower Extract, Raspberry Ketone<\/p>\n","protected":false},"excerpt":{"rendered":"<p>T\u00f3nico<br \/>\n  hidratante que fornece muita humidade sem ser pegajoso. A linha Collatoning<br \/>\n  fornece \u00e0 pele uma humidade abundante e firmeza gra\u00e7as ao Collatoning<br \/>\n  Complex\u2122.<\/p>\n","protected":false},"featured_media":20880,"comment_status":"closed","ping_status":"closed","template":"","meta":[],"product_brand":[],"product_cat":[670,681,667],"product_tag":[],"class_list":{"0":"post-21070","1":"product","2":"type-product","3":"status-publish","4":"has-post-thumbnail","6":"product_cat-colagenio","7":"product_cat-collatoning-pt-pt","8":"product_cat-tonico-pt-pt","10":"first","11":"instock","12":"shipping-taxable","13":"purchasable","14":"product-type-simple"},"yoast_head":"<!-- This site is optimized with the Yoast SEO plugin v27.2 - https:\/\/yoast.com\/product\/yoast-seo-wordpress\/ -->\n<title>Collatoning T\u00f3nico - Its Skin<\/title>\n<meta name=\"robots\" content=\"index, follow, max-snippet:-1, max-image-preview:large, max-video-preview:-1\" \/>\n<link rel=\"canonical\" href=\"https:\/\/itsskinbeauty.eu\/pt-pt\/producto\/collatoning-toner\/\" \/>\n<meta property=\"og:locale\" content=\"pt_PT\" \/>\n<meta property=\"og:type\" content=\"article\" \/>\n<meta property=\"og:title\" content=\"Collatoning T\u00f3nico - Its Skin\" \/>\n<meta property=\"og:description\" content=\"T\u00f3nico  hidratante que fornece muita humidade sem ser pegajoso. A linha Collatoning  fornece \u00e0 pele uma humidade abundante e firmeza gra\u00e7as ao Collatoning  Complex\u2122.\" \/>\n<meta property=\"og:url\" content=\"https:\/\/itsskinbeauty.eu\/pt-pt\/producto\/collatoning-toner\/\" \/>\n<meta property=\"og:site_name\" content=\"Its Skin\" \/>\n<meta property=\"article:modified_time\" content=\"2023-05-09T10:31:27+00:00\" \/>\n<meta property=\"og:image\" content=\"https:\/\/itsskinbeauty.eu\/wp-content\/uploads\/2023\/04\/ITS020_8809663571801_1.jpg\" \/>\n\t<meta property=\"og:image:width\" content=\"800\" \/>\n\t<meta property=\"og:image:height\" content=\"800\" \/>\n\t<meta property=\"og:image:type\" content=\"image\/jpeg\" \/>\n<meta name=\"twitter:card\" content=\"summary_large_image\" \/>\n<script type=\"application\/ld+json\" class=\"yoast-schema-graph\">{\"@context\":\"https:\/\/schema.org\",\"@graph\":[{\"@type\":\"WebPage\",\"@id\":\"https:\/\/itsskinbeauty.eu\/pt-pt\/producto\/collatoning-toner\/\",\"url\":\"https:\/\/itsskinbeauty.eu\/pt-pt\/producto\/collatoning-toner\/\",\"name\":\"Collatoning T\u00f3nico - Its Skin\",\"isPartOf\":{\"@id\":\"https:\/\/itsskinbeauty.eu\/pt-pt\/#website\"},\"primaryImageOfPage\":{\"@id\":\"https:\/\/itsskinbeauty.eu\/pt-pt\/producto\/collatoning-toner\/#primaryimage\"},\"image\":{\"@id\":\"https:\/\/itsskinbeauty.eu\/pt-pt\/producto\/collatoning-toner\/#primaryimage\"},\"thumbnailUrl\":\"https:\/\/itsskinbeauty.eu\/wp-content\/uploads\/2023\/04\/ITS020_8809663571801_1.jpg\",\"datePublished\":\"2023-04-27T12:15:53+00:00\",\"dateModified\":\"2023-05-09T10:31:27+00:00\",\"breadcrumb\":{\"@id\":\"https:\/\/itsskinbeauty.eu\/pt-pt\/producto\/collatoning-toner\/#breadcrumb\"},\"inLanguage\":\"pt-PT\",\"potentialAction\":[{\"@type\":\"ReadAction\",\"target\":[\"https:\/\/itsskinbeauty.eu\/pt-pt\/producto\/collatoning-toner\/\"]}]},{\"@type\":\"ImageObject\",\"inLanguage\":\"pt-PT\",\"@id\":\"https:\/\/itsskinbeauty.eu\/pt-pt\/producto\/collatoning-toner\/#primaryimage\",\"url\":\"https:\/\/itsskinbeauty.eu\/wp-content\/uploads\/2023\/04\/ITS020_8809663571801_1.jpg\",\"contentUrl\":\"https:\/\/itsskinbeauty.eu\/wp-content\/uploads\/2023\/04\/ITS020_8809663571801_1.jpg\",\"width\":800,\"height\":800},{\"@type\":\"BreadcrumbList\",\"@id\":\"https:\/\/itsskinbeauty.eu\/pt-pt\/producto\/collatoning-toner\/#breadcrumb\",\"itemListElement\":[{\"@type\":\"ListItem\",\"position\":1,\"name\":\"Portada\",\"item\":\"https:\/\/itsskinbeauty.eu\/pt-pt\/\"},{\"@type\":\"ListItem\",\"position\":2,\"name\":\"Tienda\",\"item\":\"https:\/\/itsskinbeauty.eu\/tienda\/\"},{\"@type\":\"ListItem\",\"position\":3,\"name\":\"Collatoning T\u00f3nico\"}]},{\"@type\":\"WebSite\",\"@id\":\"https:\/\/itsskinbeauty.eu\/pt-pt\/#website\",\"url\":\"https:\/\/itsskinbeauty.eu\/pt-pt\/\",\"name\":\"Its Skin\",\"description\":\"Its Skin Europe\",\"potentialAction\":[{\"@type\":\"SearchAction\",\"target\":{\"@type\":\"EntryPoint\",\"urlTemplate\":\"https:\/\/itsskinbeauty.eu\/pt-pt\/?s={search_term_string}\"},\"query-input\":{\"@type\":\"PropertyValueSpecification\",\"valueRequired\":true,\"valueName\":\"search_term_string\"}}],\"inLanguage\":\"pt-PT\"}]}<\/script>\n<!-- \/ Yoast SEO plugin. -->","yoast_head_json":{"title":"Collatoning T\u00f3nico - Its Skin","robots":{"index":"index","follow":"follow","max-snippet":"max-snippet:-1","max-image-preview":"max-image-preview:large","max-video-preview":"max-video-preview:-1"},"canonical":"https:\/\/itsskinbeauty.eu\/pt-pt\/producto\/collatoning-toner\/","og_locale":"pt_PT","og_type":"article","og_title":"Collatoning T\u00f3nico - Its Skin","og_description":"T\u00f3nico  hidratante que fornece muita humidade sem ser pegajoso. A linha Collatoning  fornece \u00e0 pele uma humidade abundante e firmeza gra\u00e7as ao Collatoning  Complex\u2122.","og_url":"https:\/\/itsskinbeauty.eu\/pt-pt\/producto\/collatoning-toner\/","og_site_name":"Its Skin","article_modified_time":"2023-05-09T10:31:27+00:00","og_image":[{"width":800,"height":800,"url":"https:\/\/itsskinbeauty.eu\/wp-content\/uploads\/2023\/04\/ITS020_8809663571801_1.jpg","type":"image\/jpeg"}],"twitter_card":"summary_large_image","schema":{"@context":"https:\/\/schema.org","@graph":[{"@type":"WebPage","@id":"https:\/\/itsskinbeauty.eu\/pt-pt\/producto\/collatoning-toner\/","url":"https:\/\/itsskinbeauty.eu\/pt-pt\/producto\/collatoning-toner\/","name":"Collatoning T\u00f3nico - Its Skin","isPartOf":{"@id":"https:\/\/itsskinbeauty.eu\/pt-pt\/#website"},"primaryImageOfPage":{"@id":"https:\/\/itsskinbeauty.eu\/pt-pt\/producto\/collatoning-toner\/#primaryimage"},"image":{"@id":"https:\/\/itsskinbeauty.eu\/pt-pt\/producto\/collatoning-toner\/#primaryimage"},"thumbnailUrl":"https:\/\/itsskinbeauty.eu\/wp-content\/uploads\/2023\/04\/ITS020_8809663571801_1.jpg","datePublished":"2023-04-27T12:15:53+00:00","dateModified":"2023-05-09T10:31:27+00:00","breadcrumb":{"@id":"https:\/\/itsskinbeauty.eu\/pt-pt\/producto\/collatoning-toner\/#breadcrumb"},"inLanguage":"pt-PT","potentialAction":[{"@type":"ReadAction","target":["https:\/\/itsskinbeauty.eu\/pt-pt\/producto\/collatoning-toner\/"]}]},{"@type":"ImageObject","inLanguage":"pt-PT","@id":"https:\/\/itsskinbeauty.eu\/pt-pt\/producto\/collatoning-toner\/#primaryimage","url":"https:\/\/itsskinbeauty.eu\/wp-content\/uploads\/2023\/04\/ITS020_8809663571801_1.jpg","contentUrl":"https:\/\/itsskinbeauty.eu\/wp-content\/uploads\/2023\/04\/ITS020_8809663571801_1.jpg","width":800,"height":800},{"@type":"BreadcrumbList","@id":"https:\/\/itsskinbeauty.eu\/pt-pt\/producto\/collatoning-toner\/#breadcrumb","itemListElement":[{"@type":"ListItem","position":1,"name":"Portada","item":"https:\/\/itsskinbeauty.eu\/pt-pt\/"},{"@type":"ListItem","position":2,"name":"Tienda","item":"https:\/\/itsskinbeauty.eu\/tienda\/"},{"@type":"ListItem","position":3,"name":"Collatoning T\u00f3nico"}]},{"@type":"WebSite","@id":"https:\/\/itsskinbeauty.eu\/pt-pt\/#website","url":"https:\/\/itsskinbeauty.eu\/pt-pt\/","name":"Its Skin","description":"Its Skin Europe","potentialAction":[{"@type":"SearchAction","target":{"@type":"EntryPoint","urlTemplate":"https:\/\/itsskinbeauty.eu\/pt-pt\/?s={search_term_string}"},"query-input":{"@type":"PropertyValueSpecification","valueRequired":true,"valueName":"search_term_string"}}],"inLanguage":"pt-PT"}]}},"_links":{"self":[{"href":"https:\/\/itsskinbeauty.eu\/pt-pt\/wp-json\/wp\/v2\/product\/21070","targetHints":{"allow":["GET"]}}],"collection":[{"href":"https:\/\/itsskinbeauty.eu\/pt-pt\/wp-json\/wp\/v2\/product"}],"about":[{"href":"https:\/\/itsskinbeauty.eu\/pt-pt\/wp-json\/wp\/v2\/types\/product"}],"replies":[{"embeddable":true,"href":"https:\/\/itsskinbeauty.eu\/pt-pt\/wp-json\/wp\/v2\/comments?post=21070"}],"wp:featuredmedia":[{"embeddable":true,"href":"https:\/\/itsskinbeauty.eu\/pt-pt\/wp-json\/wp\/v2\/media\/20880"}],"wp:attachment":[{"href":"https:\/\/itsskinbeauty.eu\/pt-pt\/wp-json\/wp\/v2\/media?parent=21070"}],"wp:term":[{"taxonomy":"product_brand","embeddable":true,"href":"https:\/\/itsskinbeauty.eu\/pt-pt\/wp-json\/wp\/v2\/product_brand?post=21070"},{"taxonomy":"product_cat","embeddable":true,"href":"https:\/\/itsskinbeauty.eu\/pt-pt\/wp-json\/wp\/v2\/product_cat?post=21070"},{"taxonomy":"product_tag","embeddable":true,"href":"https:\/\/itsskinbeauty.eu\/pt-pt\/wp-json\/wp\/v2\/product_tag?post=21070"}],"curies":[{"name":"wp","href":"https:\/\/api.w.org\/{rel}","templated":true}]}}