{"id":21067,"date":"2023-04-27T12:16:00","date_gmt":"2023-04-27T12:16:00","guid":{"rendered":"https:\/\/itsskinbeauty.eu\/producto\/collatoning-eye-serum\/"},"modified":"2023-05-09T10:31:19","modified_gmt":"2023-05-09T10:31:19","slug":"collatoning-eye-serum","status":"publish","type":"product","link":"https:\/\/itsskinbeauty.eu\/pt-pt\/producto\/collatoning-eye-serum\/","title":{"rendered":"Collatoning Creme Para Os Olhos"},"content":{"rendered":"<h4>Como utilizar<\/h4>\n<p>1. Pressionar o tubo para extrair uma quantidade adequada e aplicar \u00e0 volta dos olhos. 2. Utilizando as 3 bolas de massagem inclu\u00eddas na embalagem, massajar suavemente a f\u00f3rmula no rosto. Bata suavemente com os dedos para absor\u00e7\u00e3o pela pele. Utiliza\u00e7\u00e3o em outras \u00e1reas com problemas de rugas.<\/p>\n<p><\/p>\n<h4>Ingredientes<\/h4>\n<p>Water, Glycerin, Dipropylene Glycol, Bis-Peg-18 Methyl Ether Dimethyl Silane, Polyglycerin-3, Diglycerin, Propanediol, Niacinamide, Panthenol, Acrylates\/C10-30 Alkyl Acrylate Crosspolymer, Peg-40 Hydrogenated Castor Oil, Ppg-26-Buteth-26, Tromethamine, Fragrance, Caprylyl Glycol, Butylene Glycol, Adenosine, Ethylhexylglycerin, 1,2-Hexanediol, Camellia Japonica Flower Extract, Disodium Edta, Hydrolyzed Collagen, Jasminum Officinale (Jasmine) Flower Extract, Paeonia Suffruticosa Branch\/Flower\/Leaf Extract, Saussurea Involucrata Extract, Ci 19140, Ci 15985, Raspberry Ketone<\/p>\n","protected":false},"excerpt":{"rendered":"<p>Contorno dos<br \/>\n  olhos que proporciona hidrata\u00e7\u00e3o e torna a pele mais el\u00e1stica. Inclui<br \/>\n  aplicador com 3 bolas de massagem, gra\u00e7as ao Collatoning Complex\u2122.<\/p>\n","protected":false},"featured_media":20886,"comment_status":"closed","ping_status":"closed","template":"","meta":[],"product_brand":[],"product_cat":[670,681,671],"product_tag":[],"class_list":{"0":"post-21067","1":"product","2":"type-product","3":"status-publish","4":"has-post-thumbnail","6":"product_cat-colagenio","7":"product_cat-collatoning-pt-pt","8":"product_cat-contorno-de-olhos","10":"first","11":"instock","12":"shipping-taxable","13":"purchasable","14":"product-type-simple"},"yoast_head":"<!-- This site is optimized with the Yoast SEO plugin v27.2 - https:\/\/yoast.com\/product\/yoast-seo-wordpress\/ -->\n<title>Collatoning Creme Para Os Olhos - Its Skin<\/title>\n<meta name=\"robots\" content=\"index, follow, max-snippet:-1, max-image-preview:large, max-video-preview:-1\" \/>\n<link rel=\"canonical\" href=\"https:\/\/itsskinbeauty.eu\/pt-pt\/producto\/collatoning-eye-serum\/\" \/>\n<meta property=\"og:locale\" content=\"pt_PT\" \/>\n<meta property=\"og:type\" content=\"article\" \/>\n<meta property=\"og:title\" content=\"Collatoning Creme Para Os Olhos - Its Skin\" \/>\n<meta property=\"og:description\" content=\"Contorno dos  olhos que proporciona hidrata\u00e7\u00e3o e torna a pele mais el\u00e1stica. Inclui  aplicador com 3 bolas de massagem, gra\u00e7as ao Collatoning Complex\u2122.\" \/>\n<meta property=\"og:url\" content=\"https:\/\/itsskinbeauty.eu\/pt-pt\/producto\/collatoning-eye-serum\/\" \/>\n<meta property=\"og:site_name\" content=\"Its Skin\" \/>\n<meta property=\"article:modified_time\" content=\"2023-05-09T10:31:19+00:00\" \/>\n<meta property=\"og:image\" content=\"https:\/\/itsskinbeauty.eu\/wp-content\/uploads\/2023\/04\/ITS023_8809663571832_1.jpg\" \/>\n\t<meta property=\"og:image:width\" content=\"800\" \/>\n\t<meta property=\"og:image:height\" content=\"800\" \/>\n\t<meta property=\"og:image:type\" content=\"image\/jpeg\" \/>\n<meta name=\"twitter:card\" content=\"summary_large_image\" \/>\n<meta name=\"twitter:label1\" content=\"Tempo estimado de leitura\" \/>\n\t<meta name=\"twitter:data1\" content=\"1 minuto\" \/>\n<script type=\"application\/ld+json\" class=\"yoast-schema-graph\">{\"@context\":\"https:\/\/schema.org\",\"@graph\":[{\"@type\":\"WebPage\",\"@id\":\"https:\/\/itsskinbeauty.eu\/pt-pt\/producto\/collatoning-eye-serum\/\",\"url\":\"https:\/\/itsskinbeauty.eu\/pt-pt\/producto\/collatoning-eye-serum\/\",\"name\":\"Collatoning Creme Para Os Olhos - Its Skin\",\"isPartOf\":{\"@id\":\"https:\/\/itsskinbeauty.eu\/pt-pt\/#website\"},\"primaryImageOfPage\":{\"@id\":\"https:\/\/itsskinbeauty.eu\/pt-pt\/producto\/collatoning-eye-serum\/#primaryimage\"},\"image\":{\"@id\":\"https:\/\/itsskinbeauty.eu\/pt-pt\/producto\/collatoning-eye-serum\/#primaryimage\"},\"thumbnailUrl\":\"https:\/\/itsskinbeauty.eu\/wp-content\/uploads\/2023\/04\/ITS023_8809663571832_1.jpg\",\"datePublished\":\"2023-04-27T12:16:00+00:00\",\"dateModified\":\"2023-05-09T10:31:19+00:00\",\"breadcrumb\":{\"@id\":\"https:\/\/itsskinbeauty.eu\/pt-pt\/producto\/collatoning-eye-serum\/#breadcrumb\"},\"inLanguage\":\"pt-PT\",\"potentialAction\":[{\"@type\":\"ReadAction\",\"target\":[\"https:\/\/itsskinbeauty.eu\/pt-pt\/producto\/collatoning-eye-serum\/\"]}]},{\"@type\":\"ImageObject\",\"inLanguage\":\"pt-PT\",\"@id\":\"https:\/\/itsskinbeauty.eu\/pt-pt\/producto\/collatoning-eye-serum\/#primaryimage\",\"url\":\"https:\/\/itsskinbeauty.eu\/wp-content\/uploads\/2023\/04\/ITS023_8809663571832_1.jpg\",\"contentUrl\":\"https:\/\/itsskinbeauty.eu\/wp-content\/uploads\/2023\/04\/ITS023_8809663571832_1.jpg\",\"width\":800,\"height\":800},{\"@type\":\"BreadcrumbList\",\"@id\":\"https:\/\/itsskinbeauty.eu\/pt-pt\/producto\/collatoning-eye-serum\/#breadcrumb\",\"itemListElement\":[{\"@type\":\"ListItem\",\"position\":1,\"name\":\"Portada\",\"item\":\"https:\/\/itsskinbeauty.eu\/pt-pt\/\"},{\"@type\":\"ListItem\",\"position\":2,\"name\":\"Tienda\",\"item\":\"https:\/\/itsskinbeauty.eu\/tienda\/\"},{\"@type\":\"ListItem\",\"position\":3,\"name\":\"Collatoning Creme Para Os Olhos\"}]},{\"@type\":\"WebSite\",\"@id\":\"https:\/\/itsskinbeauty.eu\/pt-pt\/#website\",\"url\":\"https:\/\/itsskinbeauty.eu\/pt-pt\/\",\"name\":\"Its Skin\",\"description\":\"Its Skin Europe\",\"potentialAction\":[{\"@type\":\"SearchAction\",\"target\":{\"@type\":\"EntryPoint\",\"urlTemplate\":\"https:\/\/itsskinbeauty.eu\/pt-pt\/?s={search_term_string}\"},\"query-input\":{\"@type\":\"PropertyValueSpecification\",\"valueRequired\":true,\"valueName\":\"search_term_string\"}}],\"inLanguage\":\"pt-PT\"}]}<\/script>\n<!-- \/ Yoast SEO plugin. -->","yoast_head_json":{"title":"Collatoning Creme Para Os Olhos - Its Skin","robots":{"index":"index","follow":"follow","max-snippet":"max-snippet:-1","max-image-preview":"max-image-preview:large","max-video-preview":"max-video-preview:-1"},"canonical":"https:\/\/itsskinbeauty.eu\/pt-pt\/producto\/collatoning-eye-serum\/","og_locale":"pt_PT","og_type":"article","og_title":"Collatoning Creme Para Os Olhos - Its Skin","og_description":"Contorno dos  olhos que proporciona hidrata\u00e7\u00e3o e torna a pele mais el\u00e1stica. Inclui  aplicador com 3 bolas de massagem, gra\u00e7as ao Collatoning Complex\u2122.","og_url":"https:\/\/itsskinbeauty.eu\/pt-pt\/producto\/collatoning-eye-serum\/","og_site_name":"Its Skin","article_modified_time":"2023-05-09T10:31:19+00:00","og_image":[{"width":800,"height":800,"url":"https:\/\/itsskinbeauty.eu\/wp-content\/uploads\/2023\/04\/ITS023_8809663571832_1.jpg","type":"image\/jpeg"}],"twitter_card":"summary_large_image","twitter_misc":{"Tempo estimado de leitura":"1 minuto"},"schema":{"@context":"https:\/\/schema.org","@graph":[{"@type":"WebPage","@id":"https:\/\/itsskinbeauty.eu\/pt-pt\/producto\/collatoning-eye-serum\/","url":"https:\/\/itsskinbeauty.eu\/pt-pt\/producto\/collatoning-eye-serum\/","name":"Collatoning Creme Para Os Olhos - Its Skin","isPartOf":{"@id":"https:\/\/itsskinbeauty.eu\/pt-pt\/#website"},"primaryImageOfPage":{"@id":"https:\/\/itsskinbeauty.eu\/pt-pt\/producto\/collatoning-eye-serum\/#primaryimage"},"image":{"@id":"https:\/\/itsskinbeauty.eu\/pt-pt\/producto\/collatoning-eye-serum\/#primaryimage"},"thumbnailUrl":"https:\/\/itsskinbeauty.eu\/wp-content\/uploads\/2023\/04\/ITS023_8809663571832_1.jpg","datePublished":"2023-04-27T12:16:00+00:00","dateModified":"2023-05-09T10:31:19+00:00","breadcrumb":{"@id":"https:\/\/itsskinbeauty.eu\/pt-pt\/producto\/collatoning-eye-serum\/#breadcrumb"},"inLanguage":"pt-PT","potentialAction":[{"@type":"ReadAction","target":["https:\/\/itsskinbeauty.eu\/pt-pt\/producto\/collatoning-eye-serum\/"]}]},{"@type":"ImageObject","inLanguage":"pt-PT","@id":"https:\/\/itsskinbeauty.eu\/pt-pt\/producto\/collatoning-eye-serum\/#primaryimage","url":"https:\/\/itsskinbeauty.eu\/wp-content\/uploads\/2023\/04\/ITS023_8809663571832_1.jpg","contentUrl":"https:\/\/itsskinbeauty.eu\/wp-content\/uploads\/2023\/04\/ITS023_8809663571832_1.jpg","width":800,"height":800},{"@type":"BreadcrumbList","@id":"https:\/\/itsskinbeauty.eu\/pt-pt\/producto\/collatoning-eye-serum\/#breadcrumb","itemListElement":[{"@type":"ListItem","position":1,"name":"Portada","item":"https:\/\/itsskinbeauty.eu\/pt-pt\/"},{"@type":"ListItem","position":2,"name":"Tienda","item":"https:\/\/itsskinbeauty.eu\/tienda\/"},{"@type":"ListItem","position":3,"name":"Collatoning Creme Para Os Olhos"}]},{"@type":"WebSite","@id":"https:\/\/itsskinbeauty.eu\/pt-pt\/#website","url":"https:\/\/itsskinbeauty.eu\/pt-pt\/","name":"Its Skin","description":"Its Skin Europe","potentialAction":[{"@type":"SearchAction","target":{"@type":"EntryPoint","urlTemplate":"https:\/\/itsskinbeauty.eu\/pt-pt\/?s={search_term_string}"},"query-input":{"@type":"PropertyValueSpecification","valueRequired":true,"valueName":"search_term_string"}}],"inLanguage":"pt-PT"}]}},"_links":{"self":[{"href":"https:\/\/itsskinbeauty.eu\/pt-pt\/wp-json\/wp\/v2\/product\/21067","targetHints":{"allow":["GET"]}}],"collection":[{"href":"https:\/\/itsskinbeauty.eu\/pt-pt\/wp-json\/wp\/v2\/product"}],"about":[{"href":"https:\/\/itsskinbeauty.eu\/pt-pt\/wp-json\/wp\/v2\/types\/product"}],"replies":[{"embeddable":true,"href":"https:\/\/itsskinbeauty.eu\/pt-pt\/wp-json\/wp\/v2\/comments?post=21067"}],"wp:featuredmedia":[{"embeddable":true,"href":"https:\/\/itsskinbeauty.eu\/pt-pt\/wp-json\/wp\/v2\/media\/20886"}],"wp:attachment":[{"href":"https:\/\/itsskinbeauty.eu\/pt-pt\/wp-json\/wp\/v2\/media?parent=21067"}],"wp:term":[{"taxonomy":"product_brand","embeddable":true,"href":"https:\/\/itsskinbeauty.eu\/pt-pt\/wp-json\/wp\/v2\/product_brand?post=21067"},{"taxonomy":"product_cat","embeddable":true,"href":"https:\/\/itsskinbeauty.eu\/pt-pt\/wp-json\/wp\/v2\/product_cat?post=21067"},{"taxonomy":"product_tag","embeddable":true,"href":"https:\/\/itsskinbeauty.eu\/pt-pt\/wp-json\/wp\/v2\/product_tag?post=21067"}],"curies":[{"name":"wp","href":"https:\/\/api.w.org\/{rel}","templated":true}]}}