{"id":21064,"date":"2023-04-27T12:16:08","date_gmt":"2023-04-27T12:16:08","guid":{"rendered":"https:\/\/itsskinbeauty.eu\/producto\/mangowhite-peeling-gel\/"},"modified":"2023-05-09T10:31:18","modified_gmt":"2023-05-09T10:31:18","slug":"mangowhite-peeling-gel","status":"publish","type":"product","link":"https:\/\/itsskinbeauty.eu\/pt-pt\/producto\/mangowhite-peeling-gel\/","title":{"rendered":"Mangowhite Gel Peeling"},"content":{"rendered":"<h4>Como utilizar<\/h4>\n<p>1. aplicar uma quantidade apropriada de produto e depois massajar suavemente. 2. remover o produto com \u00e1gua morna.<\/p>\n<p><\/p>\n<h4>Ingredientes<\/h4>\n<p>Aqua, Butylene Glycol, Cellulose, Alcohol Denat. , Ethyl Hexanediol, Triethanolamine, Dipropylene Glycol, Carbomer, Panthenol, Ethylhexylglycerin, Parfume, Peg-40 Hydrogenated Castor Oil, Ppg-26-Buteth-26, Zea Mays (Corn) Starch, Mannitol, Propylene Glycol, Microcrystalline Cellulose, Pyrus Malus (Apple) Fruit Water, Althaea Officinalis Leaf\/Root Extract, Carica Papaya (Papaya) Fruit Extract, Chamomilla Recutita (Matricaria) Flower Extract, Disodium Edta, Foeniculum Vulgare (Fennel) Fruit Extract, Houttuynia Cordata Extract, Lavandula Angustifolia (Lavender) Flower Extract, Ocimum Basilicum (Basil) Flower\/Leaf Extract, Rosmarinus Officinalis (Rosemary) Leaf Extract, Ci 77491, Phenoxyethanol, Hydrogenated Lecithin, Garcinia Mangostana Peel Extract, Tocopheryl Acetate, Ci 77492, Shellac, Ci 17200<\/p>\n","protected":false},"excerpt":{"rendered":"<p>Gel esfoliante<br \/>\n  suave com extracto de casca de mangost\u00e3o para deixar a pele limpa e lisa. O<br \/>\n  extracto de casca de mangost\u00e3o, uma fruta tropical doce, cuida da pele e<br \/>\n  remove suavemente as c\u00e9lulas mortas da pele, deixando-a macia.<\/p>\n","protected":false},"featured_media":0,"comment_status":"closed","ping_status":"closed","template":"","meta":[],"product_brand":[],"product_cat":[669],"product_tag":[],"class_list":{"0":"post-21064","1":"product","2":"type-product","3":"status-publish","5":"product_cat-limpador","7":"first","8":"instock","9":"shipping-taxable","10":"purchasable","11":"product-type-simple"},"yoast_head":"<!-- This site is optimized with the Yoast SEO plugin v27.2 - https:\/\/yoast.com\/product\/yoast-seo-wordpress\/ -->\n<title>Mangowhite Gel Peeling - Its Skin<\/title>\n<meta name=\"robots\" content=\"index, follow, max-snippet:-1, max-image-preview:large, max-video-preview:-1\" \/>\n<link rel=\"canonical\" href=\"https:\/\/itsskinbeauty.eu\/pt-pt\/producto\/mangowhite-peeling-gel\/\" \/>\n<meta property=\"og:locale\" content=\"pt_PT\" \/>\n<meta property=\"og:type\" content=\"article\" \/>\n<meta property=\"og:title\" content=\"Mangowhite Gel Peeling - Its Skin\" \/>\n<meta property=\"og:description\" content=\"Gel esfoliante  suave com extracto de casca de mangost\u00e3o para deixar a pele limpa e lisa. O  extracto de casca de mangost\u00e3o, uma fruta tropical doce, cuida da pele e  remove suavemente as c\u00e9lulas mortas da pele, deixando-a macia.\" \/>\n<meta property=\"og:url\" content=\"https:\/\/itsskinbeauty.eu\/pt-pt\/producto\/mangowhite-peeling-gel\/\" \/>\n<meta property=\"og:site_name\" content=\"Its Skin\" \/>\n<meta property=\"article:modified_time\" content=\"2023-05-09T10:31:18+00:00\" \/>\n<meta name=\"twitter:card\" content=\"summary_large_image\" \/>\n<meta name=\"twitter:label1\" content=\"Tempo estimado de leitura\" \/>\n\t<meta name=\"twitter:data1\" content=\"1 minuto\" \/>\n<script type=\"application\/ld+json\" class=\"yoast-schema-graph\">{\"@context\":\"https:\/\/schema.org\",\"@graph\":[{\"@type\":\"WebPage\",\"@id\":\"https:\/\/itsskinbeauty.eu\/pt-pt\/producto\/mangowhite-peeling-gel\/\",\"url\":\"https:\/\/itsskinbeauty.eu\/pt-pt\/producto\/mangowhite-peeling-gel\/\",\"name\":\"Mangowhite Gel Peeling - Its Skin\",\"isPartOf\":{\"@id\":\"https:\/\/itsskinbeauty.eu\/pt-pt\/#website\"},\"datePublished\":\"2023-04-27T12:16:08+00:00\",\"dateModified\":\"2023-05-09T10:31:18+00:00\",\"breadcrumb\":{\"@id\":\"https:\/\/itsskinbeauty.eu\/pt-pt\/producto\/mangowhite-peeling-gel\/#breadcrumb\"},\"inLanguage\":\"pt-PT\",\"potentialAction\":[{\"@type\":\"ReadAction\",\"target\":[\"https:\/\/itsskinbeauty.eu\/pt-pt\/producto\/mangowhite-peeling-gel\/\"]}]},{\"@type\":\"BreadcrumbList\",\"@id\":\"https:\/\/itsskinbeauty.eu\/pt-pt\/producto\/mangowhite-peeling-gel\/#breadcrumb\",\"itemListElement\":[{\"@type\":\"ListItem\",\"position\":1,\"name\":\"Portada\",\"item\":\"https:\/\/itsskinbeauty.eu\/pt-pt\/\"},{\"@type\":\"ListItem\",\"position\":2,\"name\":\"Tienda\",\"item\":\"https:\/\/itsskinbeauty.eu\/tienda\/\"},{\"@type\":\"ListItem\",\"position\":3,\"name\":\"Mangowhite Gel Peeling\"}]},{\"@type\":\"WebSite\",\"@id\":\"https:\/\/itsskinbeauty.eu\/pt-pt\/#website\",\"url\":\"https:\/\/itsskinbeauty.eu\/pt-pt\/\",\"name\":\"Its Skin\",\"description\":\"Its Skin Europe\",\"potentialAction\":[{\"@type\":\"SearchAction\",\"target\":{\"@type\":\"EntryPoint\",\"urlTemplate\":\"https:\/\/itsskinbeauty.eu\/pt-pt\/?s={search_term_string}\"},\"query-input\":{\"@type\":\"PropertyValueSpecification\",\"valueRequired\":true,\"valueName\":\"search_term_string\"}}],\"inLanguage\":\"pt-PT\"}]}<\/script>\n<!-- \/ Yoast SEO plugin. -->","yoast_head_json":{"title":"Mangowhite Gel Peeling - Its Skin","robots":{"index":"index","follow":"follow","max-snippet":"max-snippet:-1","max-image-preview":"max-image-preview:large","max-video-preview":"max-video-preview:-1"},"canonical":"https:\/\/itsskinbeauty.eu\/pt-pt\/producto\/mangowhite-peeling-gel\/","og_locale":"pt_PT","og_type":"article","og_title":"Mangowhite Gel Peeling - Its Skin","og_description":"Gel esfoliante  suave com extracto de casca de mangost\u00e3o para deixar a pele limpa e lisa. O  extracto de casca de mangost\u00e3o, uma fruta tropical doce, cuida da pele e  remove suavemente as c\u00e9lulas mortas da pele, deixando-a macia.","og_url":"https:\/\/itsskinbeauty.eu\/pt-pt\/producto\/mangowhite-peeling-gel\/","og_site_name":"Its Skin","article_modified_time":"2023-05-09T10:31:18+00:00","twitter_card":"summary_large_image","twitter_misc":{"Tempo estimado de leitura":"1 minuto"},"schema":{"@context":"https:\/\/schema.org","@graph":[{"@type":"WebPage","@id":"https:\/\/itsskinbeauty.eu\/pt-pt\/producto\/mangowhite-peeling-gel\/","url":"https:\/\/itsskinbeauty.eu\/pt-pt\/producto\/mangowhite-peeling-gel\/","name":"Mangowhite Gel Peeling - Its Skin","isPartOf":{"@id":"https:\/\/itsskinbeauty.eu\/pt-pt\/#website"},"datePublished":"2023-04-27T12:16:08+00:00","dateModified":"2023-05-09T10:31:18+00:00","breadcrumb":{"@id":"https:\/\/itsskinbeauty.eu\/pt-pt\/producto\/mangowhite-peeling-gel\/#breadcrumb"},"inLanguage":"pt-PT","potentialAction":[{"@type":"ReadAction","target":["https:\/\/itsskinbeauty.eu\/pt-pt\/producto\/mangowhite-peeling-gel\/"]}]},{"@type":"BreadcrumbList","@id":"https:\/\/itsskinbeauty.eu\/pt-pt\/producto\/mangowhite-peeling-gel\/#breadcrumb","itemListElement":[{"@type":"ListItem","position":1,"name":"Portada","item":"https:\/\/itsskinbeauty.eu\/pt-pt\/"},{"@type":"ListItem","position":2,"name":"Tienda","item":"https:\/\/itsskinbeauty.eu\/tienda\/"},{"@type":"ListItem","position":3,"name":"Mangowhite Gel Peeling"}]},{"@type":"WebSite","@id":"https:\/\/itsskinbeauty.eu\/pt-pt\/#website","url":"https:\/\/itsskinbeauty.eu\/pt-pt\/","name":"Its Skin","description":"Its Skin Europe","potentialAction":[{"@type":"SearchAction","target":{"@type":"EntryPoint","urlTemplate":"https:\/\/itsskinbeauty.eu\/pt-pt\/?s={search_term_string}"},"query-input":{"@type":"PropertyValueSpecification","valueRequired":true,"valueName":"search_term_string"}}],"inLanguage":"pt-PT"}]}},"_links":{"self":[{"href":"https:\/\/itsskinbeauty.eu\/pt-pt\/wp-json\/wp\/v2\/product\/21064","targetHints":{"allow":["GET"]}}],"collection":[{"href":"https:\/\/itsskinbeauty.eu\/pt-pt\/wp-json\/wp\/v2\/product"}],"about":[{"href":"https:\/\/itsskinbeauty.eu\/pt-pt\/wp-json\/wp\/v2\/types\/product"}],"replies":[{"embeddable":true,"href":"https:\/\/itsskinbeauty.eu\/pt-pt\/wp-json\/wp\/v2\/comments?post=21064"}],"wp:attachment":[{"href":"https:\/\/itsskinbeauty.eu\/pt-pt\/wp-json\/wp\/v2\/media?parent=21064"}],"wp:term":[{"taxonomy":"product_brand","embeddable":true,"href":"https:\/\/itsskinbeauty.eu\/pt-pt\/wp-json\/wp\/v2\/product_brand?post=21064"},{"taxonomy":"product_cat","embeddable":true,"href":"https:\/\/itsskinbeauty.eu\/pt-pt\/wp-json\/wp\/v2\/product_cat?post=21064"},{"taxonomy":"product_tag","embeddable":true,"href":"https:\/\/itsskinbeauty.eu\/pt-pt\/wp-json\/wp\/v2\/product_tag?post=21064"}],"curies":[{"name":"wp","href":"https:\/\/api.w.org\/{rel}","templated":true}]}}