{"id":21063,"date":"2023-04-27T12:16:08","date_gmt":"2023-04-27T12:16:08","guid":{"rendered":"https:\/\/itsskinbeauty.eu\/producto\/lemon-c-squeeze-ampoule-toner\/"},"modified":"2023-05-09T10:31:10","modified_gmt":"2023-05-09T10:31:10","slug":"lemon-c-squeeze-ampoule-toner","status":"publish","type":"product","link":"https:\/\/itsskinbeauty.eu\/pt-pt\/producto\/lemon-c-squeeze-ampoule-toner\/","title":{"rendered":"Lemon&#8217; C Squeeze T\u00f3ner Ampola"},"content":{"rendered":"<h4>Como utilizar<\/h4>\n<p>Aplique uma quantidade adequada de produto na m\u00e3o e massaje suavemente sobre o rosto com movimentos circulares ligeiros.\n <\/p>\n<p><\/p>\n<h4>Ingredientes<\/h4>\n<p>Water,Glycerin,Butylene Glycol, 1,2-Hexanediol,Citrus Limon (Lemon) Fruit Extract,Hippophae Rhamnoides Fruit Extract, Citrus Aurantifolia (Lime) Fruit Extract,Ficus Carica (Fig) Fruit Extract,Ananas Sativus (Pineapple) Fruit Extract, Sodium Hyaluronate, Hydroxypropyltrimonium Hyaluronate,Hydrolyzed Hyaluronic Acid,Sodium Acetylated Hyaluronate, Hyaluronic Acid,Hydrolyzed Sodium Hyaluronate, Sodium Hyaluronate Crosspolymer,Potassium Hyaluronate,Disodium Edta,Allantoin, Ethylhexylglycerin, Tocopherol, Peg-60 Hydrogenated Castor Oil Fragrance.Citral, Limonene <\/p>\n","protected":false},"excerpt":{"rendered":"<p>Um t\u00f3nico que<br \/>\n  suaviza a textura da pele para deixar a pele limpa e luminosa. Equilibra e<br \/>\n  hidrata a pele.<br \/>\n    + Complexo de Equil\u00edbrio de Lim\u00e3o-C + 8 \u00c1cidos Hialur\u00f3nicos + Cheiro a<br \/>\n  lim\u00e3o fresco + Textura fresca, n\u00e3o pegajosa.<\/p>\n","protected":false},"featured_media":20892,"comment_status":"closed","ping_status":"closed","template":"","meta":[],"product_brand":[],"product_cat":[667],"product_tag":[],"class_list":{"0":"post-21063","1":"product","2":"type-product","3":"status-publish","4":"has-post-thumbnail","6":"product_cat-tonico-pt-pt","8":"first","9":"instock","10":"shipping-taxable","11":"purchasable","12":"product-type-simple"},"yoast_head":"<!-- This site is optimized with the Yoast SEO plugin v27.2 - https:\/\/yoast.com\/product\/yoast-seo-wordpress\/ -->\n<title>Lemon&#039; C Squeeze T\u00f3ner Ampola - Its Skin<\/title>\n<meta name=\"robots\" content=\"index, follow, max-snippet:-1, max-image-preview:large, max-video-preview:-1\" \/>\n<link rel=\"canonical\" href=\"https:\/\/itsskinbeauty.eu\/pt-pt\/producto\/lemon-c-squeeze-ampoule-toner\/\" \/>\n<meta property=\"og:locale\" content=\"pt_PT\" \/>\n<meta property=\"og:type\" content=\"article\" \/>\n<meta property=\"og:title\" content=\"Lemon&#039; C Squeeze T\u00f3ner Ampola - Its Skin\" \/>\n<meta property=\"og:description\" content=\"Um t\u00f3nico que  suaviza a textura da pele para deixar a pele limpa e luminosa. Equilibra e  hidrata a pele.   + Complexo de Equil\u00edbrio de Lim\u00e3o-C + 8 \u00c1cidos Hialur\u00f3nicos + Cheiro a  lim\u00e3o fresco + Textura fresca, n\u00e3o pegajosa.\" \/>\n<meta property=\"og:url\" content=\"https:\/\/itsskinbeauty.eu\/pt-pt\/producto\/lemon-c-squeeze-ampoule-toner\/\" \/>\n<meta property=\"og:site_name\" content=\"Its Skin\" \/>\n<meta property=\"article:modified_time\" content=\"2023-05-09T10:31:10+00:00\" \/>\n<meta property=\"og:image\" content=\"https:\/\/itsskinbeauty.eu\/wp-content\/uploads\/2023\/04\/ITS027_8809663571771_1.jpg\" \/>\n\t<meta property=\"og:image:width\" content=\"800\" \/>\n\t<meta property=\"og:image:height\" content=\"800\" \/>\n\t<meta property=\"og:image:type\" content=\"image\/jpeg\" \/>\n<meta name=\"twitter:card\" content=\"summary_large_image\" \/>\n<script type=\"application\/ld+json\" class=\"yoast-schema-graph\">{\"@context\":\"https:\/\/schema.org\",\"@graph\":[{\"@type\":\"WebPage\",\"@id\":\"https:\/\/itsskinbeauty.eu\/pt-pt\/producto\/lemon-c-squeeze-ampoule-toner\/\",\"url\":\"https:\/\/itsskinbeauty.eu\/pt-pt\/producto\/lemon-c-squeeze-ampoule-toner\/\",\"name\":\"Lemon' C Squeeze T\u00f3ner Ampola - Its Skin\",\"isPartOf\":{\"@id\":\"https:\/\/itsskinbeauty.eu\/pt-pt\/#website\"},\"primaryImageOfPage\":{\"@id\":\"https:\/\/itsskinbeauty.eu\/pt-pt\/producto\/lemon-c-squeeze-ampoule-toner\/#primaryimage\"},\"image\":{\"@id\":\"https:\/\/itsskinbeauty.eu\/pt-pt\/producto\/lemon-c-squeeze-ampoule-toner\/#primaryimage\"},\"thumbnailUrl\":\"https:\/\/itsskinbeauty.eu\/wp-content\/uploads\/2023\/04\/ITS027_8809663571771_1.jpg\",\"datePublished\":\"2023-04-27T12:16:08+00:00\",\"dateModified\":\"2023-05-09T10:31:10+00:00\",\"breadcrumb\":{\"@id\":\"https:\/\/itsskinbeauty.eu\/pt-pt\/producto\/lemon-c-squeeze-ampoule-toner\/#breadcrumb\"},\"inLanguage\":\"pt-PT\",\"potentialAction\":[{\"@type\":\"ReadAction\",\"target\":[\"https:\/\/itsskinbeauty.eu\/pt-pt\/producto\/lemon-c-squeeze-ampoule-toner\/\"]}]},{\"@type\":\"ImageObject\",\"inLanguage\":\"pt-PT\",\"@id\":\"https:\/\/itsskinbeauty.eu\/pt-pt\/producto\/lemon-c-squeeze-ampoule-toner\/#primaryimage\",\"url\":\"https:\/\/itsskinbeauty.eu\/wp-content\/uploads\/2023\/04\/ITS027_8809663571771_1.jpg\",\"contentUrl\":\"https:\/\/itsskinbeauty.eu\/wp-content\/uploads\/2023\/04\/ITS027_8809663571771_1.jpg\",\"width\":800,\"height\":800},{\"@type\":\"BreadcrumbList\",\"@id\":\"https:\/\/itsskinbeauty.eu\/pt-pt\/producto\/lemon-c-squeeze-ampoule-toner\/#breadcrumb\",\"itemListElement\":[{\"@type\":\"ListItem\",\"position\":1,\"name\":\"Portada\",\"item\":\"https:\/\/itsskinbeauty.eu\/pt-pt\/\"},{\"@type\":\"ListItem\",\"position\":2,\"name\":\"Tienda\",\"item\":\"https:\/\/itsskinbeauty.eu\/tienda\/\"},{\"@type\":\"ListItem\",\"position\":3,\"name\":\"Lemon&#8217; C Squeeze T\u00f3ner Ampola\"}]},{\"@type\":\"WebSite\",\"@id\":\"https:\/\/itsskinbeauty.eu\/pt-pt\/#website\",\"url\":\"https:\/\/itsskinbeauty.eu\/pt-pt\/\",\"name\":\"Its Skin\",\"description\":\"Its Skin Europe\",\"potentialAction\":[{\"@type\":\"SearchAction\",\"target\":{\"@type\":\"EntryPoint\",\"urlTemplate\":\"https:\/\/itsskinbeauty.eu\/pt-pt\/?s={search_term_string}\"},\"query-input\":{\"@type\":\"PropertyValueSpecification\",\"valueRequired\":true,\"valueName\":\"search_term_string\"}}],\"inLanguage\":\"pt-PT\"}]}<\/script>\n<!-- \/ Yoast SEO plugin. -->","yoast_head_json":{"title":"Lemon' C Squeeze T\u00f3ner Ampola - Its Skin","robots":{"index":"index","follow":"follow","max-snippet":"max-snippet:-1","max-image-preview":"max-image-preview:large","max-video-preview":"max-video-preview:-1"},"canonical":"https:\/\/itsskinbeauty.eu\/pt-pt\/producto\/lemon-c-squeeze-ampoule-toner\/","og_locale":"pt_PT","og_type":"article","og_title":"Lemon' C Squeeze T\u00f3ner Ampola - Its Skin","og_description":"Um t\u00f3nico que  suaviza a textura da pele para deixar a pele limpa e luminosa. Equilibra e  hidrata a pele.   + Complexo de Equil\u00edbrio de Lim\u00e3o-C + 8 \u00c1cidos Hialur\u00f3nicos + Cheiro a  lim\u00e3o fresco + Textura fresca, n\u00e3o pegajosa.","og_url":"https:\/\/itsskinbeauty.eu\/pt-pt\/producto\/lemon-c-squeeze-ampoule-toner\/","og_site_name":"Its Skin","article_modified_time":"2023-05-09T10:31:10+00:00","og_image":[{"width":800,"height":800,"url":"https:\/\/itsskinbeauty.eu\/wp-content\/uploads\/2023\/04\/ITS027_8809663571771_1.jpg","type":"image\/jpeg"}],"twitter_card":"summary_large_image","schema":{"@context":"https:\/\/schema.org","@graph":[{"@type":"WebPage","@id":"https:\/\/itsskinbeauty.eu\/pt-pt\/producto\/lemon-c-squeeze-ampoule-toner\/","url":"https:\/\/itsskinbeauty.eu\/pt-pt\/producto\/lemon-c-squeeze-ampoule-toner\/","name":"Lemon' C Squeeze T\u00f3ner Ampola - Its Skin","isPartOf":{"@id":"https:\/\/itsskinbeauty.eu\/pt-pt\/#website"},"primaryImageOfPage":{"@id":"https:\/\/itsskinbeauty.eu\/pt-pt\/producto\/lemon-c-squeeze-ampoule-toner\/#primaryimage"},"image":{"@id":"https:\/\/itsskinbeauty.eu\/pt-pt\/producto\/lemon-c-squeeze-ampoule-toner\/#primaryimage"},"thumbnailUrl":"https:\/\/itsskinbeauty.eu\/wp-content\/uploads\/2023\/04\/ITS027_8809663571771_1.jpg","datePublished":"2023-04-27T12:16:08+00:00","dateModified":"2023-05-09T10:31:10+00:00","breadcrumb":{"@id":"https:\/\/itsskinbeauty.eu\/pt-pt\/producto\/lemon-c-squeeze-ampoule-toner\/#breadcrumb"},"inLanguage":"pt-PT","potentialAction":[{"@type":"ReadAction","target":["https:\/\/itsskinbeauty.eu\/pt-pt\/producto\/lemon-c-squeeze-ampoule-toner\/"]}]},{"@type":"ImageObject","inLanguage":"pt-PT","@id":"https:\/\/itsskinbeauty.eu\/pt-pt\/producto\/lemon-c-squeeze-ampoule-toner\/#primaryimage","url":"https:\/\/itsskinbeauty.eu\/wp-content\/uploads\/2023\/04\/ITS027_8809663571771_1.jpg","contentUrl":"https:\/\/itsskinbeauty.eu\/wp-content\/uploads\/2023\/04\/ITS027_8809663571771_1.jpg","width":800,"height":800},{"@type":"BreadcrumbList","@id":"https:\/\/itsskinbeauty.eu\/pt-pt\/producto\/lemon-c-squeeze-ampoule-toner\/#breadcrumb","itemListElement":[{"@type":"ListItem","position":1,"name":"Portada","item":"https:\/\/itsskinbeauty.eu\/pt-pt\/"},{"@type":"ListItem","position":2,"name":"Tienda","item":"https:\/\/itsskinbeauty.eu\/tienda\/"},{"@type":"ListItem","position":3,"name":"Lemon&#8217; C Squeeze T\u00f3ner Ampola"}]},{"@type":"WebSite","@id":"https:\/\/itsskinbeauty.eu\/pt-pt\/#website","url":"https:\/\/itsskinbeauty.eu\/pt-pt\/","name":"Its Skin","description":"Its Skin Europe","potentialAction":[{"@type":"SearchAction","target":{"@type":"EntryPoint","urlTemplate":"https:\/\/itsskinbeauty.eu\/pt-pt\/?s={search_term_string}"},"query-input":{"@type":"PropertyValueSpecification","valueRequired":true,"valueName":"search_term_string"}}],"inLanguage":"pt-PT"}]}},"_links":{"self":[{"href":"https:\/\/itsskinbeauty.eu\/pt-pt\/wp-json\/wp\/v2\/product\/21063","targetHints":{"allow":["GET"]}}],"collection":[{"href":"https:\/\/itsskinbeauty.eu\/pt-pt\/wp-json\/wp\/v2\/product"}],"about":[{"href":"https:\/\/itsskinbeauty.eu\/pt-pt\/wp-json\/wp\/v2\/types\/product"}],"replies":[{"embeddable":true,"href":"https:\/\/itsskinbeauty.eu\/pt-pt\/wp-json\/wp\/v2\/comments?post=21063"}],"wp:featuredmedia":[{"embeddable":true,"href":"https:\/\/itsskinbeauty.eu\/pt-pt\/wp-json\/wp\/v2\/media\/20892"}],"wp:attachment":[{"href":"https:\/\/itsskinbeauty.eu\/pt-pt\/wp-json\/wp\/v2\/media?parent=21063"}],"wp:term":[{"taxonomy":"product_brand","embeddable":true,"href":"https:\/\/itsskinbeauty.eu\/pt-pt\/wp-json\/wp\/v2\/product_brand?post=21063"},{"taxonomy":"product_cat","embeddable":true,"href":"https:\/\/itsskinbeauty.eu\/pt-pt\/wp-json\/wp\/v2\/product_cat?post=21063"},{"taxonomy":"product_tag","embeddable":true,"href":"https:\/\/itsskinbeauty.eu\/pt-pt\/wp-json\/wp\/v2\/product_tag?post=21063"}],"curies":[{"name":"wp","href":"https:\/\/api.w.org\/{rel}","templated":true}]}}