{"id":21061,"date":"2023-04-27T12:16:16","date_gmt":"2023-04-27T12:16:16","guid":{"rendered":"https:\/\/itsskinbeauty.eu\/producto\/power-10-formula-vc-effector\/"},"modified":"2023-05-09T10:31:10","modified_gmt":"2023-05-09T10:31:10","slug":"power-10-formula-vc-effector","status":"publish","type":"product","link":"https:\/\/itsskinbeauty.eu\/pt-pt\/producto\/power-10-formula-vc-effector\/","title":{"rendered":"Power 10 Efeito F\u00f3rmula Vc"},"content":{"rendered":"<h4>Como utilizar<\/h4>\n<p>Pegar uma quantidade apropriada (2-3 gotas), depois dar uma palmadinha suave e espalhar uniformemente pela \u00e1rea do rosto e pesco\u00e7o.<\/p>\n<p><\/p>\n<h4>Ingredientes<\/h4>\n<p>Aqua, Butylene Glycol, Glycerin, Niacinamide, 1,2-Hexanediol, Polyglyceryl-4 Caprate, Ammonium Acryloyldimethyltaurate\/Vp Copolymer, Solanum Lycopersicum (Tomato) Fruit Extract, Polyacrylate Crosspolymer-6, Limonene, Sodium Citrate, Caprylyl\/Capryl Glucoside, Melia Azadirachta Leaf Extract, Polyglyceryl-10 Laurate, Citric Acid, Sodium Hyaluronate, Sodium Phytate, Melia Azadirachta Flower Extract, Curcuma Longa (Turmeric) Root Extract, Citrus Nobilis (Mandarin Orange) Peel Oil, Polyglyceryl-10 Oleate, T-Butyl Alcohol, Citrus Aurantium Dulcis (Orange) Peel Oil, Ocimum Sanctum Leaf Extract, Ascorbic Acid, Sodium Ascorbyl Phosphate, Pelargonium Graveolens Flower Oil, Corallina Officinalis Extract, Mentha Arvensis Leaf Oil<\/p>\n","protected":false},"excerpt":{"rendered":"<p>Ess\u00eancia<br \/>\n  luminosa para uma pele clara e radiante com: TOMATO VERDE EXTRATO 80%,<br \/>\n  VITAMINA C, VITAMINA C DERIVADO, \u00c1cido Asc\u00f3rbico, Ascorbil Fosfato de S\u00f3dio e<br \/>\n  EFEITO DE POT\u00caNCIA 100\u2122 tecnologia (m\u00e9todo de extrac\u00e7\u00e3o de ingredientes de<br \/>\n  100 horas, atrav\u00e9s de 72 horas de extrac\u00e7\u00e3o ultra-s\u00f3nica e 28 horas de<br \/>\n  armazenamento a baixa temperatura).<\/p>\n","protected":false},"featured_media":20898,"comment_status":"closed","ping_status":"closed","template":"","meta":[],"product_brand":[],"product_cat":[665,668],"product_tag":[],"class_list":{"0":"post-21061","1":"product","2":"type-product","3":"status-publish","4":"has-post-thumbnail","6":"product_cat-power-10-pt-pt","7":"product_cat-serum-pt-pt","9":"first","10":"instock","11":"shipping-taxable","12":"purchasable","13":"product-type-simple"},"yoast_head":"<!-- This site is optimized with the Yoast SEO plugin v27.2 - https:\/\/yoast.com\/product\/yoast-seo-wordpress\/ -->\n<title>Power 10 Efeito F\u00f3rmula Vc - Its Skin<\/title>\n<meta name=\"robots\" content=\"index, follow, max-snippet:-1, max-image-preview:large, max-video-preview:-1\" \/>\n<link rel=\"canonical\" href=\"https:\/\/itsskinbeauty.eu\/pt-pt\/producto\/power-10-formula-vc-effector\/\" \/>\n<meta property=\"og:locale\" content=\"pt_PT\" \/>\n<meta property=\"og:type\" content=\"article\" \/>\n<meta property=\"og:title\" content=\"Power 10 Efeito F\u00f3rmula Vc - Its Skin\" \/>\n<meta property=\"og:description\" content=\"Ess\u00eancia  luminosa para uma pele clara e radiante com: TOMATO VERDE EXTRATO 80%,  VITAMINA C, VITAMINA C DERIVADO, \u00c1cido Asc\u00f3rbico, Ascorbil Fosfato de S\u00f3dio e  EFEITO DE POT\u00caNCIA 100\u2122 tecnologia (m\u00e9todo de extrac\u00e7\u00e3o de ingredientes de  100 horas, atrav\u00e9s de 72 horas de extrac\u00e7\u00e3o ultra-s\u00f3nica e 28 horas de  armazenamento a baixa temperatura).\" \/>\n<meta property=\"og:url\" content=\"https:\/\/itsskinbeauty.eu\/pt-pt\/producto\/power-10-formula-vc-effector\/\" \/>\n<meta property=\"og:site_name\" content=\"Its Skin\" \/>\n<meta property=\"article:modified_time\" content=\"2023-05-09T10:31:10+00:00\" \/>\n<meta property=\"og:image\" content=\"https:\/\/itsskinbeauty.eu\/wp-content\/uploads\/2023\/04\/ITS029_8809663574857_1.jpg\" \/>\n\t<meta property=\"og:image:width\" content=\"800\" \/>\n\t<meta property=\"og:image:height\" content=\"800\" \/>\n\t<meta property=\"og:image:type\" content=\"image\/jpeg\" \/>\n<meta name=\"twitter:card\" content=\"summary_large_image\" \/>\n<meta name=\"twitter:label1\" content=\"Tempo estimado de leitura\" \/>\n\t<meta name=\"twitter:data1\" content=\"1 minuto\" \/>\n<script type=\"application\/ld+json\" class=\"yoast-schema-graph\">{\"@context\":\"https:\/\/schema.org\",\"@graph\":[{\"@type\":\"WebPage\",\"@id\":\"https:\/\/itsskinbeauty.eu\/pt-pt\/producto\/power-10-formula-vc-effector\/\",\"url\":\"https:\/\/itsskinbeauty.eu\/pt-pt\/producto\/power-10-formula-vc-effector\/\",\"name\":\"Power 10 Efeito F\u00f3rmula Vc - Its Skin\",\"isPartOf\":{\"@id\":\"https:\/\/itsskinbeauty.eu\/pt-pt\/#website\"},\"primaryImageOfPage\":{\"@id\":\"https:\/\/itsskinbeauty.eu\/pt-pt\/producto\/power-10-formula-vc-effector\/#primaryimage\"},\"image\":{\"@id\":\"https:\/\/itsskinbeauty.eu\/pt-pt\/producto\/power-10-formula-vc-effector\/#primaryimage\"},\"thumbnailUrl\":\"https:\/\/itsskinbeauty.eu\/wp-content\/uploads\/2023\/04\/ITS029_8809663574857_1.jpg\",\"datePublished\":\"2023-04-27T12:16:16+00:00\",\"dateModified\":\"2023-05-09T10:31:10+00:00\",\"breadcrumb\":{\"@id\":\"https:\/\/itsskinbeauty.eu\/pt-pt\/producto\/power-10-formula-vc-effector\/#breadcrumb\"},\"inLanguage\":\"pt-PT\",\"potentialAction\":[{\"@type\":\"ReadAction\",\"target\":[\"https:\/\/itsskinbeauty.eu\/pt-pt\/producto\/power-10-formula-vc-effector\/\"]}]},{\"@type\":\"ImageObject\",\"inLanguage\":\"pt-PT\",\"@id\":\"https:\/\/itsskinbeauty.eu\/pt-pt\/producto\/power-10-formula-vc-effector\/#primaryimage\",\"url\":\"https:\/\/itsskinbeauty.eu\/wp-content\/uploads\/2023\/04\/ITS029_8809663574857_1.jpg\",\"contentUrl\":\"https:\/\/itsskinbeauty.eu\/wp-content\/uploads\/2023\/04\/ITS029_8809663574857_1.jpg\",\"width\":800,\"height\":800},{\"@type\":\"BreadcrumbList\",\"@id\":\"https:\/\/itsskinbeauty.eu\/pt-pt\/producto\/power-10-formula-vc-effector\/#breadcrumb\",\"itemListElement\":[{\"@type\":\"ListItem\",\"position\":1,\"name\":\"Portada\",\"item\":\"https:\/\/itsskinbeauty.eu\/pt-pt\/\"},{\"@type\":\"ListItem\",\"position\":2,\"name\":\"Tienda\",\"item\":\"https:\/\/itsskinbeauty.eu\/tienda\/\"},{\"@type\":\"ListItem\",\"position\":3,\"name\":\"Power 10 Efeito F\u00f3rmula Vc\"}]},{\"@type\":\"WebSite\",\"@id\":\"https:\/\/itsskinbeauty.eu\/pt-pt\/#website\",\"url\":\"https:\/\/itsskinbeauty.eu\/pt-pt\/\",\"name\":\"Its Skin\",\"description\":\"Its Skin Europe\",\"potentialAction\":[{\"@type\":\"SearchAction\",\"target\":{\"@type\":\"EntryPoint\",\"urlTemplate\":\"https:\/\/itsskinbeauty.eu\/pt-pt\/?s={search_term_string}\"},\"query-input\":{\"@type\":\"PropertyValueSpecification\",\"valueRequired\":true,\"valueName\":\"search_term_string\"}}],\"inLanguage\":\"pt-PT\"}]}<\/script>\n<!-- \/ Yoast SEO plugin. -->","yoast_head_json":{"title":"Power 10 Efeito F\u00f3rmula Vc - Its Skin","robots":{"index":"index","follow":"follow","max-snippet":"max-snippet:-1","max-image-preview":"max-image-preview:large","max-video-preview":"max-video-preview:-1"},"canonical":"https:\/\/itsskinbeauty.eu\/pt-pt\/producto\/power-10-formula-vc-effector\/","og_locale":"pt_PT","og_type":"article","og_title":"Power 10 Efeito F\u00f3rmula Vc - Its Skin","og_description":"Ess\u00eancia  luminosa para uma pele clara e radiante com: TOMATO VERDE EXTRATO 80%,  VITAMINA C, VITAMINA C DERIVADO, \u00c1cido Asc\u00f3rbico, Ascorbil Fosfato de S\u00f3dio e  EFEITO DE POT\u00caNCIA 100\u2122 tecnologia (m\u00e9todo de extrac\u00e7\u00e3o de ingredientes de  100 horas, atrav\u00e9s de 72 horas de extrac\u00e7\u00e3o ultra-s\u00f3nica e 28 horas de  armazenamento a baixa temperatura).","og_url":"https:\/\/itsskinbeauty.eu\/pt-pt\/producto\/power-10-formula-vc-effector\/","og_site_name":"Its Skin","article_modified_time":"2023-05-09T10:31:10+00:00","og_image":[{"width":800,"height":800,"url":"https:\/\/itsskinbeauty.eu\/wp-content\/uploads\/2023\/04\/ITS029_8809663574857_1.jpg","type":"image\/jpeg"}],"twitter_card":"summary_large_image","twitter_misc":{"Tempo estimado de leitura":"1 minuto"},"schema":{"@context":"https:\/\/schema.org","@graph":[{"@type":"WebPage","@id":"https:\/\/itsskinbeauty.eu\/pt-pt\/producto\/power-10-formula-vc-effector\/","url":"https:\/\/itsskinbeauty.eu\/pt-pt\/producto\/power-10-formula-vc-effector\/","name":"Power 10 Efeito F\u00f3rmula Vc - Its Skin","isPartOf":{"@id":"https:\/\/itsskinbeauty.eu\/pt-pt\/#website"},"primaryImageOfPage":{"@id":"https:\/\/itsskinbeauty.eu\/pt-pt\/producto\/power-10-formula-vc-effector\/#primaryimage"},"image":{"@id":"https:\/\/itsskinbeauty.eu\/pt-pt\/producto\/power-10-formula-vc-effector\/#primaryimage"},"thumbnailUrl":"https:\/\/itsskinbeauty.eu\/wp-content\/uploads\/2023\/04\/ITS029_8809663574857_1.jpg","datePublished":"2023-04-27T12:16:16+00:00","dateModified":"2023-05-09T10:31:10+00:00","breadcrumb":{"@id":"https:\/\/itsskinbeauty.eu\/pt-pt\/producto\/power-10-formula-vc-effector\/#breadcrumb"},"inLanguage":"pt-PT","potentialAction":[{"@type":"ReadAction","target":["https:\/\/itsskinbeauty.eu\/pt-pt\/producto\/power-10-formula-vc-effector\/"]}]},{"@type":"ImageObject","inLanguage":"pt-PT","@id":"https:\/\/itsskinbeauty.eu\/pt-pt\/producto\/power-10-formula-vc-effector\/#primaryimage","url":"https:\/\/itsskinbeauty.eu\/wp-content\/uploads\/2023\/04\/ITS029_8809663574857_1.jpg","contentUrl":"https:\/\/itsskinbeauty.eu\/wp-content\/uploads\/2023\/04\/ITS029_8809663574857_1.jpg","width":800,"height":800},{"@type":"BreadcrumbList","@id":"https:\/\/itsskinbeauty.eu\/pt-pt\/producto\/power-10-formula-vc-effector\/#breadcrumb","itemListElement":[{"@type":"ListItem","position":1,"name":"Portada","item":"https:\/\/itsskinbeauty.eu\/pt-pt\/"},{"@type":"ListItem","position":2,"name":"Tienda","item":"https:\/\/itsskinbeauty.eu\/tienda\/"},{"@type":"ListItem","position":3,"name":"Power 10 Efeito F\u00f3rmula Vc"}]},{"@type":"WebSite","@id":"https:\/\/itsskinbeauty.eu\/pt-pt\/#website","url":"https:\/\/itsskinbeauty.eu\/pt-pt\/","name":"Its Skin","description":"Its Skin Europe","potentialAction":[{"@type":"SearchAction","target":{"@type":"EntryPoint","urlTemplate":"https:\/\/itsskinbeauty.eu\/pt-pt\/?s={search_term_string}"},"query-input":{"@type":"PropertyValueSpecification","valueRequired":true,"valueName":"search_term_string"}}],"inLanguage":"pt-PT"}]}},"_links":{"self":[{"href":"https:\/\/itsskinbeauty.eu\/pt-pt\/wp-json\/wp\/v2\/product\/21061","targetHints":{"allow":["GET"]}}],"collection":[{"href":"https:\/\/itsskinbeauty.eu\/pt-pt\/wp-json\/wp\/v2\/product"}],"about":[{"href":"https:\/\/itsskinbeauty.eu\/pt-pt\/wp-json\/wp\/v2\/types\/product"}],"replies":[{"embeddable":true,"href":"https:\/\/itsskinbeauty.eu\/pt-pt\/wp-json\/wp\/v2\/comments?post=21061"}],"wp:featuredmedia":[{"embeddable":true,"href":"https:\/\/itsskinbeauty.eu\/pt-pt\/wp-json\/wp\/v2\/media\/20898"}],"wp:attachment":[{"href":"https:\/\/itsskinbeauty.eu\/pt-pt\/wp-json\/wp\/v2\/media?parent=21061"}],"wp:term":[{"taxonomy":"product_brand","embeddable":true,"href":"https:\/\/itsskinbeauty.eu\/pt-pt\/wp-json\/wp\/v2\/product_brand?post=21061"},{"taxonomy":"product_cat","embeddable":true,"href":"https:\/\/itsskinbeauty.eu\/pt-pt\/wp-json\/wp\/v2\/product_cat?post=21061"},{"taxonomy":"product_tag","embeddable":true,"href":"https:\/\/itsskinbeauty.eu\/pt-pt\/wp-json\/wp\/v2\/product_tag?post=21061"}],"curies":[{"name":"wp","href":"https:\/\/api.w.org\/{rel}","templated":true}]}}