{"id":21057,"date":"2023-04-27T12:16:24","date_gmt":"2023-04-27T12:16:24","guid":{"rendered":"https:\/\/itsskinbeauty.eu\/producto\/power-10-formula-vb-effector\/"},"modified":"2023-05-09T10:31:02","modified_gmt":"2023-05-09T10:31:02","slug":"power-10-formula-vb-effector","status":"publish","type":"product","link":"https:\/\/itsskinbeauty.eu\/pt-pt\/producto\/power-10-formula-vb-effector\/","title":{"rendered":"Power 10 Efeito F\u00f3rmula Vb"},"content":{"rendered":"<h4>Como utilizar<\/h4>\n<p>Pegar uma quantidade apropriada (2-3 gotas), depois dar uma palmadinha suave e espalhar uniformemente pela \u00e1rea do rosto e pesco\u00e7o.<\/p>\n<p><\/p>\n<h4>Ingredientes<\/h4>\n<p>Aqua, Propanediol, Glycerin, Glycereth-26, Methyl Gluceth-20, Cetyl Ethylhexanoate, 1,2-Hexanediol, Polyglyceryl-3 Methylglucose Distearate, Pisum Sativum (Pea) Seed Extract, Glyceryl Stearate, Hydrogenated Coco-Glycerides, Acrylates\/C10-30 Alkyl Acrylate Crosspolymer, Cetearyl Alcohol, Dimethicone, Tromethamine, Lecithin, Adenosine, Limonene, Citrus Aurantium Bergamia (Bergamot) Fruit Oil, Disodium Edta, Panthenol, Linalool, Citronellol, Ceramide Np, Pelargonium Graveolens Flower Oil, Niacinamide, Sodium Starch Octenylsuccinate, Calcium Pantothenate, Maltodextrin, Butylene Glycol, Propylene Glycol, Sodium Ascorbyl Phosphate, Pyridoxine Hcl, Tocopheryl Acetate, Glycine, Serine, Glutamic Acid, Aspartic Acid, Leucine, Alanine, Lysine, Arginine, Tyrosine, Phenylalanine, Proline, Threonine, Valine, Isoleucine, Silica, Histidine, Cysteine, Methionine, Pca<\/p>\n","protected":false},"excerpt":{"rendered":"<p>Ess\u00eancia<br \/>\n  revitalizante para uma barreira de pele hidratada com: V-CERAGUARD(\u2122)* 72%<br \/>\n  \u00c1GUA PANTENOL, 17 \u00c1CIDAS AMINO e EFEITO DE POT\u00caNCIA 100\u2122 tecnologia (m\u00e9todo<br \/>\n  de extrac\u00e7\u00e3o de ingredientes de 100 horas, atrav\u00e9s de 72 horas de extrac\u00e7\u00e3o<br \/>\n  ultra-s\u00f3nica e 28 horas de armazenamento a baixa temperatura).<\/p>\n","protected":false},"featured_media":20914,"comment_status":"closed","ping_status":"closed","template":"","meta":[],"product_brand":[],"product_cat":[665,668],"product_tag":[],"class_list":{"0":"post-21057","1":"product","2":"type-product","3":"status-publish","4":"has-post-thumbnail","6":"product_cat-power-10-pt-pt","7":"product_cat-serum-pt-pt","9":"first","10":"instock","11":"shipping-taxable","12":"purchasable","13":"product-type-simple"},"yoast_head":"<!-- This site is optimized with the Yoast SEO plugin v27.2 - https:\/\/yoast.com\/product\/yoast-seo-wordpress\/ -->\n<title>Power 10 Efeito F\u00f3rmula Vb - Its Skin<\/title>\n<meta name=\"robots\" content=\"index, follow, max-snippet:-1, max-image-preview:large, max-video-preview:-1\" \/>\n<link rel=\"canonical\" href=\"https:\/\/itsskinbeauty.eu\/pt-pt\/producto\/power-10-formula-vb-effector\/\" \/>\n<meta property=\"og:locale\" content=\"pt_PT\" \/>\n<meta property=\"og:type\" content=\"article\" \/>\n<meta property=\"og:title\" content=\"Power 10 Efeito F\u00f3rmula Vb - Its Skin\" \/>\n<meta property=\"og:description\" content=\"Ess\u00eancia  revitalizante para uma barreira de pele hidratada com: V-CERAGUARD(\u2122)* 72%  \u00c1GUA PANTENOL, 17 \u00c1CIDAS AMINO e EFEITO DE POT\u00caNCIA 100\u2122 tecnologia (m\u00e9todo  de extrac\u00e7\u00e3o de ingredientes de 100 horas, atrav\u00e9s de 72 horas de extrac\u00e7\u00e3o  ultra-s\u00f3nica e 28 horas de armazenamento a baixa temperatura).\" \/>\n<meta property=\"og:url\" content=\"https:\/\/itsskinbeauty.eu\/pt-pt\/producto\/power-10-formula-vb-effector\/\" \/>\n<meta property=\"og:site_name\" content=\"Its Skin\" \/>\n<meta property=\"article:modified_time\" content=\"2023-05-09T10:31:02+00:00\" \/>\n<meta property=\"og:image\" content=\"https:\/\/itsskinbeauty.eu\/wp-content\/uploads\/2023\/04\/ITS033_8809663574895_1.jpg\" \/>\n\t<meta property=\"og:image:width\" content=\"800\" \/>\n\t<meta property=\"og:image:height\" content=\"800\" \/>\n\t<meta property=\"og:image:type\" content=\"image\/jpeg\" \/>\n<meta name=\"twitter:card\" content=\"summary_large_image\" \/>\n<meta name=\"twitter:label1\" content=\"Tempo estimado de leitura\" \/>\n\t<meta name=\"twitter:data1\" content=\"1 minuto\" \/>\n<script type=\"application\/ld+json\" class=\"yoast-schema-graph\">{\"@context\":\"https:\/\/schema.org\",\"@graph\":[{\"@type\":\"WebPage\",\"@id\":\"https:\/\/itsskinbeauty.eu\/pt-pt\/producto\/power-10-formula-vb-effector\/\",\"url\":\"https:\/\/itsskinbeauty.eu\/pt-pt\/producto\/power-10-formula-vb-effector\/\",\"name\":\"Power 10 Efeito F\u00f3rmula Vb - Its Skin\",\"isPartOf\":{\"@id\":\"https:\/\/itsskinbeauty.eu\/pt-pt\/#website\"},\"primaryImageOfPage\":{\"@id\":\"https:\/\/itsskinbeauty.eu\/pt-pt\/producto\/power-10-formula-vb-effector\/#primaryimage\"},\"image\":{\"@id\":\"https:\/\/itsskinbeauty.eu\/pt-pt\/producto\/power-10-formula-vb-effector\/#primaryimage\"},\"thumbnailUrl\":\"https:\/\/itsskinbeauty.eu\/wp-content\/uploads\/2023\/04\/ITS033_8809663574895_1.jpg\",\"datePublished\":\"2023-04-27T12:16:24+00:00\",\"dateModified\":\"2023-05-09T10:31:02+00:00\",\"breadcrumb\":{\"@id\":\"https:\/\/itsskinbeauty.eu\/pt-pt\/producto\/power-10-formula-vb-effector\/#breadcrumb\"},\"inLanguage\":\"pt-PT\",\"potentialAction\":[{\"@type\":\"ReadAction\",\"target\":[\"https:\/\/itsskinbeauty.eu\/pt-pt\/producto\/power-10-formula-vb-effector\/\"]}]},{\"@type\":\"ImageObject\",\"inLanguage\":\"pt-PT\",\"@id\":\"https:\/\/itsskinbeauty.eu\/pt-pt\/producto\/power-10-formula-vb-effector\/#primaryimage\",\"url\":\"https:\/\/itsskinbeauty.eu\/wp-content\/uploads\/2023\/04\/ITS033_8809663574895_1.jpg\",\"contentUrl\":\"https:\/\/itsskinbeauty.eu\/wp-content\/uploads\/2023\/04\/ITS033_8809663574895_1.jpg\",\"width\":800,\"height\":800},{\"@type\":\"BreadcrumbList\",\"@id\":\"https:\/\/itsskinbeauty.eu\/pt-pt\/producto\/power-10-formula-vb-effector\/#breadcrumb\",\"itemListElement\":[{\"@type\":\"ListItem\",\"position\":1,\"name\":\"Portada\",\"item\":\"https:\/\/itsskinbeauty.eu\/pt-pt\/\"},{\"@type\":\"ListItem\",\"position\":2,\"name\":\"Tienda\",\"item\":\"https:\/\/itsskinbeauty.eu\/tienda\/\"},{\"@type\":\"ListItem\",\"position\":3,\"name\":\"Power 10 Efeito F\u00f3rmula Vb\"}]},{\"@type\":\"WebSite\",\"@id\":\"https:\/\/itsskinbeauty.eu\/pt-pt\/#website\",\"url\":\"https:\/\/itsskinbeauty.eu\/pt-pt\/\",\"name\":\"Its Skin\",\"description\":\"Its Skin Europe\",\"potentialAction\":[{\"@type\":\"SearchAction\",\"target\":{\"@type\":\"EntryPoint\",\"urlTemplate\":\"https:\/\/itsskinbeauty.eu\/pt-pt\/?s={search_term_string}\"},\"query-input\":{\"@type\":\"PropertyValueSpecification\",\"valueRequired\":true,\"valueName\":\"search_term_string\"}}],\"inLanguage\":\"pt-PT\"}]}<\/script>\n<!-- \/ Yoast SEO plugin. -->","yoast_head_json":{"title":"Power 10 Efeito F\u00f3rmula Vb - Its Skin","robots":{"index":"index","follow":"follow","max-snippet":"max-snippet:-1","max-image-preview":"max-image-preview:large","max-video-preview":"max-video-preview:-1"},"canonical":"https:\/\/itsskinbeauty.eu\/pt-pt\/producto\/power-10-formula-vb-effector\/","og_locale":"pt_PT","og_type":"article","og_title":"Power 10 Efeito F\u00f3rmula Vb - Its Skin","og_description":"Ess\u00eancia  revitalizante para uma barreira de pele hidratada com: V-CERAGUARD(\u2122)* 72%  \u00c1GUA PANTENOL, 17 \u00c1CIDAS AMINO e EFEITO DE POT\u00caNCIA 100\u2122 tecnologia (m\u00e9todo  de extrac\u00e7\u00e3o de ingredientes de 100 horas, atrav\u00e9s de 72 horas de extrac\u00e7\u00e3o  ultra-s\u00f3nica e 28 horas de armazenamento a baixa temperatura).","og_url":"https:\/\/itsskinbeauty.eu\/pt-pt\/producto\/power-10-formula-vb-effector\/","og_site_name":"Its Skin","article_modified_time":"2023-05-09T10:31:02+00:00","og_image":[{"width":800,"height":800,"url":"https:\/\/itsskinbeauty.eu\/wp-content\/uploads\/2023\/04\/ITS033_8809663574895_1.jpg","type":"image\/jpeg"}],"twitter_card":"summary_large_image","twitter_misc":{"Tempo estimado de leitura":"1 minuto"},"schema":{"@context":"https:\/\/schema.org","@graph":[{"@type":"WebPage","@id":"https:\/\/itsskinbeauty.eu\/pt-pt\/producto\/power-10-formula-vb-effector\/","url":"https:\/\/itsskinbeauty.eu\/pt-pt\/producto\/power-10-formula-vb-effector\/","name":"Power 10 Efeito F\u00f3rmula Vb - Its Skin","isPartOf":{"@id":"https:\/\/itsskinbeauty.eu\/pt-pt\/#website"},"primaryImageOfPage":{"@id":"https:\/\/itsskinbeauty.eu\/pt-pt\/producto\/power-10-formula-vb-effector\/#primaryimage"},"image":{"@id":"https:\/\/itsskinbeauty.eu\/pt-pt\/producto\/power-10-formula-vb-effector\/#primaryimage"},"thumbnailUrl":"https:\/\/itsskinbeauty.eu\/wp-content\/uploads\/2023\/04\/ITS033_8809663574895_1.jpg","datePublished":"2023-04-27T12:16:24+00:00","dateModified":"2023-05-09T10:31:02+00:00","breadcrumb":{"@id":"https:\/\/itsskinbeauty.eu\/pt-pt\/producto\/power-10-formula-vb-effector\/#breadcrumb"},"inLanguage":"pt-PT","potentialAction":[{"@type":"ReadAction","target":["https:\/\/itsskinbeauty.eu\/pt-pt\/producto\/power-10-formula-vb-effector\/"]}]},{"@type":"ImageObject","inLanguage":"pt-PT","@id":"https:\/\/itsskinbeauty.eu\/pt-pt\/producto\/power-10-formula-vb-effector\/#primaryimage","url":"https:\/\/itsskinbeauty.eu\/wp-content\/uploads\/2023\/04\/ITS033_8809663574895_1.jpg","contentUrl":"https:\/\/itsskinbeauty.eu\/wp-content\/uploads\/2023\/04\/ITS033_8809663574895_1.jpg","width":800,"height":800},{"@type":"BreadcrumbList","@id":"https:\/\/itsskinbeauty.eu\/pt-pt\/producto\/power-10-formula-vb-effector\/#breadcrumb","itemListElement":[{"@type":"ListItem","position":1,"name":"Portada","item":"https:\/\/itsskinbeauty.eu\/pt-pt\/"},{"@type":"ListItem","position":2,"name":"Tienda","item":"https:\/\/itsskinbeauty.eu\/tienda\/"},{"@type":"ListItem","position":3,"name":"Power 10 Efeito F\u00f3rmula Vb"}]},{"@type":"WebSite","@id":"https:\/\/itsskinbeauty.eu\/pt-pt\/#website","url":"https:\/\/itsskinbeauty.eu\/pt-pt\/","name":"Its Skin","description":"Its Skin Europe","potentialAction":[{"@type":"SearchAction","target":{"@type":"EntryPoint","urlTemplate":"https:\/\/itsskinbeauty.eu\/pt-pt\/?s={search_term_string}"},"query-input":{"@type":"PropertyValueSpecification","valueRequired":true,"valueName":"search_term_string"}}],"inLanguage":"pt-PT"}]}},"_links":{"self":[{"href":"https:\/\/itsskinbeauty.eu\/pt-pt\/wp-json\/wp\/v2\/product\/21057","targetHints":{"allow":["GET"]}}],"collection":[{"href":"https:\/\/itsskinbeauty.eu\/pt-pt\/wp-json\/wp\/v2\/product"}],"about":[{"href":"https:\/\/itsskinbeauty.eu\/pt-pt\/wp-json\/wp\/v2\/types\/product"}],"replies":[{"embeddable":true,"href":"https:\/\/itsskinbeauty.eu\/pt-pt\/wp-json\/wp\/v2\/comments?post=21057"}],"wp:featuredmedia":[{"embeddable":true,"href":"https:\/\/itsskinbeauty.eu\/pt-pt\/wp-json\/wp\/v2\/media\/20914"}],"wp:attachment":[{"href":"https:\/\/itsskinbeauty.eu\/pt-pt\/wp-json\/wp\/v2\/media?parent=21057"}],"wp:term":[{"taxonomy":"product_brand","embeddable":true,"href":"https:\/\/itsskinbeauty.eu\/pt-pt\/wp-json\/wp\/v2\/product_brand?post=21057"},{"taxonomy":"product_cat","embeddable":true,"href":"https:\/\/itsskinbeauty.eu\/pt-pt\/wp-json\/wp\/v2\/product_cat?post=21057"},{"taxonomy":"product_tag","embeddable":true,"href":"https:\/\/itsskinbeauty.eu\/pt-pt\/wp-json\/wp\/v2\/product_tag?post=21057"}],"curies":[{"name":"wp","href":"https:\/\/api.w.org\/{rel}","templated":true}]}}