{"id":21054,"date":"2023-04-27T12:16:24","date_gmt":"2023-04-27T12:16:24","guid":{"rendered":"https:\/\/itsskinbeauty.eu\/producto\/power-10-formula-q10-effector\/"},"modified":"2023-05-09T10:30:53","modified_gmt":"2023-05-09T10:30:53","slug":"power-10-formula-q10-effector","status":"publish","type":"product","link":"https:\/\/itsskinbeauty.eu\/pt-pt\/producto\/power-10-formula-q10-effector\/","title":{"rendered":"Power 10 F\u00f3rmula Efeito Q10"},"content":{"rendered":"<h4>Como utilizar<\/h4>\n<p>Pegar uma quantidade apropriada (2-3 gotas), depois dar uma palmadinha suave e espalhar uniformemente pela \u00e1rea do rosto e pesco\u00e7o.<\/p>\n<p><\/p>\n<h4>Ingredientes<\/h4>\n<p>\n Aqua, Glycerin, Cetyl Ethylhexanoate, Propanediol, Isostearyl Isostearate, Glyceryl Oleate Citrate, 1,2-Hexanediol, Caprylic\/Capric Triglyceride, Glyceryl Stearate, Daucus Carota Sativa (Carrot) Root Extract, Potassium Cetyl Phosphate, Alcohol, Hydrogenated Palm Glycerides, Limonene, Glyceryl Caprylate, Acrylates\/C10-30 Alkyl Acrylate Crosspolymer, Lecithin, Tromethamine, Ethylhexylglycerin, Dipropylene Glycol, Carbomer, Adenosine, Ubiquinone, Xanthan Gum, Melia Azadirachta Flower Extract, Melia Azadirachta Leaf Extract, Citrus Paradisi (Grapefruit) Peel Oil, Disodium Edta, Betaine, Retinol, Coccinia Indica Fruit Extract, Rosmarinus Officinalis (Rosemary) Leaf Oil, Corallina Officinalis Extract, Rosa Damascena Flower Oil, Citrus Aurantium Bergamia (Bergamot) Fruit Oil, Mentha Piperita (Peppermint) Oil, Eucalyptus Globulus Leaf Oil, Rosa Damascena Flower Oil <\/p>\n","protected":false},"excerpt":{"rendered":"<p>Ess\u00eancia que<br \/>\n  melhorar as rugas numa f\u00f3rmula cremosa com:\u00a0<br \/>\n  DAUCUS CAROTA SATIVA (CARROT) ROOT EXTRACT 74%, Q-TINOL(\u2122) 30.000 ppm,<br \/>\n  coenzima Q10 (ubiquinona), retinol e tecnologia POWER EFFECT 100\u2122 (m\u00e9todo de<br \/>\n  extrac\u00e7\u00e3o de ingredientes de 100 horas, atrav\u00e9s de 72 horas de extrac\u00e7\u00e3o<br \/>\n  ultra-s\u00f3nica e 28 horas de armazenamento a baixa temperatura).<\/p>\n","protected":false},"featured_media":20926,"comment_status":"closed","ping_status":"closed","template":"","meta":[],"product_brand":[],"product_cat":[665,668],"product_tag":[],"class_list":{"0":"post-21054","1":"product","2":"type-product","3":"status-publish","4":"has-post-thumbnail","6":"product_cat-power-10-pt-pt","7":"product_cat-serum-pt-pt","9":"first","10":"instock","11":"shipping-taxable","12":"purchasable","13":"product-type-simple"},"yoast_head":"<!-- This site is optimized with the Yoast SEO plugin v27.2 - https:\/\/yoast.com\/product\/yoast-seo-wordpress\/ -->\n<title>Power 10 F\u00f3rmula Efeito Q10 - Its Skin<\/title>\n<meta name=\"robots\" content=\"index, follow, max-snippet:-1, max-image-preview:large, max-video-preview:-1\" \/>\n<link rel=\"canonical\" href=\"https:\/\/itsskinbeauty.eu\/pt-pt\/producto\/power-10-formula-q10-effector\/\" \/>\n<meta property=\"og:locale\" content=\"pt_PT\" \/>\n<meta property=\"og:type\" content=\"article\" \/>\n<meta property=\"og:title\" content=\"Power 10 F\u00f3rmula Efeito Q10 - Its Skin\" \/>\n<meta property=\"og:description\" content=\"Ess\u00eancia que  melhorar as rugas numa f\u00f3rmula cremosa com:\u00a0  DAUCUS CAROTA SATIVA (CARROT) ROOT EXTRACT 74%, Q-TINOL(\u2122) 30.000 ppm,  coenzima Q10 (ubiquinona), retinol e tecnologia POWER EFFECT 100\u2122 (m\u00e9todo de  extrac\u00e7\u00e3o de ingredientes de 100 horas, atrav\u00e9s de 72 horas de extrac\u00e7\u00e3o  ultra-s\u00f3nica e 28 horas de armazenamento a baixa temperatura).\" \/>\n<meta property=\"og:url\" content=\"https:\/\/itsskinbeauty.eu\/pt-pt\/producto\/power-10-formula-q10-effector\/\" \/>\n<meta property=\"og:site_name\" content=\"Its Skin\" \/>\n<meta property=\"article:modified_time\" content=\"2023-05-09T10:30:53+00:00\" \/>\n<meta property=\"og:image\" content=\"https:\/\/itsskinbeauty.eu\/wp-content\/uploads\/2023\/04\/ITS036_8809663574925_1.jpg\" \/>\n\t<meta property=\"og:image:width\" content=\"800\" \/>\n\t<meta property=\"og:image:height\" content=\"800\" \/>\n\t<meta property=\"og:image:type\" content=\"image\/jpeg\" \/>\n<meta name=\"twitter:card\" content=\"summary_large_image\" \/>\n<meta name=\"twitter:label1\" content=\"Tempo estimado de leitura\" \/>\n\t<meta name=\"twitter:data1\" content=\"1 minuto\" \/>\n<script type=\"application\/ld+json\" class=\"yoast-schema-graph\">{\"@context\":\"https:\/\/schema.org\",\"@graph\":[{\"@type\":\"WebPage\",\"@id\":\"https:\/\/itsskinbeauty.eu\/pt-pt\/producto\/power-10-formula-q10-effector\/\",\"url\":\"https:\/\/itsskinbeauty.eu\/pt-pt\/producto\/power-10-formula-q10-effector\/\",\"name\":\"Power 10 F\u00f3rmula Efeito Q10 - Its Skin\",\"isPartOf\":{\"@id\":\"https:\/\/itsskinbeauty.eu\/pt-pt\/#website\"},\"primaryImageOfPage\":{\"@id\":\"https:\/\/itsskinbeauty.eu\/pt-pt\/producto\/power-10-formula-q10-effector\/#primaryimage\"},\"image\":{\"@id\":\"https:\/\/itsskinbeauty.eu\/pt-pt\/producto\/power-10-formula-q10-effector\/#primaryimage\"},\"thumbnailUrl\":\"https:\/\/itsskinbeauty.eu\/wp-content\/uploads\/2023\/04\/ITS036_8809663574925_1.jpg\",\"datePublished\":\"2023-04-27T12:16:24+00:00\",\"dateModified\":\"2023-05-09T10:30:53+00:00\",\"breadcrumb\":{\"@id\":\"https:\/\/itsskinbeauty.eu\/pt-pt\/producto\/power-10-formula-q10-effector\/#breadcrumb\"},\"inLanguage\":\"pt-PT\",\"potentialAction\":[{\"@type\":\"ReadAction\",\"target\":[\"https:\/\/itsskinbeauty.eu\/pt-pt\/producto\/power-10-formula-q10-effector\/\"]}]},{\"@type\":\"ImageObject\",\"inLanguage\":\"pt-PT\",\"@id\":\"https:\/\/itsskinbeauty.eu\/pt-pt\/producto\/power-10-formula-q10-effector\/#primaryimage\",\"url\":\"https:\/\/itsskinbeauty.eu\/wp-content\/uploads\/2023\/04\/ITS036_8809663574925_1.jpg\",\"contentUrl\":\"https:\/\/itsskinbeauty.eu\/wp-content\/uploads\/2023\/04\/ITS036_8809663574925_1.jpg\",\"width\":800,\"height\":800},{\"@type\":\"BreadcrumbList\",\"@id\":\"https:\/\/itsskinbeauty.eu\/pt-pt\/producto\/power-10-formula-q10-effector\/#breadcrumb\",\"itemListElement\":[{\"@type\":\"ListItem\",\"position\":1,\"name\":\"Portada\",\"item\":\"https:\/\/itsskinbeauty.eu\/pt-pt\/\"},{\"@type\":\"ListItem\",\"position\":2,\"name\":\"Tienda\",\"item\":\"https:\/\/itsskinbeauty.eu\/tienda\/\"},{\"@type\":\"ListItem\",\"position\":3,\"name\":\"Power 10 F\u00f3rmula Efeito Q10\"}]},{\"@type\":\"WebSite\",\"@id\":\"https:\/\/itsskinbeauty.eu\/pt-pt\/#website\",\"url\":\"https:\/\/itsskinbeauty.eu\/pt-pt\/\",\"name\":\"Its Skin\",\"description\":\"Its Skin Europe\",\"potentialAction\":[{\"@type\":\"SearchAction\",\"target\":{\"@type\":\"EntryPoint\",\"urlTemplate\":\"https:\/\/itsskinbeauty.eu\/pt-pt\/?s={search_term_string}\"},\"query-input\":{\"@type\":\"PropertyValueSpecification\",\"valueRequired\":true,\"valueName\":\"search_term_string\"}}],\"inLanguage\":\"pt-PT\"}]}<\/script>\n<!-- \/ Yoast SEO plugin. -->","yoast_head_json":{"title":"Power 10 F\u00f3rmula Efeito Q10 - Its Skin","robots":{"index":"index","follow":"follow","max-snippet":"max-snippet:-1","max-image-preview":"max-image-preview:large","max-video-preview":"max-video-preview:-1"},"canonical":"https:\/\/itsskinbeauty.eu\/pt-pt\/producto\/power-10-formula-q10-effector\/","og_locale":"pt_PT","og_type":"article","og_title":"Power 10 F\u00f3rmula Efeito Q10 - Its Skin","og_description":"Ess\u00eancia que  melhorar as rugas numa f\u00f3rmula cremosa com:\u00a0  DAUCUS CAROTA SATIVA (CARROT) ROOT EXTRACT 74%, Q-TINOL(\u2122) 30.000 ppm,  coenzima Q10 (ubiquinona), retinol e tecnologia POWER EFFECT 100\u2122 (m\u00e9todo de  extrac\u00e7\u00e3o de ingredientes de 100 horas, atrav\u00e9s de 72 horas de extrac\u00e7\u00e3o  ultra-s\u00f3nica e 28 horas de armazenamento a baixa temperatura).","og_url":"https:\/\/itsskinbeauty.eu\/pt-pt\/producto\/power-10-formula-q10-effector\/","og_site_name":"Its Skin","article_modified_time":"2023-05-09T10:30:53+00:00","og_image":[{"width":800,"height":800,"url":"https:\/\/itsskinbeauty.eu\/wp-content\/uploads\/2023\/04\/ITS036_8809663574925_1.jpg","type":"image\/jpeg"}],"twitter_card":"summary_large_image","twitter_misc":{"Tempo estimado de leitura":"1 minuto"},"schema":{"@context":"https:\/\/schema.org","@graph":[{"@type":"WebPage","@id":"https:\/\/itsskinbeauty.eu\/pt-pt\/producto\/power-10-formula-q10-effector\/","url":"https:\/\/itsskinbeauty.eu\/pt-pt\/producto\/power-10-formula-q10-effector\/","name":"Power 10 F\u00f3rmula Efeito Q10 - Its Skin","isPartOf":{"@id":"https:\/\/itsskinbeauty.eu\/pt-pt\/#website"},"primaryImageOfPage":{"@id":"https:\/\/itsskinbeauty.eu\/pt-pt\/producto\/power-10-formula-q10-effector\/#primaryimage"},"image":{"@id":"https:\/\/itsskinbeauty.eu\/pt-pt\/producto\/power-10-formula-q10-effector\/#primaryimage"},"thumbnailUrl":"https:\/\/itsskinbeauty.eu\/wp-content\/uploads\/2023\/04\/ITS036_8809663574925_1.jpg","datePublished":"2023-04-27T12:16:24+00:00","dateModified":"2023-05-09T10:30:53+00:00","breadcrumb":{"@id":"https:\/\/itsskinbeauty.eu\/pt-pt\/producto\/power-10-formula-q10-effector\/#breadcrumb"},"inLanguage":"pt-PT","potentialAction":[{"@type":"ReadAction","target":["https:\/\/itsskinbeauty.eu\/pt-pt\/producto\/power-10-formula-q10-effector\/"]}]},{"@type":"ImageObject","inLanguage":"pt-PT","@id":"https:\/\/itsskinbeauty.eu\/pt-pt\/producto\/power-10-formula-q10-effector\/#primaryimage","url":"https:\/\/itsskinbeauty.eu\/wp-content\/uploads\/2023\/04\/ITS036_8809663574925_1.jpg","contentUrl":"https:\/\/itsskinbeauty.eu\/wp-content\/uploads\/2023\/04\/ITS036_8809663574925_1.jpg","width":800,"height":800},{"@type":"BreadcrumbList","@id":"https:\/\/itsskinbeauty.eu\/pt-pt\/producto\/power-10-formula-q10-effector\/#breadcrumb","itemListElement":[{"@type":"ListItem","position":1,"name":"Portada","item":"https:\/\/itsskinbeauty.eu\/pt-pt\/"},{"@type":"ListItem","position":2,"name":"Tienda","item":"https:\/\/itsskinbeauty.eu\/tienda\/"},{"@type":"ListItem","position":3,"name":"Power 10 F\u00f3rmula Efeito Q10"}]},{"@type":"WebSite","@id":"https:\/\/itsskinbeauty.eu\/pt-pt\/#website","url":"https:\/\/itsskinbeauty.eu\/pt-pt\/","name":"Its Skin","description":"Its Skin Europe","potentialAction":[{"@type":"SearchAction","target":{"@type":"EntryPoint","urlTemplate":"https:\/\/itsskinbeauty.eu\/pt-pt\/?s={search_term_string}"},"query-input":{"@type":"PropertyValueSpecification","valueRequired":true,"valueName":"search_term_string"}}],"inLanguage":"pt-PT"}]}},"_links":{"self":[{"href":"https:\/\/itsskinbeauty.eu\/pt-pt\/wp-json\/wp\/v2\/product\/21054","targetHints":{"allow":["GET"]}}],"collection":[{"href":"https:\/\/itsskinbeauty.eu\/pt-pt\/wp-json\/wp\/v2\/product"}],"about":[{"href":"https:\/\/itsskinbeauty.eu\/pt-pt\/wp-json\/wp\/v2\/types\/product"}],"replies":[{"embeddable":true,"href":"https:\/\/itsskinbeauty.eu\/pt-pt\/wp-json\/wp\/v2\/comments?post=21054"}],"wp:featuredmedia":[{"embeddable":true,"href":"https:\/\/itsskinbeauty.eu\/pt-pt\/wp-json\/wp\/v2\/media\/20926"}],"wp:attachment":[{"href":"https:\/\/itsskinbeauty.eu\/pt-pt\/wp-json\/wp\/v2\/media?parent=21054"}],"wp:term":[{"taxonomy":"product_brand","embeddable":true,"href":"https:\/\/itsskinbeauty.eu\/pt-pt\/wp-json\/wp\/v2\/product_brand?post=21054"},{"taxonomy":"product_cat","embeddable":true,"href":"https:\/\/itsskinbeauty.eu\/pt-pt\/wp-json\/wp\/v2\/product_cat?post=21054"},{"taxonomy":"product_tag","embeddable":true,"href":"https:\/\/itsskinbeauty.eu\/pt-pt\/wp-json\/wp\/v2\/product_tag?post=21054"}],"curies":[{"name":"wp","href":"https:\/\/api.w.org\/{rel}","templated":true}]}}