{"id":21053,"date":"2023-04-27T12:16:31","date_gmt":"2023-04-27T12:16:31","guid":{"rendered":"https:\/\/itsskinbeauty.eu\/producto\/power-10-formula-ve-effector\/"},"modified":"2023-05-09T10:30:53","modified_gmt":"2023-05-09T10:30:53","slug":"power-10-formula-ve-effector","status":"publish","type":"product","link":"https:\/\/itsskinbeauty.eu\/pt-pt\/producto\/power-10-formula-ve-effector\/","title":{"rendered":"Power 10 F\u00f3rmula Efeito Ve"},"content":{"rendered":"<h4>Como utilizar<\/h4>\n<p>Pegar uma quantidade apropriada (2-3 gotas), depois dar uma palmadinha suave e espalhar uniformemente pela \u00e1rea do rosto e pesco\u00e7o.<\/p>\n<p><\/p>\n<h4>Ingredientes<\/h4>\n<p>Aqua, Methyl Gluceth-20, Caprylic\/Capric Triglyceride, Glycerin, Glyceryl Stearate, Glyceryl Oleate Citrate, Glycereth-26, 1,2-Hexanediol, Dipropylene Glycol, Theobroma Cacao (Cocoa) Seed Butter, Potassium Cetyl Phosphate, Cocos Nucifera (Coconut) Fruit Extract, Butylene Glycol, Hydrogenated Palm Glycerides, Hydroxyacetophenone, Tocopheryl Acetate, C12-13 Pareth-9, Caprylyl Glycol, Glycolipids, Acrylates\/C10-30 Alkyl Acrylate Crosspolymer, Allantoin, Panthenol, Tromethamine, Adenosine, Disodium Edta, Squalane, Dipotassium Glycyrrhizate<\/p>\n","protected":false},"excerpt":{"rendered":"<p>Ess\u00eancia<br \/>\n  nutritiva e hidratante com uma f\u00f3rmula oleosa:\u00a0 COCOS NUCIFERA (COCONUT) FRUIT EXTRACT 67%,<br \/>\n  SQUVITA-E(TM) 30.000 ppm, esqualeno, derivado de vitamina E (acetato de<br \/>\n  tocoferilo) e tecnologia POWER EFFECT 100\u2122 (m\u00e9todo de extrac\u00e7\u00e3o de<br \/>\n  ingredientes de 100 horas, atrav\u00e9s de 72 horas de extrac\u00e7\u00e3o ultra-s\u00f3nica e 28<br \/>\n  horas de armazenamento a baixa temperatura).<\/p>\n","protected":false},"featured_media":20930,"comment_status":"closed","ping_status":"closed","template":"","meta":[],"product_brand":[],"product_cat":[665,668],"product_tag":[],"class_list":{"0":"post-21053","1":"product","2":"type-product","3":"status-publish","4":"has-post-thumbnail","6":"product_cat-power-10-pt-pt","7":"product_cat-serum-pt-pt","9":"first","10":"instock","11":"shipping-taxable","12":"purchasable","13":"product-type-simple"},"yoast_head":"<!-- This site is optimized with the Yoast SEO plugin v27.2 - https:\/\/yoast.com\/product\/yoast-seo-wordpress\/ -->\n<title>Power 10 F\u00f3rmula Efeito Ve - Its Skin<\/title>\n<meta name=\"robots\" content=\"index, follow, max-snippet:-1, max-image-preview:large, max-video-preview:-1\" \/>\n<link rel=\"canonical\" href=\"https:\/\/itsskinbeauty.eu\/pt-pt\/producto\/power-10-formula-ve-effector\/\" \/>\n<meta property=\"og:locale\" content=\"pt_PT\" \/>\n<meta property=\"og:type\" content=\"article\" \/>\n<meta property=\"og:title\" content=\"Power 10 F\u00f3rmula Efeito Ve - Its Skin\" \/>\n<meta property=\"og:description\" content=\"Ess\u00eancia  nutritiva e hidratante com uma f\u00f3rmula oleosa:\u00a0 COCOS NUCIFERA (COCONUT) FRUIT EXTRACT 67%,  SQUVITA-E(TM) 30.000 ppm, esqualeno, derivado de vitamina E (acetato de  tocoferilo) e tecnologia POWER EFFECT 100\u2122 (m\u00e9todo de extrac\u00e7\u00e3o de  ingredientes de 100 horas, atrav\u00e9s de 72 horas de extrac\u00e7\u00e3o ultra-s\u00f3nica e 28  horas de armazenamento a baixa temperatura).\" \/>\n<meta property=\"og:url\" content=\"https:\/\/itsskinbeauty.eu\/pt-pt\/producto\/power-10-formula-ve-effector\/\" \/>\n<meta property=\"og:site_name\" content=\"Its Skin\" \/>\n<meta property=\"article:modified_time\" content=\"2023-05-09T10:30:53+00:00\" \/>\n<meta property=\"og:image\" content=\"https:\/\/itsskinbeauty.eu\/wp-content\/uploads\/2023\/04\/ITS037_8809663574932_1.jpg\" \/>\n\t<meta property=\"og:image:width\" content=\"800\" \/>\n\t<meta property=\"og:image:height\" content=\"800\" \/>\n\t<meta property=\"og:image:type\" content=\"image\/jpeg\" \/>\n<meta name=\"twitter:card\" content=\"summary_large_image\" \/>\n<script type=\"application\/ld+json\" class=\"yoast-schema-graph\">{\"@context\":\"https:\/\/schema.org\",\"@graph\":[{\"@type\":\"WebPage\",\"@id\":\"https:\/\/itsskinbeauty.eu\/pt-pt\/producto\/power-10-formula-ve-effector\/\",\"url\":\"https:\/\/itsskinbeauty.eu\/pt-pt\/producto\/power-10-formula-ve-effector\/\",\"name\":\"Power 10 F\u00f3rmula Efeito Ve - Its Skin\",\"isPartOf\":{\"@id\":\"https:\/\/itsskinbeauty.eu\/pt-pt\/#website\"},\"primaryImageOfPage\":{\"@id\":\"https:\/\/itsskinbeauty.eu\/pt-pt\/producto\/power-10-formula-ve-effector\/#primaryimage\"},\"image\":{\"@id\":\"https:\/\/itsskinbeauty.eu\/pt-pt\/producto\/power-10-formula-ve-effector\/#primaryimage\"},\"thumbnailUrl\":\"https:\/\/itsskinbeauty.eu\/wp-content\/uploads\/2023\/04\/ITS037_8809663574932_1.jpg\",\"datePublished\":\"2023-04-27T12:16:31+00:00\",\"dateModified\":\"2023-05-09T10:30:53+00:00\",\"breadcrumb\":{\"@id\":\"https:\/\/itsskinbeauty.eu\/pt-pt\/producto\/power-10-formula-ve-effector\/#breadcrumb\"},\"inLanguage\":\"pt-PT\",\"potentialAction\":[{\"@type\":\"ReadAction\",\"target\":[\"https:\/\/itsskinbeauty.eu\/pt-pt\/producto\/power-10-formula-ve-effector\/\"]}]},{\"@type\":\"ImageObject\",\"inLanguage\":\"pt-PT\",\"@id\":\"https:\/\/itsskinbeauty.eu\/pt-pt\/producto\/power-10-formula-ve-effector\/#primaryimage\",\"url\":\"https:\/\/itsskinbeauty.eu\/wp-content\/uploads\/2023\/04\/ITS037_8809663574932_1.jpg\",\"contentUrl\":\"https:\/\/itsskinbeauty.eu\/wp-content\/uploads\/2023\/04\/ITS037_8809663574932_1.jpg\",\"width\":800,\"height\":800},{\"@type\":\"BreadcrumbList\",\"@id\":\"https:\/\/itsskinbeauty.eu\/pt-pt\/producto\/power-10-formula-ve-effector\/#breadcrumb\",\"itemListElement\":[{\"@type\":\"ListItem\",\"position\":1,\"name\":\"Portada\",\"item\":\"https:\/\/itsskinbeauty.eu\/pt-pt\/\"},{\"@type\":\"ListItem\",\"position\":2,\"name\":\"Tienda\",\"item\":\"https:\/\/itsskinbeauty.eu\/tienda\/\"},{\"@type\":\"ListItem\",\"position\":3,\"name\":\"Power 10 F\u00f3rmula Efeito Ve\"}]},{\"@type\":\"WebSite\",\"@id\":\"https:\/\/itsskinbeauty.eu\/pt-pt\/#website\",\"url\":\"https:\/\/itsskinbeauty.eu\/pt-pt\/\",\"name\":\"Its Skin\",\"description\":\"Its Skin Europe\",\"potentialAction\":[{\"@type\":\"SearchAction\",\"target\":{\"@type\":\"EntryPoint\",\"urlTemplate\":\"https:\/\/itsskinbeauty.eu\/pt-pt\/?s={search_term_string}\"},\"query-input\":{\"@type\":\"PropertyValueSpecification\",\"valueRequired\":true,\"valueName\":\"search_term_string\"}}],\"inLanguage\":\"pt-PT\"}]}<\/script>\n<!-- \/ Yoast SEO plugin. -->","yoast_head_json":{"title":"Power 10 F\u00f3rmula Efeito Ve - Its Skin","robots":{"index":"index","follow":"follow","max-snippet":"max-snippet:-1","max-image-preview":"max-image-preview:large","max-video-preview":"max-video-preview:-1"},"canonical":"https:\/\/itsskinbeauty.eu\/pt-pt\/producto\/power-10-formula-ve-effector\/","og_locale":"pt_PT","og_type":"article","og_title":"Power 10 F\u00f3rmula Efeito Ve - Its Skin","og_description":"Ess\u00eancia  nutritiva e hidratante com uma f\u00f3rmula oleosa:\u00a0 COCOS NUCIFERA (COCONUT) FRUIT EXTRACT 67%,  SQUVITA-E(TM) 30.000 ppm, esqualeno, derivado de vitamina E (acetato de  tocoferilo) e tecnologia POWER EFFECT 100\u2122 (m\u00e9todo de extrac\u00e7\u00e3o de  ingredientes de 100 horas, atrav\u00e9s de 72 horas de extrac\u00e7\u00e3o ultra-s\u00f3nica e 28  horas de armazenamento a baixa temperatura).","og_url":"https:\/\/itsskinbeauty.eu\/pt-pt\/producto\/power-10-formula-ve-effector\/","og_site_name":"Its Skin","article_modified_time":"2023-05-09T10:30:53+00:00","og_image":[{"width":800,"height":800,"url":"https:\/\/itsskinbeauty.eu\/wp-content\/uploads\/2023\/04\/ITS037_8809663574932_1.jpg","type":"image\/jpeg"}],"twitter_card":"summary_large_image","schema":{"@context":"https:\/\/schema.org","@graph":[{"@type":"WebPage","@id":"https:\/\/itsskinbeauty.eu\/pt-pt\/producto\/power-10-formula-ve-effector\/","url":"https:\/\/itsskinbeauty.eu\/pt-pt\/producto\/power-10-formula-ve-effector\/","name":"Power 10 F\u00f3rmula Efeito Ve - Its Skin","isPartOf":{"@id":"https:\/\/itsskinbeauty.eu\/pt-pt\/#website"},"primaryImageOfPage":{"@id":"https:\/\/itsskinbeauty.eu\/pt-pt\/producto\/power-10-formula-ve-effector\/#primaryimage"},"image":{"@id":"https:\/\/itsskinbeauty.eu\/pt-pt\/producto\/power-10-formula-ve-effector\/#primaryimage"},"thumbnailUrl":"https:\/\/itsskinbeauty.eu\/wp-content\/uploads\/2023\/04\/ITS037_8809663574932_1.jpg","datePublished":"2023-04-27T12:16:31+00:00","dateModified":"2023-05-09T10:30:53+00:00","breadcrumb":{"@id":"https:\/\/itsskinbeauty.eu\/pt-pt\/producto\/power-10-formula-ve-effector\/#breadcrumb"},"inLanguage":"pt-PT","potentialAction":[{"@type":"ReadAction","target":["https:\/\/itsskinbeauty.eu\/pt-pt\/producto\/power-10-formula-ve-effector\/"]}]},{"@type":"ImageObject","inLanguage":"pt-PT","@id":"https:\/\/itsskinbeauty.eu\/pt-pt\/producto\/power-10-formula-ve-effector\/#primaryimage","url":"https:\/\/itsskinbeauty.eu\/wp-content\/uploads\/2023\/04\/ITS037_8809663574932_1.jpg","contentUrl":"https:\/\/itsskinbeauty.eu\/wp-content\/uploads\/2023\/04\/ITS037_8809663574932_1.jpg","width":800,"height":800},{"@type":"BreadcrumbList","@id":"https:\/\/itsskinbeauty.eu\/pt-pt\/producto\/power-10-formula-ve-effector\/#breadcrumb","itemListElement":[{"@type":"ListItem","position":1,"name":"Portada","item":"https:\/\/itsskinbeauty.eu\/pt-pt\/"},{"@type":"ListItem","position":2,"name":"Tienda","item":"https:\/\/itsskinbeauty.eu\/tienda\/"},{"@type":"ListItem","position":3,"name":"Power 10 F\u00f3rmula Efeito Ve"}]},{"@type":"WebSite","@id":"https:\/\/itsskinbeauty.eu\/pt-pt\/#website","url":"https:\/\/itsskinbeauty.eu\/pt-pt\/","name":"Its Skin","description":"Its Skin Europe","potentialAction":[{"@type":"SearchAction","target":{"@type":"EntryPoint","urlTemplate":"https:\/\/itsskinbeauty.eu\/pt-pt\/?s={search_term_string}"},"query-input":{"@type":"PropertyValueSpecification","valueRequired":true,"valueName":"search_term_string"}}],"inLanguage":"pt-PT"}]}},"_links":{"self":[{"href":"https:\/\/itsskinbeauty.eu\/pt-pt\/wp-json\/wp\/v2\/product\/21053","targetHints":{"allow":["GET"]}}],"collection":[{"href":"https:\/\/itsskinbeauty.eu\/pt-pt\/wp-json\/wp\/v2\/product"}],"about":[{"href":"https:\/\/itsskinbeauty.eu\/pt-pt\/wp-json\/wp\/v2\/types\/product"}],"replies":[{"embeddable":true,"href":"https:\/\/itsskinbeauty.eu\/pt-pt\/wp-json\/wp\/v2\/comments?post=21053"}],"wp:featuredmedia":[{"embeddable":true,"href":"https:\/\/itsskinbeauty.eu\/pt-pt\/wp-json\/wp\/v2\/media\/20930"}],"wp:attachment":[{"href":"https:\/\/itsskinbeauty.eu\/pt-pt\/wp-json\/wp\/v2\/media?parent=21053"}],"wp:term":[{"taxonomy":"product_brand","embeddable":true,"href":"https:\/\/itsskinbeauty.eu\/pt-pt\/wp-json\/wp\/v2\/product_brand?post=21053"},{"taxonomy":"product_cat","embeddable":true,"href":"https:\/\/itsskinbeauty.eu\/pt-pt\/wp-json\/wp\/v2\/product_cat?post=21053"},{"taxonomy":"product_tag","embeddable":true,"href":"https:\/\/itsskinbeauty.eu\/pt-pt\/wp-json\/wp\/v2\/product_tag?post=21053"}],"curies":[{"name":"wp","href":"https:\/\/api.w.org\/{rel}","templated":true}]}}