{"id":21052,"date":"2023-04-27T12:16:31","date_gmt":"2023-04-27T12:16:31","guid":{"rendered":"https:\/\/itsskinbeauty.eu\/producto\/power-10-formula-li-jelly-pad-firefighter\/"},"modified":"2023-05-09T10:30:53","modified_gmt":"2023-05-09T10:30:53","slug":"power-10-formula-li-jelly-pad-firefighter","status":"publish","type":"product","link":"https:\/\/itsskinbeauty.eu\/pt-pt\/producto\/power-10-formula-li-jelly-pad-firefighter\/","title":{"rendered":"Power 10 F\u00f3rmula Li Jelly Pad Firefighter"},"content":{"rendered":"<h4>Como utilizar<\/h4>\n<p>Colocar a almofada na \u00e1rea a ser aliviada e retir\u00e1-la ap\u00f3s 5-10 minutos. Aplicar ligeiramente a ess\u00eancia restante na pele at\u00e9 ser completamente absorvida. Ap\u00f3s utiliza\u00e7\u00e3o, manter o tamp\u00e3o bem fechado para evitar a secagem.<\/p>\n<p><\/p>\n<h4>Ingredientes<\/h4>\n<p>Aqua, Butylene Glycol, Glycerin, Dipropylene Glycol, Hydroxyacetophenone, Caprylyl Glycol, Caprylyl\/Capryl Glucoside, Polyglyceryl-10 Laurate, Allantoin, 1,2-Hexanediol, Sodium Citrate, Melia Azadirachta Leaf Extract, Melia Azadirachta Flower Extract, Chamomilla Recutita (Matricaria) Flower Extract, Citric Acid, Disodium Edta, Glycyrrhiza Glabra (Licorice) Root Extract, Polyglyceryl-10 Oleate, Coccinia Indica Fruit Extract, Aloe Barbadensis Flower Extract, Solanum Melongena (Eggplant) Fruit Extract, Betaine, Dipotassium Glycyrrhizate, Ocimum Sanctum Leaf Extract, Corallina Officinalis Extract, Curcuma Longa (Turmeric) Root Extract, Juniperus Mexicana Oil, Rosa Damascena Flower Oil, Guaiazulene, Pogostemon Cablin Oil, Vetiveria Zizanoides Root Oil<\/p>\n","protected":false},"excerpt":{"rendered":"<p>Almofada<br \/>\n  hidratante e calmante com:\u00a0 GLYCYRRHIZA<br \/>\n  GLABRA (Licorice) ROOT EXTRACT 10.000 ppm, CALMZULEN(TM) 10.000 ppm, extracto<br \/>\n  de flor de Guaiazulene + Chamomilla recutita (maticaria), pH 5,5(+-1,0)<br \/>\n  f\u00f3rmula equilibrada para pele saud\u00e1vel. POWER EFFECT 100\u2122 Tecnologia (m\u00e9todo<br \/>\n  de extrac\u00e7\u00e3o de ingredientes de 100 horas, atrav\u00e9s de 72 horas de extrac\u00e7\u00e3o<br \/>\n  ultra-s\u00f3nica e 28 horas de armazenamento a baixa temperatura).<\/p>\n","protected":false},"featured_media":20934,"comment_status":"closed","ping_status":"closed","template":"","meta":[],"product_brand":[],"product_cat":[665,667],"product_tag":[],"class_list":{"0":"post-21052","1":"product","2":"type-product","3":"status-publish","4":"has-post-thumbnail","6":"product_cat-power-10-pt-pt","7":"product_cat-tonico-pt-pt","9":"first","10":"instock","11":"shipping-taxable","12":"purchasable","13":"product-type-simple"},"yoast_head":"<!-- This site is optimized with the Yoast SEO plugin v27.2 - https:\/\/yoast.com\/product\/yoast-seo-wordpress\/ -->\n<title>Power 10 F\u00f3rmula Li Jelly Pad Firefighter - Its Skin<\/title>\n<meta name=\"robots\" content=\"index, follow, max-snippet:-1, max-image-preview:large, max-video-preview:-1\" \/>\n<link rel=\"canonical\" href=\"https:\/\/itsskinbeauty.eu\/pt-pt\/producto\/power-10-formula-li-jelly-pad-firefighter\/\" \/>\n<meta property=\"og:locale\" content=\"pt_PT\" \/>\n<meta property=\"og:type\" content=\"article\" \/>\n<meta property=\"og:title\" content=\"Power 10 F\u00f3rmula Li Jelly Pad Firefighter - Its Skin\" \/>\n<meta property=\"og:description\" content=\"Almofada  hidratante e calmante com:\u00a0 GLYCYRRHIZA  GLABRA (Licorice) ROOT EXTRACT 10.000 ppm, CALMZULEN(TM) 10.000 ppm, extracto  de flor de Guaiazulene + Chamomilla recutita (maticaria), pH 5,5(+-1,0)  f\u00f3rmula equilibrada para pele saud\u00e1vel. POWER EFFECT 100\u2122 Tecnologia (m\u00e9todo  de extrac\u00e7\u00e3o de ingredientes de 100 horas, atrav\u00e9s de 72 horas de extrac\u00e7\u00e3o  ultra-s\u00f3nica e 28 horas de armazenamento a baixa temperatura).\" \/>\n<meta property=\"og:url\" content=\"https:\/\/itsskinbeauty.eu\/pt-pt\/producto\/power-10-formula-li-jelly-pad-firefighter\/\" \/>\n<meta property=\"og:site_name\" content=\"Its Skin\" \/>\n<meta property=\"article:modified_time\" content=\"2023-05-09T10:30:53+00:00\" \/>\n<meta property=\"og:image\" content=\"https:\/\/itsskinbeauty.eu\/wp-content\/uploads\/2023\/04\/ITS038_8809663575304_1.jpg\" \/>\n\t<meta property=\"og:image:width\" content=\"800\" \/>\n\t<meta property=\"og:image:height\" content=\"800\" \/>\n\t<meta property=\"og:image:type\" content=\"image\/jpeg\" \/>\n<meta name=\"twitter:card\" content=\"summary_large_image\" \/>\n<meta name=\"twitter:label1\" content=\"Tempo estimado de leitura\" \/>\n\t<meta name=\"twitter:data1\" content=\"1 minuto\" \/>\n<script type=\"application\/ld+json\" class=\"yoast-schema-graph\">{\"@context\":\"https:\/\/schema.org\",\"@graph\":[{\"@type\":\"WebPage\",\"@id\":\"https:\/\/itsskinbeauty.eu\/pt-pt\/producto\/power-10-formula-li-jelly-pad-firefighter\/\",\"url\":\"https:\/\/itsskinbeauty.eu\/pt-pt\/producto\/power-10-formula-li-jelly-pad-firefighter\/\",\"name\":\"Power 10 F\u00f3rmula Li Jelly Pad Firefighter - Its Skin\",\"isPartOf\":{\"@id\":\"https:\/\/itsskinbeauty.eu\/pt-pt\/#website\"},\"primaryImageOfPage\":{\"@id\":\"https:\/\/itsskinbeauty.eu\/pt-pt\/producto\/power-10-formula-li-jelly-pad-firefighter\/#primaryimage\"},\"image\":{\"@id\":\"https:\/\/itsskinbeauty.eu\/pt-pt\/producto\/power-10-formula-li-jelly-pad-firefighter\/#primaryimage\"},\"thumbnailUrl\":\"https:\/\/itsskinbeauty.eu\/wp-content\/uploads\/2023\/04\/ITS038_8809663575304_1.jpg\",\"datePublished\":\"2023-04-27T12:16:31+00:00\",\"dateModified\":\"2023-05-09T10:30:53+00:00\",\"breadcrumb\":{\"@id\":\"https:\/\/itsskinbeauty.eu\/pt-pt\/producto\/power-10-formula-li-jelly-pad-firefighter\/#breadcrumb\"},\"inLanguage\":\"pt-PT\",\"potentialAction\":[{\"@type\":\"ReadAction\",\"target\":[\"https:\/\/itsskinbeauty.eu\/pt-pt\/producto\/power-10-formula-li-jelly-pad-firefighter\/\"]}]},{\"@type\":\"ImageObject\",\"inLanguage\":\"pt-PT\",\"@id\":\"https:\/\/itsskinbeauty.eu\/pt-pt\/producto\/power-10-formula-li-jelly-pad-firefighter\/#primaryimage\",\"url\":\"https:\/\/itsskinbeauty.eu\/wp-content\/uploads\/2023\/04\/ITS038_8809663575304_1.jpg\",\"contentUrl\":\"https:\/\/itsskinbeauty.eu\/wp-content\/uploads\/2023\/04\/ITS038_8809663575304_1.jpg\",\"width\":800,\"height\":800},{\"@type\":\"BreadcrumbList\",\"@id\":\"https:\/\/itsskinbeauty.eu\/pt-pt\/producto\/power-10-formula-li-jelly-pad-firefighter\/#breadcrumb\",\"itemListElement\":[{\"@type\":\"ListItem\",\"position\":1,\"name\":\"Portada\",\"item\":\"https:\/\/itsskinbeauty.eu\/pt-pt\/\"},{\"@type\":\"ListItem\",\"position\":2,\"name\":\"Tienda\",\"item\":\"https:\/\/itsskinbeauty.eu\/tienda\/\"},{\"@type\":\"ListItem\",\"position\":3,\"name\":\"Power 10 F\u00f3rmula Li Jelly Pad Firefighter\"}]},{\"@type\":\"WebSite\",\"@id\":\"https:\/\/itsskinbeauty.eu\/pt-pt\/#website\",\"url\":\"https:\/\/itsskinbeauty.eu\/pt-pt\/\",\"name\":\"Its Skin\",\"description\":\"Its Skin Europe\",\"potentialAction\":[{\"@type\":\"SearchAction\",\"target\":{\"@type\":\"EntryPoint\",\"urlTemplate\":\"https:\/\/itsskinbeauty.eu\/pt-pt\/?s={search_term_string}\"},\"query-input\":{\"@type\":\"PropertyValueSpecification\",\"valueRequired\":true,\"valueName\":\"search_term_string\"}}],\"inLanguage\":\"pt-PT\"}]}<\/script>\n<!-- \/ Yoast SEO plugin. -->","yoast_head_json":{"title":"Power 10 F\u00f3rmula Li Jelly Pad Firefighter - Its Skin","robots":{"index":"index","follow":"follow","max-snippet":"max-snippet:-1","max-image-preview":"max-image-preview:large","max-video-preview":"max-video-preview:-1"},"canonical":"https:\/\/itsskinbeauty.eu\/pt-pt\/producto\/power-10-formula-li-jelly-pad-firefighter\/","og_locale":"pt_PT","og_type":"article","og_title":"Power 10 F\u00f3rmula Li Jelly Pad Firefighter - Its Skin","og_description":"Almofada  hidratante e calmante com:\u00a0 GLYCYRRHIZA  GLABRA (Licorice) ROOT EXTRACT 10.000 ppm, CALMZULEN(TM) 10.000 ppm, extracto  de flor de Guaiazulene + Chamomilla recutita (maticaria), pH 5,5(+-1,0)  f\u00f3rmula equilibrada para pele saud\u00e1vel. POWER EFFECT 100\u2122 Tecnologia (m\u00e9todo  de extrac\u00e7\u00e3o de ingredientes de 100 horas, atrav\u00e9s de 72 horas de extrac\u00e7\u00e3o  ultra-s\u00f3nica e 28 horas de armazenamento a baixa temperatura).","og_url":"https:\/\/itsskinbeauty.eu\/pt-pt\/producto\/power-10-formula-li-jelly-pad-firefighter\/","og_site_name":"Its Skin","article_modified_time":"2023-05-09T10:30:53+00:00","og_image":[{"width":800,"height":800,"url":"https:\/\/itsskinbeauty.eu\/wp-content\/uploads\/2023\/04\/ITS038_8809663575304_1.jpg","type":"image\/jpeg"}],"twitter_card":"summary_large_image","twitter_misc":{"Tempo estimado de leitura":"1 minuto"},"schema":{"@context":"https:\/\/schema.org","@graph":[{"@type":"WebPage","@id":"https:\/\/itsskinbeauty.eu\/pt-pt\/producto\/power-10-formula-li-jelly-pad-firefighter\/","url":"https:\/\/itsskinbeauty.eu\/pt-pt\/producto\/power-10-formula-li-jelly-pad-firefighter\/","name":"Power 10 F\u00f3rmula Li Jelly Pad Firefighter - Its Skin","isPartOf":{"@id":"https:\/\/itsskinbeauty.eu\/pt-pt\/#website"},"primaryImageOfPage":{"@id":"https:\/\/itsskinbeauty.eu\/pt-pt\/producto\/power-10-formula-li-jelly-pad-firefighter\/#primaryimage"},"image":{"@id":"https:\/\/itsskinbeauty.eu\/pt-pt\/producto\/power-10-formula-li-jelly-pad-firefighter\/#primaryimage"},"thumbnailUrl":"https:\/\/itsskinbeauty.eu\/wp-content\/uploads\/2023\/04\/ITS038_8809663575304_1.jpg","datePublished":"2023-04-27T12:16:31+00:00","dateModified":"2023-05-09T10:30:53+00:00","breadcrumb":{"@id":"https:\/\/itsskinbeauty.eu\/pt-pt\/producto\/power-10-formula-li-jelly-pad-firefighter\/#breadcrumb"},"inLanguage":"pt-PT","potentialAction":[{"@type":"ReadAction","target":["https:\/\/itsskinbeauty.eu\/pt-pt\/producto\/power-10-formula-li-jelly-pad-firefighter\/"]}]},{"@type":"ImageObject","inLanguage":"pt-PT","@id":"https:\/\/itsskinbeauty.eu\/pt-pt\/producto\/power-10-formula-li-jelly-pad-firefighter\/#primaryimage","url":"https:\/\/itsskinbeauty.eu\/wp-content\/uploads\/2023\/04\/ITS038_8809663575304_1.jpg","contentUrl":"https:\/\/itsskinbeauty.eu\/wp-content\/uploads\/2023\/04\/ITS038_8809663575304_1.jpg","width":800,"height":800},{"@type":"BreadcrumbList","@id":"https:\/\/itsskinbeauty.eu\/pt-pt\/producto\/power-10-formula-li-jelly-pad-firefighter\/#breadcrumb","itemListElement":[{"@type":"ListItem","position":1,"name":"Portada","item":"https:\/\/itsskinbeauty.eu\/pt-pt\/"},{"@type":"ListItem","position":2,"name":"Tienda","item":"https:\/\/itsskinbeauty.eu\/tienda\/"},{"@type":"ListItem","position":3,"name":"Power 10 F\u00f3rmula Li Jelly Pad Firefighter"}]},{"@type":"WebSite","@id":"https:\/\/itsskinbeauty.eu\/pt-pt\/#website","url":"https:\/\/itsskinbeauty.eu\/pt-pt\/","name":"Its Skin","description":"Its Skin Europe","potentialAction":[{"@type":"SearchAction","target":{"@type":"EntryPoint","urlTemplate":"https:\/\/itsskinbeauty.eu\/pt-pt\/?s={search_term_string}"},"query-input":{"@type":"PropertyValueSpecification","valueRequired":true,"valueName":"search_term_string"}}],"inLanguage":"pt-PT"}]}},"_links":{"self":[{"href":"https:\/\/itsskinbeauty.eu\/pt-pt\/wp-json\/wp\/v2\/product\/21052","targetHints":{"allow":["GET"]}}],"collection":[{"href":"https:\/\/itsskinbeauty.eu\/pt-pt\/wp-json\/wp\/v2\/product"}],"about":[{"href":"https:\/\/itsskinbeauty.eu\/pt-pt\/wp-json\/wp\/v2\/types\/product"}],"replies":[{"embeddable":true,"href":"https:\/\/itsskinbeauty.eu\/pt-pt\/wp-json\/wp\/v2\/comments?post=21052"}],"wp:featuredmedia":[{"embeddable":true,"href":"https:\/\/itsskinbeauty.eu\/pt-pt\/wp-json\/wp\/v2\/media\/20934"}],"wp:attachment":[{"href":"https:\/\/itsskinbeauty.eu\/pt-pt\/wp-json\/wp\/v2\/media?parent=21052"}],"wp:term":[{"taxonomy":"product_brand","embeddable":true,"href":"https:\/\/itsskinbeauty.eu\/pt-pt\/wp-json\/wp\/v2\/product_brand?post=21052"},{"taxonomy":"product_cat","embeddable":true,"href":"https:\/\/itsskinbeauty.eu\/pt-pt\/wp-json\/wp\/v2\/product_cat?post=21052"},{"taxonomy":"product_tag","embeddable":true,"href":"https:\/\/itsskinbeauty.eu\/pt-pt\/wp-json\/wp\/v2\/product_tag?post=21052"}],"curies":[{"name":"wp","href":"https:\/\/api.w.org\/{rel}","templated":true}]}}