{"id":21051,"date":"2023-04-27T12:16:31","date_gmt":"2023-04-27T12:16:31","guid":{"rendered":"https:\/\/itsskinbeauty.eu\/producto\/power-10-formula-li-cream-firefighter\/"},"modified":"2023-05-09T10:30:45","modified_gmt":"2023-05-09T10:30:45","slug":"power-10-formula-li-cream-firefighter","status":"publish","type":"product","link":"https:\/\/itsskinbeauty.eu\/pt-pt\/producto\/power-10-formula-li-cream-firefighter\/","title":{"rendered":"Power 10 F\u00f3rmula Li Creme De Firefighter"},"content":{"rendered":"<h4>Como utilizar<\/h4>\n<p>Retirar uma quantidade adequada, aplicar suavemente ao longo da textura da pele e, em seguida, bater suavemente para ajudar a pele a absorv\u00ea-la.<\/p>\n<p><\/p>\n<h4>Ingredientes<\/h4>\n<p>Aqua, Caprylic\/Capric Triglyceride, Glyceryl Stearate, Octyldodecanol, Panthenol, Cetearyl Alcohol, Glycerin, Propylene Glycol, Butylene Glycol, Steareth-21, Steareth-2, 1,2-Hexanediol, Propanediol, Dimethicone, Glycyrrhiza Glabra (Licorice) Root Extract, Carbomer, Glyceryl Caprylate, Dipropylene Glycol, Polyacrylate-13, Ethylhexylglycerin, Tromethamine, Polyisobutene, Chamomilla Recutita (Matricaria) Flower Extract, Melia Azadirachta Leaf Extract, Melia Azadirachta Flower Extract, Polysorbate 20, Disodium Edta, Sorbitan Isostearate, Coccinia Indica Fruit Extract, Juniperus Mexicana Oil, Aloe Barbadensis Flower Extract, Solanum Melongena (Eggplant) Fruit Extract, Rosa Damascena Flower Oil, Dipotassium Glycyrrhizate, Simmondsia Chinensis (Jojoba) Seed Oil, Corallina Officinalis Extract, Curcuma Longa (Turmeric) Root Extract, Ocimum Sanctum Leaf Extract, Beta-Glucan, Polyglutamic Acid, Pogostemon Cablin Oil, Vetiveria Zizanoides Root Oil, Guaiazulene<\/p>\n","protected":false},"excerpt":{"rendered":"<p>Creme calmante<br \/>\n  para uma hidrata\u00e7\u00e3o profunda e um acabamento suave com:\u00a0 GLYCYRRHIZA GLABRA (Licorice) ROOT EXTRACT<br \/>\n  200.000 ppm, PANTENOL 30.000 ppm, CALMZULEN(TM) 20.000 ppm, Gualazulane +<br \/>\n  Chamomilla recutita (Matricaria) extracto de flores e tecnologia POWER EFFECT<br \/>\n  100\u2122 (m\u00e9todo de extrac\u00e7\u00e3o de ingredientes por 100 horas, atrav\u00e9s de 72 horas<br \/>\n  de extrac\u00e7\u00e3o ultra-s\u00f3nica e 28 horas de armazenamento a baixa temperatura).<\/p>\n","protected":false},"featured_media":20937,"comment_status":"closed","ping_status":"closed","template":"","meta":[],"product_brand":[],"product_cat":[666,665],"product_tag":[],"class_list":{"0":"post-21051","1":"product","2":"type-product","3":"status-publish","4":"has-post-thumbnail","6":"product_cat-creme","7":"product_cat-power-10-pt-pt","9":"first","10":"instock","11":"shipping-taxable","12":"purchasable","13":"product-type-simple"},"yoast_head":"<!-- This site is optimized with the Yoast SEO plugin v27.2 - https:\/\/yoast.com\/product\/yoast-seo-wordpress\/ -->\n<title>Power 10 F\u00f3rmula Li Creme De Firefighter - Its Skin<\/title>\n<meta name=\"robots\" content=\"index, follow, max-snippet:-1, max-image-preview:large, max-video-preview:-1\" \/>\n<link rel=\"canonical\" href=\"https:\/\/itsskinbeauty.eu\/pt-pt\/producto\/power-10-formula-li-cream-firefighter\/\" \/>\n<meta property=\"og:locale\" content=\"pt_PT\" \/>\n<meta property=\"og:type\" content=\"article\" \/>\n<meta property=\"og:title\" content=\"Power 10 F\u00f3rmula Li Creme De Firefighter - Its Skin\" \/>\n<meta property=\"og:description\" content=\"Creme calmante  para uma hidrata\u00e7\u00e3o profunda e um acabamento suave com:\u00a0 GLYCYRRHIZA GLABRA (Licorice) ROOT EXTRACT  200.000 ppm, PANTENOL 30.000 ppm, CALMZULEN(TM) 20.000 ppm, Gualazulane +  Chamomilla recutita (Matricaria) extracto de flores e tecnologia POWER EFFECT  100\u2122 (m\u00e9todo de extrac\u00e7\u00e3o de ingredientes por 100 horas, atrav\u00e9s de 72 horas  de extrac\u00e7\u00e3o ultra-s\u00f3nica e 28 horas de armazenamento a baixa temperatura).\" \/>\n<meta property=\"og:url\" content=\"https:\/\/itsskinbeauty.eu\/pt-pt\/producto\/power-10-formula-li-cream-firefighter\/\" \/>\n<meta property=\"og:site_name\" content=\"Its Skin\" \/>\n<meta property=\"article:modified_time\" content=\"2023-05-09T10:30:45+00:00\" \/>\n<meta property=\"og:image\" content=\"https:\/\/itsskinbeauty.eu\/wp-content\/uploads\/2023\/04\/ITS039_8809663575298_1.jpg\" \/>\n\t<meta property=\"og:image:width\" content=\"800\" \/>\n\t<meta property=\"og:image:height\" content=\"800\" \/>\n\t<meta property=\"og:image:type\" content=\"image\/jpeg\" \/>\n<meta name=\"twitter:card\" content=\"summary_large_image\" \/>\n<meta name=\"twitter:label1\" content=\"Tempo estimado de leitura\" \/>\n\t<meta name=\"twitter:data1\" content=\"1 minuto\" \/>\n<script type=\"application\/ld+json\" class=\"yoast-schema-graph\">{\"@context\":\"https:\/\/schema.org\",\"@graph\":[{\"@type\":\"WebPage\",\"@id\":\"https:\/\/itsskinbeauty.eu\/pt-pt\/producto\/power-10-formula-li-cream-firefighter\/\",\"url\":\"https:\/\/itsskinbeauty.eu\/pt-pt\/producto\/power-10-formula-li-cream-firefighter\/\",\"name\":\"Power 10 F\u00f3rmula Li Creme De Firefighter - Its Skin\",\"isPartOf\":{\"@id\":\"https:\/\/itsskinbeauty.eu\/pt-pt\/#website\"},\"primaryImageOfPage\":{\"@id\":\"https:\/\/itsskinbeauty.eu\/pt-pt\/producto\/power-10-formula-li-cream-firefighter\/#primaryimage\"},\"image\":{\"@id\":\"https:\/\/itsskinbeauty.eu\/pt-pt\/producto\/power-10-formula-li-cream-firefighter\/#primaryimage\"},\"thumbnailUrl\":\"https:\/\/itsskinbeauty.eu\/wp-content\/uploads\/2023\/04\/ITS039_8809663575298_1.jpg\",\"datePublished\":\"2023-04-27T12:16:31+00:00\",\"dateModified\":\"2023-05-09T10:30:45+00:00\",\"breadcrumb\":{\"@id\":\"https:\/\/itsskinbeauty.eu\/pt-pt\/producto\/power-10-formula-li-cream-firefighter\/#breadcrumb\"},\"inLanguage\":\"pt-PT\",\"potentialAction\":[{\"@type\":\"ReadAction\",\"target\":[\"https:\/\/itsskinbeauty.eu\/pt-pt\/producto\/power-10-formula-li-cream-firefighter\/\"]}]},{\"@type\":\"ImageObject\",\"inLanguage\":\"pt-PT\",\"@id\":\"https:\/\/itsskinbeauty.eu\/pt-pt\/producto\/power-10-formula-li-cream-firefighter\/#primaryimage\",\"url\":\"https:\/\/itsskinbeauty.eu\/wp-content\/uploads\/2023\/04\/ITS039_8809663575298_1.jpg\",\"contentUrl\":\"https:\/\/itsskinbeauty.eu\/wp-content\/uploads\/2023\/04\/ITS039_8809663575298_1.jpg\",\"width\":800,\"height\":800},{\"@type\":\"BreadcrumbList\",\"@id\":\"https:\/\/itsskinbeauty.eu\/pt-pt\/producto\/power-10-formula-li-cream-firefighter\/#breadcrumb\",\"itemListElement\":[{\"@type\":\"ListItem\",\"position\":1,\"name\":\"Portada\",\"item\":\"https:\/\/itsskinbeauty.eu\/pt-pt\/\"},{\"@type\":\"ListItem\",\"position\":2,\"name\":\"Tienda\",\"item\":\"https:\/\/itsskinbeauty.eu\/tienda\/\"},{\"@type\":\"ListItem\",\"position\":3,\"name\":\"Power 10 F\u00f3rmula Li Creme De Firefighter\"}]},{\"@type\":\"WebSite\",\"@id\":\"https:\/\/itsskinbeauty.eu\/pt-pt\/#website\",\"url\":\"https:\/\/itsskinbeauty.eu\/pt-pt\/\",\"name\":\"Its Skin\",\"description\":\"Its Skin Europe\",\"potentialAction\":[{\"@type\":\"SearchAction\",\"target\":{\"@type\":\"EntryPoint\",\"urlTemplate\":\"https:\/\/itsskinbeauty.eu\/pt-pt\/?s={search_term_string}\"},\"query-input\":{\"@type\":\"PropertyValueSpecification\",\"valueRequired\":true,\"valueName\":\"search_term_string\"}}],\"inLanguage\":\"pt-PT\"}]}<\/script>\n<!-- \/ Yoast SEO plugin. -->","yoast_head_json":{"title":"Power 10 F\u00f3rmula Li Creme De Firefighter - Its Skin","robots":{"index":"index","follow":"follow","max-snippet":"max-snippet:-1","max-image-preview":"max-image-preview:large","max-video-preview":"max-video-preview:-1"},"canonical":"https:\/\/itsskinbeauty.eu\/pt-pt\/producto\/power-10-formula-li-cream-firefighter\/","og_locale":"pt_PT","og_type":"article","og_title":"Power 10 F\u00f3rmula Li Creme De Firefighter - Its Skin","og_description":"Creme calmante  para uma hidrata\u00e7\u00e3o profunda e um acabamento suave com:\u00a0 GLYCYRRHIZA GLABRA (Licorice) ROOT EXTRACT  200.000 ppm, PANTENOL 30.000 ppm, CALMZULEN(TM) 20.000 ppm, Gualazulane +  Chamomilla recutita (Matricaria) extracto de flores e tecnologia POWER EFFECT  100\u2122 (m\u00e9todo de extrac\u00e7\u00e3o de ingredientes por 100 horas, atrav\u00e9s de 72 horas  de extrac\u00e7\u00e3o ultra-s\u00f3nica e 28 horas de armazenamento a baixa temperatura).","og_url":"https:\/\/itsskinbeauty.eu\/pt-pt\/producto\/power-10-formula-li-cream-firefighter\/","og_site_name":"Its Skin","article_modified_time":"2023-05-09T10:30:45+00:00","og_image":[{"width":800,"height":800,"url":"https:\/\/itsskinbeauty.eu\/wp-content\/uploads\/2023\/04\/ITS039_8809663575298_1.jpg","type":"image\/jpeg"}],"twitter_card":"summary_large_image","twitter_misc":{"Tempo estimado de leitura":"1 minuto"},"schema":{"@context":"https:\/\/schema.org","@graph":[{"@type":"WebPage","@id":"https:\/\/itsskinbeauty.eu\/pt-pt\/producto\/power-10-formula-li-cream-firefighter\/","url":"https:\/\/itsskinbeauty.eu\/pt-pt\/producto\/power-10-formula-li-cream-firefighter\/","name":"Power 10 F\u00f3rmula Li Creme De Firefighter - Its Skin","isPartOf":{"@id":"https:\/\/itsskinbeauty.eu\/pt-pt\/#website"},"primaryImageOfPage":{"@id":"https:\/\/itsskinbeauty.eu\/pt-pt\/producto\/power-10-formula-li-cream-firefighter\/#primaryimage"},"image":{"@id":"https:\/\/itsskinbeauty.eu\/pt-pt\/producto\/power-10-formula-li-cream-firefighter\/#primaryimage"},"thumbnailUrl":"https:\/\/itsskinbeauty.eu\/wp-content\/uploads\/2023\/04\/ITS039_8809663575298_1.jpg","datePublished":"2023-04-27T12:16:31+00:00","dateModified":"2023-05-09T10:30:45+00:00","breadcrumb":{"@id":"https:\/\/itsskinbeauty.eu\/pt-pt\/producto\/power-10-formula-li-cream-firefighter\/#breadcrumb"},"inLanguage":"pt-PT","potentialAction":[{"@type":"ReadAction","target":["https:\/\/itsskinbeauty.eu\/pt-pt\/producto\/power-10-formula-li-cream-firefighter\/"]}]},{"@type":"ImageObject","inLanguage":"pt-PT","@id":"https:\/\/itsskinbeauty.eu\/pt-pt\/producto\/power-10-formula-li-cream-firefighter\/#primaryimage","url":"https:\/\/itsskinbeauty.eu\/wp-content\/uploads\/2023\/04\/ITS039_8809663575298_1.jpg","contentUrl":"https:\/\/itsskinbeauty.eu\/wp-content\/uploads\/2023\/04\/ITS039_8809663575298_1.jpg","width":800,"height":800},{"@type":"BreadcrumbList","@id":"https:\/\/itsskinbeauty.eu\/pt-pt\/producto\/power-10-formula-li-cream-firefighter\/#breadcrumb","itemListElement":[{"@type":"ListItem","position":1,"name":"Portada","item":"https:\/\/itsskinbeauty.eu\/pt-pt\/"},{"@type":"ListItem","position":2,"name":"Tienda","item":"https:\/\/itsskinbeauty.eu\/tienda\/"},{"@type":"ListItem","position":3,"name":"Power 10 F\u00f3rmula Li Creme De Firefighter"}]},{"@type":"WebSite","@id":"https:\/\/itsskinbeauty.eu\/pt-pt\/#website","url":"https:\/\/itsskinbeauty.eu\/pt-pt\/","name":"Its Skin","description":"Its Skin Europe","potentialAction":[{"@type":"SearchAction","target":{"@type":"EntryPoint","urlTemplate":"https:\/\/itsskinbeauty.eu\/pt-pt\/?s={search_term_string}"},"query-input":{"@type":"PropertyValueSpecification","valueRequired":true,"valueName":"search_term_string"}}],"inLanguage":"pt-PT"}]}},"_links":{"self":[{"href":"https:\/\/itsskinbeauty.eu\/pt-pt\/wp-json\/wp\/v2\/product\/21051","targetHints":{"allow":["GET"]}}],"collection":[{"href":"https:\/\/itsskinbeauty.eu\/pt-pt\/wp-json\/wp\/v2\/product"}],"about":[{"href":"https:\/\/itsskinbeauty.eu\/pt-pt\/wp-json\/wp\/v2\/types\/product"}],"replies":[{"embeddable":true,"href":"https:\/\/itsskinbeauty.eu\/pt-pt\/wp-json\/wp\/v2\/comments?post=21051"}],"wp:featuredmedia":[{"embeddable":true,"href":"https:\/\/itsskinbeauty.eu\/pt-pt\/wp-json\/wp\/v2\/media\/20937"}],"wp:attachment":[{"href":"https:\/\/itsskinbeauty.eu\/pt-pt\/wp-json\/wp\/v2\/media?parent=21051"}],"wp:term":[{"taxonomy":"product_brand","embeddable":true,"href":"https:\/\/itsskinbeauty.eu\/pt-pt\/wp-json\/wp\/v2\/product_brand?post=21051"},{"taxonomy":"product_cat","embeddable":true,"href":"https:\/\/itsskinbeauty.eu\/pt-pt\/wp-json\/wp\/v2\/product_cat?post=21051"},{"taxonomy":"product_tag","embeddable":true,"href":"https:\/\/itsskinbeauty.eu\/pt-pt\/wp-json\/wp\/v2\/product_tag?post=21051"}],"curies":[{"name":"wp","href":"https:\/\/api.w.org\/{rel}","templated":true}]}}