{"id":21037,"date":"2023-04-27T12:17:01","date_gmt":"2023-04-27T12:17:01","guid":{"rendered":"https:\/\/itsskinbeauty.eu\/producto\/the-fresh-mask-sheet-lemon\/"},"modified":"2023-05-09T10:30:20","modified_gmt":"2023-05-09T10:30:20","slug":"the-fresh-mask-sheet-lemon","status":"publish","type":"product","link":"https:\/\/itsskinbeauty.eu\/pt-pt\/producto\/the-fresh-mask-sheet-lemon\/","title":{"rendered":"The Fresh M\u00e1scara De Lim\u00e3o"},"content":{"rendered":"<h4>Como utilizar<\/h4>\n<p>Ap\u00f3s a limpeza e do t\u00f3nico, aplicar a m\u00e1scara no rosto e esperar 15~20 minutos. Remov\u00ea-lo ap\u00f3s este tempo e espalhar a ess\u00eancia restante at\u00e9 ser completamente absorvido.<\/p>\n<p><\/p>\n<h4>Ingredientes<\/h4>\n<p>Aqua(Water), Glycerin, Niacinamide, Dipropylene Glycol, Butylene Glycol, 1,2-Hexanediol, Hydroxyethylcellulose, Peg-60 Hydrogenated Castor Oil, Chlorphenesin, Trehalose, Arginine, Carbomer, Allantoin, Camellia Sinensis Leaf Extract, Zingiber Officinale (Ginger) Root Extract, Glycyrrhiza Glabra (Licorice) Root Extract, Schizandra Chinensis Fruit Extract, Coptis Japonica Root Extract, Citrus Grandis (Grapefruit) Seed Extract, Disodium Edta, Parfum(Fragrance), Dipotassium Glycyrrhizate, Panthenol, Acorus Calamus Root Extract, Caprylyl Glycol, Sodium Hyaluronate, Citrus Limon (Lemon) Fruit Extract, Perilla Ocymoides Leaf Extract, Citral, Limonene<\/p>\n","protected":false},"excerpt":{"rendered":"<p>A m\u00e1scara<br \/>\n  Fresh Mask Lemon cont\u00e9m extracto de frutos do lim\u00e3o que ilumina a pele.<\/p>\n","protected":false},"featured_media":20952,"comment_status":"closed","ping_status":"closed","template":"","meta":[],"product_brand":[],"product_cat":[664],"product_tag":[],"class_list":{"0":"post-21037","1":"product","2":"type-product","3":"status-publish","4":"has-post-thumbnail","6":"product_cat-mascara","8":"first","9":"instock","10":"shipping-taxable","11":"purchasable","12":"product-type-simple"},"yoast_head":"<!-- This site is optimized with the Yoast SEO plugin v27.2 - https:\/\/yoast.com\/product\/yoast-seo-wordpress\/ -->\n<title>The Fresh M\u00e1scara De Lim\u00e3o - Its Skin<\/title>\n<meta name=\"robots\" content=\"index, follow, max-snippet:-1, max-image-preview:large, max-video-preview:-1\" \/>\n<link rel=\"canonical\" href=\"https:\/\/itsskinbeauty.eu\/pt-pt\/producto\/the-fresh-mask-sheet-lemon\/\" \/>\n<meta property=\"og:locale\" content=\"pt_PT\" \/>\n<meta property=\"og:type\" content=\"article\" \/>\n<meta property=\"og:title\" content=\"The Fresh M\u00e1scara De Lim\u00e3o - Its Skin\" \/>\n<meta property=\"og:description\" content=\"A m\u00e1scara  Fresh Mask Lemon cont\u00e9m extracto de frutos do lim\u00e3o que ilumina a pele.\" \/>\n<meta property=\"og:url\" content=\"https:\/\/itsskinbeauty.eu\/pt-pt\/producto\/the-fresh-mask-sheet-lemon\/\" \/>\n<meta property=\"og:site_name\" content=\"Its Skin\" \/>\n<meta property=\"article:modified_time\" content=\"2023-05-09T10:30:20+00:00\" \/>\n<meta property=\"og:image\" content=\"https:\/\/itsskinbeauty.eu\/wp-content\/uploads\/2023\/04\/ITS053_8809541209253.jpg\" \/>\n\t<meta property=\"og:image:width\" content=\"800\" \/>\n\t<meta property=\"og:image:height\" content=\"800\" \/>\n\t<meta property=\"og:image:type\" content=\"image\/jpeg\" \/>\n<meta name=\"twitter:card\" content=\"summary_large_image\" \/>\n<meta name=\"twitter:label1\" content=\"Tempo estimado de leitura\" \/>\n\t<meta name=\"twitter:data1\" content=\"1 minuto\" \/>\n<script type=\"application\/ld+json\" class=\"yoast-schema-graph\">{\"@context\":\"https:\/\/schema.org\",\"@graph\":[{\"@type\":\"WebPage\",\"@id\":\"https:\/\/itsskinbeauty.eu\/pt-pt\/producto\/the-fresh-mask-sheet-lemon\/\",\"url\":\"https:\/\/itsskinbeauty.eu\/pt-pt\/producto\/the-fresh-mask-sheet-lemon\/\",\"name\":\"The Fresh M\u00e1scara De Lim\u00e3o - Its Skin\",\"isPartOf\":{\"@id\":\"https:\/\/itsskinbeauty.eu\/pt-pt\/#website\"},\"primaryImageOfPage\":{\"@id\":\"https:\/\/itsskinbeauty.eu\/pt-pt\/producto\/the-fresh-mask-sheet-lemon\/#primaryimage\"},\"image\":{\"@id\":\"https:\/\/itsskinbeauty.eu\/pt-pt\/producto\/the-fresh-mask-sheet-lemon\/#primaryimage\"},\"thumbnailUrl\":\"https:\/\/itsskinbeauty.eu\/wp-content\/uploads\/2023\/04\/ITS053_8809541209253.jpg\",\"datePublished\":\"2023-04-27T12:17:01+00:00\",\"dateModified\":\"2023-05-09T10:30:20+00:00\",\"breadcrumb\":{\"@id\":\"https:\/\/itsskinbeauty.eu\/pt-pt\/producto\/the-fresh-mask-sheet-lemon\/#breadcrumb\"},\"inLanguage\":\"pt-PT\",\"potentialAction\":[{\"@type\":\"ReadAction\",\"target\":[\"https:\/\/itsskinbeauty.eu\/pt-pt\/producto\/the-fresh-mask-sheet-lemon\/\"]}]},{\"@type\":\"ImageObject\",\"inLanguage\":\"pt-PT\",\"@id\":\"https:\/\/itsskinbeauty.eu\/pt-pt\/producto\/the-fresh-mask-sheet-lemon\/#primaryimage\",\"url\":\"https:\/\/itsskinbeauty.eu\/wp-content\/uploads\/2023\/04\/ITS053_8809541209253.jpg\",\"contentUrl\":\"https:\/\/itsskinbeauty.eu\/wp-content\/uploads\/2023\/04\/ITS053_8809541209253.jpg\",\"width\":800,\"height\":800},{\"@type\":\"BreadcrumbList\",\"@id\":\"https:\/\/itsskinbeauty.eu\/pt-pt\/producto\/the-fresh-mask-sheet-lemon\/#breadcrumb\",\"itemListElement\":[{\"@type\":\"ListItem\",\"position\":1,\"name\":\"Portada\",\"item\":\"https:\/\/itsskinbeauty.eu\/pt-pt\/\"},{\"@type\":\"ListItem\",\"position\":2,\"name\":\"Tienda\",\"item\":\"https:\/\/itsskinbeauty.eu\/tienda\/\"},{\"@type\":\"ListItem\",\"position\":3,\"name\":\"The Fresh M\u00e1scara De Lim\u00e3o\"}]},{\"@type\":\"WebSite\",\"@id\":\"https:\/\/itsskinbeauty.eu\/pt-pt\/#website\",\"url\":\"https:\/\/itsskinbeauty.eu\/pt-pt\/\",\"name\":\"Its Skin\",\"description\":\"Its Skin Europe\",\"potentialAction\":[{\"@type\":\"SearchAction\",\"target\":{\"@type\":\"EntryPoint\",\"urlTemplate\":\"https:\/\/itsskinbeauty.eu\/pt-pt\/?s={search_term_string}\"},\"query-input\":{\"@type\":\"PropertyValueSpecification\",\"valueRequired\":true,\"valueName\":\"search_term_string\"}}],\"inLanguage\":\"pt-PT\"}]}<\/script>\n<!-- \/ Yoast SEO plugin. -->","yoast_head_json":{"title":"The Fresh M\u00e1scara De Lim\u00e3o - Its Skin","robots":{"index":"index","follow":"follow","max-snippet":"max-snippet:-1","max-image-preview":"max-image-preview:large","max-video-preview":"max-video-preview:-1"},"canonical":"https:\/\/itsskinbeauty.eu\/pt-pt\/producto\/the-fresh-mask-sheet-lemon\/","og_locale":"pt_PT","og_type":"article","og_title":"The Fresh M\u00e1scara De Lim\u00e3o - Its Skin","og_description":"A m\u00e1scara  Fresh Mask Lemon cont\u00e9m extracto de frutos do lim\u00e3o que ilumina a pele.","og_url":"https:\/\/itsskinbeauty.eu\/pt-pt\/producto\/the-fresh-mask-sheet-lemon\/","og_site_name":"Its Skin","article_modified_time":"2023-05-09T10:30:20+00:00","og_image":[{"width":800,"height":800,"url":"https:\/\/itsskinbeauty.eu\/wp-content\/uploads\/2023\/04\/ITS053_8809541209253.jpg","type":"image\/jpeg"}],"twitter_card":"summary_large_image","twitter_misc":{"Tempo estimado de leitura":"1 minuto"},"schema":{"@context":"https:\/\/schema.org","@graph":[{"@type":"WebPage","@id":"https:\/\/itsskinbeauty.eu\/pt-pt\/producto\/the-fresh-mask-sheet-lemon\/","url":"https:\/\/itsskinbeauty.eu\/pt-pt\/producto\/the-fresh-mask-sheet-lemon\/","name":"The Fresh M\u00e1scara De Lim\u00e3o - Its Skin","isPartOf":{"@id":"https:\/\/itsskinbeauty.eu\/pt-pt\/#website"},"primaryImageOfPage":{"@id":"https:\/\/itsskinbeauty.eu\/pt-pt\/producto\/the-fresh-mask-sheet-lemon\/#primaryimage"},"image":{"@id":"https:\/\/itsskinbeauty.eu\/pt-pt\/producto\/the-fresh-mask-sheet-lemon\/#primaryimage"},"thumbnailUrl":"https:\/\/itsskinbeauty.eu\/wp-content\/uploads\/2023\/04\/ITS053_8809541209253.jpg","datePublished":"2023-04-27T12:17:01+00:00","dateModified":"2023-05-09T10:30:20+00:00","breadcrumb":{"@id":"https:\/\/itsskinbeauty.eu\/pt-pt\/producto\/the-fresh-mask-sheet-lemon\/#breadcrumb"},"inLanguage":"pt-PT","potentialAction":[{"@type":"ReadAction","target":["https:\/\/itsskinbeauty.eu\/pt-pt\/producto\/the-fresh-mask-sheet-lemon\/"]}]},{"@type":"ImageObject","inLanguage":"pt-PT","@id":"https:\/\/itsskinbeauty.eu\/pt-pt\/producto\/the-fresh-mask-sheet-lemon\/#primaryimage","url":"https:\/\/itsskinbeauty.eu\/wp-content\/uploads\/2023\/04\/ITS053_8809541209253.jpg","contentUrl":"https:\/\/itsskinbeauty.eu\/wp-content\/uploads\/2023\/04\/ITS053_8809541209253.jpg","width":800,"height":800},{"@type":"BreadcrumbList","@id":"https:\/\/itsskinbeauty.eu\/pt-pt\/producto\/the-fresh-mask-sheet-lemon\/#breadcrumb","itemListElement":[{"@type":"ListItem","position":1,"name":"Portada","item":"https:\/\/itsskinbeauty.eu\/pt-pt\/"},{"@type":"ListItem","position":2,"name":"Tienda","item":"https:\/\/itsskinbeauty.eu\/tienda\/"},{"@type":"ListItem","position":3,"name":"The Fresh M\u00e1scara De Lim\u00e3o"}]},{"@type":"WebSite","@id":"https:\/\/itsskinbeauty.eu\/pt-pt\/#website","url":"https:\/\/itsskinbeauty.eu\/pt-pt\/","name":"Its Skin","description":"Its Skin Europe","potentialAction":[{"@type":"SearchAction","target":{"@type":"EntryPoint","urlTemplate":"https:\/\/itsskinbeauty.eu\/pt-pt\/?s={search_term_string}"},"query-input":{"@type":"PropertyValueSpecification","valueRequired":true,"valueName":"search_term_string"}}],"inLanguage":"pt-PT"}]}},"_links":{"self":[{"href":"https:\/\/itsskinbeauty.eu\/pt-pt\/wp-json\/wp\/v2\/product\/21037","targetHints":{"allow":["GET"]}}],"collection":[{"href":"https:\/\/itsskinbeauty.eu\/pt-pt\/wp-json\/wp\/v2\/product"}],"about":[{"href":"https:\/\/itsskinbeauty.eu\/pt-pt\/wp-json\/wp\/v2\/types\/product"}],"replies":[{"embeddable":true,"href":"https:\/\/itsskinbeauty.eu\/pt-pt\/wp-json\/wp\/v2\/comments?post=21037"}],"wp:featuredmedia":[{"embeddable":true,"href":"https:\/\/itsskinbeauty.eu\/pt-pt\/wp-json\/wp\/v2\/media\/20952"}],"wp:attachment":[{"href":"https:\/\/itsskinbeauty.eu\/pt-pt\/wp-json\/wp\/v2\/media?parent=21037"}],"wp:term":[{"taxonomy":"product_brand","embeddable":true,"href":"https:\/\/itsskinbeauty.eu\/pt-pt\/wp-json\/wp\/v2\/product_brand?post=21037"},{"taxonomy":"product_cat","embeddable":true,"href":"https:\/\/itsskinbeauty.eu\/pt-pt\/wp-json\/wp\/v2\/product_cat?post=21037"},{"taxonomy":"product_tag","embeddable":true,"href":"https:\/\/itsskinbeauty.eu\/pt-pt\/wp-json\/wp\/v2\/product_tag?post=21037"}],"curies":[{"name":"wp","href":"https:\/\/api.w.org\/{rel}","templated":true}]}}